{"id":1063,"date":"2024-04-04T08:55:54","date_gmt":"2024-04-04T08:55:54","guid":{"rendered":"https:\/\/grupos.unileon.es\/atmos\/?page_id=1063"},"modified":"2024-06-06T10:12:37","modified_gmt":"2024-06-06T10:12:37","slug":"aerohealth","status":"publish","type":"page","link":"https:\/\/grupos.unileon.es\/atmos\/proyectos\/aerohealth\/","title":{"rendered":"AEROHEALTH"},"content":{"rendered":"<p><strong>Relaci\u00f3n entre el bioaerosol y otros contaminantes: efectos sobre las respuestas al\u00e9rgicas en diferentes escenarios atmosf\u00e9ricos.<\/strong> (PID2019-106164RB-I00)<\/p>\n<p>&nbsp;<\/p>\n<p>DURACI\u00d3N DEL PROYECTO<\/p>\n<p>01\/06\/2020 &#8211; 31\/05\/2023<\/p>\n<p>&nbsp;<\/p>\n<p>MIEMBROS<\/p>\n<p>Roberto Fraile Laiz<\/p>\n<p>Ana Isabel Calvo Gordaliza<\/p>\n<p>Mar\u00eda Delia Fern\u00e1ndez Gonz\u00e1lez<\/p>\n<p>Rosa Mar\u00eda Valencia Barrera<\/p>\n<p>Ana Mar\u00eda Vega Maray<\/p>\n<p>Alicia Armentia Medina<\/p>\n<p>Amaya Castro Izquierdo<\/p>\n<p>Benito Fraile Laiz<\/p>\n<p>&nbsp;<\/p>\n<p>ENTIDAD FINANCIERA<\/p>\n<p>Ministerio de econom\u00eda y competitividad<\/p>\n","protected":false},"excerpt":{"rendered":"<p>Relaci\u00f3n entre el bioaerosol y otros contaminantes: efectos sobre las respuestas al\u00e9rgicas en diferentes escenarios atmosf\u00e9ricos. (PID2019-106164RB-I00) &nbsp; DURACI\u00d3N DEL PROYECTO 01\/06\/2020 &#8211; 31\/05\/2023 &nbsp; MIEMBROS Roberto Fraile Laiz Ana Isabel Calvo Gordaliza Mar\u00eda Delia Fern\u00e1ndez Gonz\u00e1lez Rosa Mar\u00eda Valencia Barrera Ana Mar\u00eda Vega Maray Alicia Armentia Medina Amaya Castro Izquierdo Benito Fraile Laiz &nbsp; [&hellip;]<\/p>\n","protected":false},"author":105,"featured_media":0,"parent":404,"menu_order":0,"comment_status":"closed","ping_status":"closed","template":"","meta":{"footnotes":""},"class_list":["post-1063","page","type-page","status-publish","hentry"],"_links":{"self":[{"href":"https:\/\/grupos.unileon.es\/atmos\/wp-json\/wp\/v2\/pages\/1063","targetHints":{"allow":["GET"]}}],"collection":[{"href":"https:\/\/grupos.unileon.es\/atmos\/wp-json\/wp\/v2\/pages"}],"about":[{"href":"https:\/\/grupos.unileon.es\/atmos\/wp-json\/wp\/v2\/types\/page"}],"author":[{"embeddable":true,"href":"https:\/\/grupos.unileon.es\/atmos\/wp-json\/wp\/v2\/users\/105"}],"replies":[{"embeddable":true,"href":"https:\/\/grupos.unileon.es\/atmos\/wp-json\/wp\/v2\/comments?post=1063"}],"version-history":[{"count":3,"href":"https:\/\/grupos.unileon.es\/atmos\/wp-json\/wp\/v2\/pages\/1063\/revisions"}],"predecessor-version":[{"id":1091,"href":"https:\/\/grupos.unileon.es\/atmos\/wp-json\/wp\/v2\/pages\/1063\/revisions\/1091"}],"up":[{"embeddable":true,"href":"https:\/\/grupos.unileon.es\/atmos\/wp-json\/wp\/v2\/pages\/404"}],"wp:attachment":[{"href":"https:\/\/grupos.unileon.es\/atmos\/wp-json\/wp\/v2\/media?parent=1063"}],"curies":[{"name":"wp","href":"https:\/\/api.w.org\/{rel}","templated":true}]}}