{"id":1065,"date":"2024-04-04T08:55:55","date_gmt":"2024-04-04T08:55:55","guid":{"rendered":"https:\/\/grupos.unileon.es\/atmos\/?page_id=1065"},"modified":"2024-06-06T10:13:13","modified_gmt":"2024-06-06T10:13:13","slug":"c3health","status":"publish","type":"page","link":"https:\/\/grupos.unileon.es\/atmos\/proyectos\/c3health\/","title":{"rendered":"C3HEALTH"},"content":{"rendered":"<p><strong>How does the coal combustion in domestic devices affect health and climate? Study in an urban area with high consumption of coal (C3HEALTH).<\/strong> (TED2021-132292B-IO0)<\/p>\n<p>&nbsp;<\/p>\n<p>DURACI\u00d3N DEL PROYECTO<\/p>\n<p>01\/12\/2022 &#8211; 30\/11\/2024<\/p>\n<p>&nbsp;<\/p>\n<p>MIEMBROS<\/p>\n<p>Roberto Fraile Laiz<\/p>\n<p>Ana Isabel Calvo Gordaliza<\/p>\n<p>Estela Alexandra Vicente Domingoa<\/p>\n<p>C\u00e1tia Vanessa Maio Gon\u00e7alves<\/p>\n<p>Fernanda Isabel Oduber P\u00e9rez<\/p>\n<p>&nbsp;<\/p>\n<p>ENTIDAD FINANCIERA<\/p>\n<p>Ministerio de Ciencia y de Innovaci\u00f3n.<\/p>\n","protected":false},"excerpt":{"rendered":"<p>How does the coal combustion in domestic devices affect health and climate? Study in an urban area with high consumption of coal (C3HEALTH). (TED2021-132292B-IO0) &nbsp; DURACI\u00d3N DEL PROYECTO 01\/12\/2022 &#8211; 30\/11\/2024 &nbsp; MIEMBROS Roberto Fraile Laiz Ana Isabel Calvo Gordaliza Estela Alexandra Vicente Domingoa C\u00e1tia Vanessa Maio Gon\u00e7alves Fernanda Isabel Oduber P\u00e9rez &nbsp; ENTIDAD FINANCIERA [&hellip;]<\/p>\n","protected":false},"author":105,"featured_media":0,"parent":404,"menu_order":0,"comment_status":"closed","ping_status":"closed","template":"","meta":{"footnotes":""},"class_list":["post-1065","page","type-page","status-publish","hentry"],"_links":{"self":[{"href":"https:\/\/grupos.unileon.es\/atmos\/wp-json\/wp\/v2\/pages\/1065","targetHints":{"allow":["GET"]}}],"collection":[{"href":"https:\/\/grupos.unileon.es\/atmos\/wp-json\/wp\/v2\/pages"}],"about":[{"href":"https:\/\/grupos.unileon.es\/atmos\/wp-json\/wp\/v2\/types\/page"}],"author":[{"embeddable":true,"href":"https:\/\/grupos.unileon.es\/atmos\/wp-json\/wp\/v2\/users\/105"}],"replies":[{"embeddable":true,"href":"https:\/\/grupos.unileon.es\/atmos\/wp-json\/wp\/v2\/comments?post=1065"}],"version-history":[{"count":3,"href":"https:\/\/grupos.unileon.es\/atmos\/wp-json\/wp\/v2\/pages\/1065\/revisions"}],"predecessor-version":[{"id":1095,"href":"https:\/\/grupos.unileon.es\/atmos\/wp-json\/wp\/v2\/pages\/1065\/revisions\/1095"}],"up":[{"embeddable":true,"href":"https:\/\/grupos.unileon.es\/atmos\/wp-json\/wp\/v2\/pages\/404"}],"wp:attachment":[{"href":"https:\/\/grupos.unileon.es\/atmos\/wp-json\/wp\/v2\/media?parent=1065"}],"curies":[{"name":"wp","href":"https:\/\/api.w.org\/{rel}","templated":true}]}}