{"id":1179,"date":"2024-08-26T11:55:11","date_gmt":"2024-08-26T11:55:11","guid":{"rendered":"https:\/\/grupos.unileon.es\/atmos\/?page_id=1179"},"modified":"2024-08-28T11:56:37","modified_gmt":"2024-08-28T11:56:37","slug":"2024-plinius-conferences-on-mediterranean-risks-chania-greece","status":"publish","type":"page","link":"https:\/\/grupos.unileon.es\/atmos\/publicaciones\/congresos\/2024-plinius-conferences-on-mediterranean-risks-chania-greece\/","title":{"rendered":"2024 Plinius Conferences on Mediterranean Risks. Chania, Greece"},"content":{"rendered":"<p>Significance of emission sources identification for understanding the atmospheric load of Alternaria spores and Alt a 1 allergen.<\/p>\n<p><em>(Rodr\u00edguez-Fern\u00e1ndez Alberto, Blanco-Alegre Carlos, Aloisi Iris, Vega-Maray Ana Mar\u00edaValencia-Barrera Rosa Mar\u00eda, Suanno Chiara, Fraile Roberto, Calvo Ana Isabel, De Nuntiis Paola and Fern\u00e1ndez-Gonz\u00e1lez Delia)<\/em><\/p>\n<ul>\n<li><a href=\"https:\/\/grupos.unileon.es\/atmos\/files\/2024\/08\/2024_Plinius.pdf\">Abstract<\/a><\/li>\n<\/ul>\n","protected":false},"excerpt":{"rendered":"<p>Significance of emission sources identification for understanding the atmospheric load of Alternaria spores and Alt a 1 allergen. (Rodr\u00edguez-Fern\u00e1ndez Alberto, Blanco-Alegre Carlos, Aloisi Iris, Vega-Maray Ana Mar\u00edaValencia-Barrera Rosa Mar\u00eda, Suanno Chiara, Fraile Roberto, Calvo Ana Isabel, De Nuntiis Paola and Fern\u00e1ndez-Gonz\u00e1lez Delia) Abstract<\/p>\n","protected":false},"author":153,"featured_media":0,"parent":23,"menu_order":0,"comment_status":"closed","ping_status":"closed","template":"","meta":{"footnotes":""},"class_list":["post-1179","page","type-page","status-publish","hentry"],"_links":{"self":[{"href":"https:\/\/grupos.unileon.es\/atmos\/wp-json\/wp\/v2\/pages\/1179","targetHints":{"allow":["GET"]}}],"collection":[{"href":"https:\/\/grupos.unileon.es\/atmos\/wp-json\/wp\/v2\/pages"}],"about":[{"href":"https:\/\/grupos.unileon.es\/atmos\/wp-json\/wp\/v2\/types\/page"}],"author":[{"embeddable":true,"href":"https:\/\/grupos.unileon.es\/atmos\/wp-json\/wp\/v2\/users\/153"}],"replies":[{"embeddable":true,"href":"https:\/\/grupos.unileon.es\/atmos\/wp-json\/wp\/v2\/comments?post=1179"}],"version-history":[{"count":2,"href":"https:\/\/grupos.unileon.es\/atmos\/wp-json\/wp\/v2\/pages\/1179\/revisions"}],"predecessor-version":[{"id":1290,"href":"https:\/\/grupos.unileon.es\/atmos\/wp-json\/wp\/v2\/pages\/1179\/revisions\/1290"}],"up":[{"embeddable":true,"href":"https:\/\/grupos.unileon.es\/atmos\/wp-json\/wp\/v2\/pages\/23"}],"wp:attachment":[{"href":"https:\/\/grupos.unileon.es\/atmos\/wp-json\/wp\/v2\/media?parent=1179"}],"curies":[{"name":"wp","href":"https:\/\/api.w.org\/{rel}","templated":true}]}}