{"id":12,"date":"2016-08-02T21:35:28","date_gmt":"2016-08-02T21:35:28","guid":{"rendered":"http:\/\/grupos.unileon.es\/atmos\/?page_id=12"},"modified":"2024-06-13T11:06:05","modified_gmt":"2024-06-13T11:06:05","slug":"equipos-de-medida","status":"publish","type":"page","link":"https:\/\/grupos.unileon.es\/atmos\/equipos-de-medida\/","title":{"rendered":"EQUIPOS DE MEDIDA"},"content":{"rendered":"<h2><strong>Equipos de medida:<\/strong><\/h2>\n<ul>\n<li style=\"list-style-type: none;\">\n<ul>\n<li><a href=\"http:\/\/grupos.unileon.es\/atmos\/files\/2016\/08\/IMG_20160622_114513.jpg\">Estaci\u00f3n meteorol\u00f3gica<\/a><\/li>\n<li><a href=\"https:\/\/grupos.unileon.es\/atmos\/files\/2024\/06\/IMG_2241-scaled.jpg\">Disdr\u00f3metro l\u00e1ser<\/a>:\u00a0Utilizado para para medir la distribuci\u00f3n del tama\u00f1o de las gotas y la velocidad de los hidrometeoros que caen. Puede distinguir entre lluvia, granizo y copos de nieve individuales.<\/li>\n<li><a href=\"https:\/\/grupos.unileon.es\/atmos\/files\/2024\/06\/IMG_2243-scaled.jpg\">CIMEL:<\/a> Fot\u00f3metro solar. Instrumento dise\u00f1ado para la medida aut\u00f3noma y autom\u00e1tica de la radiancia solar directa y de cielo.<\/li>\n<li><a href=\"http:\/\/grupos.unileon.es\/atmos\/files\/2016\/08\/image.png\">PCASP:<\/a> (Passive Cavity Aerosol Spectrometer Probe): espectr\u00f3metro \u00f3ptico. Contador de part\u00edculas finas y gruesas.<\/li>\n<li><a href=\"http:\/\/grupos.unileon.es\/atmos\/files\/2016\/08\/IMG_20160622_115910.jpg\">SMPS<\/a>: contador de part\u00edculas ultrafinas.<\/li>\n<li><a href=\"https:\/\/grupos.unileon.es\/atmos\/files\/2024\/06\/IMG_2234-scaled.jpg\">WIBS<\/a>: toma de muestra y registro de la respuesta espectral a diversas fuentes de luz con diferente longitud de onda, obteniendo informaci\u00f3n de tama\u00f1os, formas y fluorescencia que permiten caracterizar los aerosoles y encontrar los tipos de bioaerosol que contiene la muestra.<\/li>\n<li>TCA (Total Carbon Analyzer): mide el contenido de carbono total de part\u00edculas de aerosol suspendidas en tiempo real para aplicaciones de monitoreo de la calidad del aire.<\/li>\n<li><a href=\"http:\/\/grupos.unileon.es\/atmos\/files\/2016\/08\/tecora.jpg\">Tecora<\/a>: captador de bajo volumen<\/li>\n<li><a href=\"http:\/\/grupos.unileon.es\/atmos\/files\/2016\/08\/CAV-completo.jpg\">CAV<\/a>: captador de alto volumen<\/li>\n<li><a href=\"https:\/\/grupos.unileon.es\/atmos\/files\/2024\/06\/IMG_2240-scaled.jpg\">Colector de deposici\u00f3n h\u00fameda y seca (Universidad de Aveiro)<\/a><\/li>\n<li><a href=\"https:\/\/grupos.unileon.es\/atmos\/files\/2024\/06\/IMG_2235-scaled.jpg\">Etal\u00f3metro (CIEMAT)<\/a>: monitor de Black Carbon. Recogida en continuo de muestra de aerosol sobre filtro, con medida simult\u00e1nea de la atenuaci\u00f3n de la luz transmitida en diferentes longitudes de onda para determinaci\u00f3n de la fuente emisora (identificaci\u00f3n de humo de biomasa), estudios de absorci\u00f3n de luz por el aerosol, transferencia radiativa, \u00f3ptica atmosf\u00e9rica.<\/li>\n<li><a href=\"http:\/\/grupos.unileon.es\/atmos\/files\/2016\/09\/IMG_20160830_112613.jpg\">Colector de polen<\/a><\/li>\n<li><a href=\"http:\/\/grupos.unileon.es\/atmos\/files\/2016\/09\/IMG_20160830_112600.jpg\">Colector de polen<\/a><\/li>\n<\/ul>\n<\/li>\n<\/ul>\n<p>&nbsp;<\/p>\n","protected":false},"excerpt":{"rendered":"<p>Equipos de medida: Estaci\u00f3n meteorol\u00f3gica Disdr\u00f3metro l\u00e1ser:\u00a0Utilizado para para medir la distribuci\u00f3n del tama\u00f1o de las gotas y la velocidad de los hidrometeoros que caen. Puede distinguir entre lluvia, granizo y copos de nieve individuales. CIMEL: Fot\u00f3metro solar. Instrumento dise\u00f1ado para la medida aut\u00f3noma y autom\u00e1tica de la radiancia solar directa y de cielo. PCASP: [&hellip;]<\/p>\n","protected":false},"author":61,"featured_media":0,"parent":0,"menu_order":0,"comment_status":"closed","ping_status":"closed","template":"","meta":{"footnotes":""},"class_list":["post-12","page","type-page","status-publish","hentry"],"_links":{"self":[{"href":"https:\/\/grupos.unileon.es\/atmos\/wp-json\/wp\/v2\/pages\/12","targetHints":{"allow":["GET"]}}],"collection":[{"href":"https:\/\/grupos.unileon.es\/atmos\/wp-json\/wp\/v2\/pages"}],"about":[{"href":"https:\/\/grupos.unileon.es\/atmos\/wp-json\/wp\/v2\/types\/page"}],"author":[{"embeddable":true,"href":"https:\/\/grupos.unileon.es\/atmos\/wp-json\/wp\/v2\/users\/61"}],"replies":[{"embeddable":true,"href":"https:\/\/grupos.unileon.es\/atmos\/wp-json\/wp\/v2\/comments?post=12"}],"version-history":[{"count":27,"href":"https:\/\/grupos.unileon.es\/atmos\/wp-json\/wp\/v2\/pages\/12\/revisions"}],"predecessor-version":[{"id":1139,"href":"https:\/\/grupos.unileon.es\/atmos\/wp-json\/wp\/v2\/pages\/12\/revisions\/1139"}],"wp:attachment":[{"href":"https:\/\/grupos.unileon.es\/atmos\/wp-json\/wp\/v2\/media?parent=12"}],"curies":[{"name":"wp","href":"https:\/\/api.w.org\/{rel}","templated":true}]}}