{"id":1201,"date":"2024-08-28T08:14:02","date_gmt":"2024-08-28T08:14:02","guid":{"rendered":"https:\/\/grupos.unileon.es\/atmos\/?page_id=1201"},"modified":"2024-08-28T11:43:37","modified_gmt":"2024-08-28T11:43:37","slug":"1201-2","status":"publish","type":"page","link":"https:\/\/grupos.unileon.es\/atmos\/publicaciones\/congresos\/1201-2\/","title":{"rendered":"2023 5th International Conference on Atmospheric Dust. Bari, Italia"},"content":{"rendered":"<p>Extreme Saharan Dust Outbreak in March 2022: Impact on the air quality of NW Spain.<\/p>\n<p><em>(C\u00e1tia Gon\u00e7alves, Estela Vicente, Ana Isabel Calvo, Carlos Blanco-Alegre, Alberto Rodr\u00edguez-Fern\u00e1ndez, Fabio Giardi, Silvia Nava, Giulia Calzolai, Darrel Baumgardner, Roberto Fraile)<\/em><\/p>\n<ul>\n<li><a href=\"https:\/\/grupos.unileon.es\/atmos\/files\/2024\/08\/2023_DUST_Catia_abstract.pdf\">Abstract<\/a><\/li>\n<li><a href=\"https:\/\/grupos.unileon.es\/atmos\/files\/2024\/08\/2023_DUST_CatiaGoncalves.pdf\">Poster<\/a><\/li>\n<\/ul>\n","protected":false},"excerpt":{"rendered":"<p>Extreme Saharan Dust Outbreak in March 2022: Impact on the air quality of NW Spain. (C\u00e1tia Gon\u00e7alves, Estela Vicente, Ana Isabel Calvo, Carlos Blanco-Alegre, Alberto Rodr\u00edguez-Fern\u00e1ndez, Fabio Giardi, Silvia Nava, Giulia Calzolai, Darrel Baumgardner, Roberto Fraile) Abstract Poster<\/p>\n","protected":false},"author":153,"featured_media":0,"parent":23,"menu_order":0,"comment_status":"closed","ping_status":"closed","template":"","meta":{"footnotes":""},"class_list":["post-1201","page","type-page","status-publish","hentry"],"_links":{"self":[{"href":"https:\/\/grupos.unileon.es\/atmos\/wp-json\/wp\/v2\/pages\/1201","targetHints":{"allow":["GET"]}}],"collection":[{"href":"https:\/\/grupos.unileon.es\/atmos\/wp-json\/wp\/v2\/pages"}],"about":[{"href":"https:\/\/grupos.unileon.es\/atmos\/wp-json\/wp\/v2\/types\/page"}],"author":[{"embeddable":true,"href":"https:\/\/grupos.unileon.es\/atmos\/wp-json\/wp\/v2\/users\/153"}],"replies":[{"embeddable":true,"href":"https:\/\/grupos.unileon.es\/atmos\/wp-json\/wp\/v2\/comments?post=1201"}],"version-history":[{"count":3,"href":"https:\/\/grupos.unileon.es\/atmos\/wp-json\/wp\/v2\/pages\/1201\/revisions"}],"predecessor-version":[{"id":1283,"href":"https:\/\/grupos.unileon.es\/atmos\/wp-json\/wp\/v2\/pages\/1201\/revisions\/1283"}],"up":[{"embeddable":true,"href":"https:\/\/grupos.unileon.es\/atmos\/wp-json\/wp\/v2\/pages\/23"}],"wp:attachment":[{"href":"https:\/\/grupos.unileon.es\/atmos\/wp-json\/wp\/v2\/media?parent=1201"}],"curies":[{"name":"wp","href":"https:\/\/api.w.org\/{rel}","templated":true}]}}