{"id":1217,"date":"2024-08-28T08:31:45","date_gmt":"2024-08-28T08:31:45","guid":{"rendered":"https:\/\/grupos.unileon.es\/atmos\/?page_id=1217"},"modified":"2024-08-28T11:54:52","modified_gmt":"2024-08-28T11:54:52","slug":"2024-world-aerobiology-vilnius-lituania","status":"publish","type":"page","link":"https:\/\/grupos.unileon.es\/atmos\/publicaciones\/congresos\/2024-world-aerobiology-vilnius-lituania\/","title":{"rendered":"2024 World Aerobiology. Vilnius, Lituania"},"content":{"rendered":"<p>The impact of rainfall on airborne dynamics of Alternaria spores and its major allergen Alt a 1: A preliminary study.<\/p>\n<p><em>(Alberto Rodr\u00edguez-Fern\u00e1ndeza; Carlos Blanco-Alegre; Iris Aloisi; Ana Mar\u00eda VegaMaray; Rosa Mar\u00eda Valencia-Barrera; Chiara Suanno; Ana Calvo; Roberto Fraile; Delia Fern\u00e1ndez-Gonz\u00e1lez)<\/em><\/p>\n<ul>\n<li><a href=\"https:\/\/grupos.unileon.es\/atmos\/files\/2024\/08\/2024_AEC_Alberto_Abstract.pdf\">Abstract<\/a><\/li>\n<li><a href=\"https:\/\/grupos.unileon.es\/atmos\/files\/2024\/08\/2024_AEC_Alberto.pdf\">Poster<\/a><\/li>\n<\/ul>\n","protected":false},"excerpt":{"rendered":"<p>The impact of rainfall on airborne dynamics of Alternaria spores and its major allergen Alt a 1: A preliminary study. (Alberto Rodr\u00edguez-Fern\u00e1ndeza; Carlos Blanco-Alegre; Iris Aloisi; Ana Mar\u00eda VegaMaray; Rosa Mar\u00eda Valencia-Barrera; Chiara Suanno; Ana Calvo; Roberto Fraile; Delia Fern\u00e1ndez-Gonz\u00e1lez) Abstract Poster<\/p>\n","protected":false},"author":153,"featured_media":0,"parent":23,"menu_order":0,"comment_status":"closed","ping_status":"closed","template":"","meta":{"footnotes":""},"class_list":["post-1217","page","type-page","status-publish","hentry"],"_links":{"self":[{"href":"https:\/\/grupos.unileon.es\/atmos\/wp-json\/wp\/v2\/pages\/1217","targetHints":{"allow":["GET"]}}],"collection":[{"href":"https:\/\/grupos.unileon.es\/atmos\/wp-json\/wp\/v2\/pages"}],"about":[{"href":"https:\/\/grupos.unileon.es\/atmos\/wp-json\/wp\/v2\/types\/page"}],"author":[{"embeddable":true,"href":"https:\/\/grupos.unileon.es\/atmos\/wp-json\/wp\/v2\/users\/153"}],"replies":[{"embeddable":true,"href":"https:\/\/grupos.unileon.es\/atmos\/wp-json\/wp\/v2\/comments?post=1217"}],"version-history":[{"count":3,"href":"https:\/\/grupos.unileon.es\/atmos\/wp-json\/wp\/v2\/pages\/1217\/revisions"}],"predecessor-version":[{"id":1288,"href":"https:\/\/grupos.unileon.es\/atmos\/wp-json\/wp\/v2\/pages\/1217\/revisions\/1288"}],"up":[{"embeddable":true,"href":"https:\/\/grupos.unileon.es\/atmos\/wp-json\/wp\/v2\/pages\/23"}],"wp:attachment":[{"href":"https:\/\/grupos.unileon.es\/atmos\/wp-json\/wp\/v2\/media?parent=1217"}],"curies":[{"name":"wp","href":"https:\/\/api.w.org\/{rel}","templated":true}]}}