{"id":1222,"date":"2024-08-28T08:34:46","date_gmt":"2024-08-28T08:34:46","guid":{"rendered":"https:\/\/grupos.unileon.es\/atmos\/?page_id=1222"},"modified":"2024-08-28T11:50:27","modified_gmt":"2024-08-28T11:50:27","slug":"2024-environmental-science-association-of-ireland-environ-waterford-irlanda","status":"publish","type":"page","link":"https:\/\/grupos.unileon.es\/atmos\/publicaciones\/congresos\/2024-environmental-science-association-of-ireland-environ-waterford-irlanda\/","title":{"rendered":"2024 Environmental Science Association of Ireland. Environ. Oporto, Portugal"},"content":{"rendered":"<p>Understanding atmospheric aerosols-precipitation interaction: Implications for climate and health.<br \/>\n<em>(A.I. Calvo, C. Blanco-Alegre, C. Gon\u00e7alves1, E.D. Vicente, L.B. Osa-Akara, P. Rodr\u00edguez-Rodr\u00edguez, C. Alonso-Rodr\u00edguez, A. Rodr\u00edguez-Fern\u00e1ndez and R. Fraile)<\/em><\/p>\n<ul>\n<li><a href=\"https:\/\/grupos.unileon.es\/atmos\/files\/2024\/08\/2024_ENVIRON_AnaIC_Abstract.pdf\">Abstract<\/a><\/li>\n<\/ul>\n","protected":false},"excerpt":{"rendered":"<p>Understanding atmospheric aerosols-precipitation interaction: Implications for climate and health. (A.I. Calvo, C. Blanco-Alegre, C. Gon\u00e7alves1, E.D. Vicente, L.B. Osa-Akara, P. Rodr\u00edguez-Rodr\u00edguez, C. Alonso-Rodr\u00edguez, A. Rodr\u00edguez-Fern\u00e1ndez and R. Fraile) Abstract<\/p>\n","protected":false},"author":153,"featured_media":0,"parent":23,"menu_order":0,"comment_status":"closed","ping_status":"closed","template":"","meta":{"footnotes":""},"class_list":["post-1222","page","type-page","status-publish","hentry"],"_links":{"self":[{"href":"https:\/\/grupos.unileon.es\/atmos\/wp-json\/wp\/v2\/pages\/1222","targetHints":{"allow":["GET"]}}],"collection":[{"href":"https:\/\/grupos.unileon.es\/atmos\/wp-json\/wp\/v2\/pages"}],"about":[{"href":"https:\/\/grupos.unileon.es\/atmos\/wp-json\/wp\/v2\/types\/page"}],"author":[{"embeddable":true,"href":"https:\/\/grupos.unileon.es\/atmos\/wp-json\/wp\/v2\/users\/153"}],"replies":[{"embeddable":true,"href":"https:\/\/grupos.unileon.es\/atmos\/wp-json\/wp\/v2\/comments?post=1222"}],"version-history":[{"count":3,"href":"https:\/\/grupos.unileon.es\/atmos\/wp-json\/wp\/v2\/pages\/1222\/revisions"}],"predecessor-version":[{"id":1285,"href":"https:\/\/grupos.unileon.es\/atmos\/wp-json\/wp\/v2\/pages\/1222\/revisions\/1285"}],"up":[{"embeddable":true,"href":"https:\/\/grupos.unileon.es\/atmos\/wp-json\/wp\/v2\/pages\/23"}],"wp:attachment":[{"href":"https:\/\/grupos.unileon.es\/atmos\/wp-json\/wp\/v2\/media?parent=1222"}],"curies":[{"name":"wp","href":"https:\/\/api.w.org\/{rel}","templated":true}]}}