{"id":19,"date":"2016-08-02T21:35:48","date_gmt":"2016-08-02T21:35:48","guid":{"rendered":"http:\/\/grupos.unileon.es\/atmos\/?page_id=19"},"modified":"2017-07-25T06:57:45","modified_gmt":"2017-07-25T06:57:45","slug":"objetivos","status":"publish","type":"page","link":"https:\/\/grupos.unileon.es\/atmos\/proyectos\/aerorain\/objetivos\/","title":{"rendered":"OBJETIVOS"},"content":{"rendered":"<p>Los objetivos del proyecto AERORAIN son:<\/p>\n<p>1.-Parametrizar la acci\u00f3n de la lluvia sobre el aerosol y analizar sus consecuencias en la salud humana y en el clima.<\/p>\n<p>2.-Evaluar si la presencia de prote\u00ednas alerg\u00e9nicas en la atm\u00f3sfera est\u00e1 ligada directamente a ciertos par\u00e1metros meteorol\u00f3gicos como la lluvia o a caracter\u00edsticas fisiol\u00f3gicas de las propias plantas.<\/p>\n","protected":false},"excerpt":{"rendered":"<p>Los objetivos del proyecto AERORAIN son: 1.-Parametrizar la acci\u00f3n de la lluvia sobre el aerosol y analizar sus consecuencias en la salud humana y en el clima. 2.-Evaluar si la presencia de prote\u00ednas alerg\u00e9nicas en la atm\u00f3sfera est\u00e1 ligada directamente a ciertos par\u00e1metros meteorol\u00f3gicos como la lluvia o a caracter\u00edsticas fisiol\u00f3gicas de las propias plantas.<\/p>\n","protected":false},"author":61,"featured_media":0,"parent":333,"menu_order":0,"comment_status":"closed","ping_status":"closed","template":"","meta":{"footnotes":""},"class_list":["post-19","page","type-page","status-publish","hentry"],"_links":{"self":[{"href":"https:\/\/grupos.unileon.es\/atmos\/wp-json\/wp\/v2\/pages\/19","targetHints":{"allow":["GET"]}}],"collection":[{"href":"https:\/\/grupos.unileon.es\/atmos\/wp-json\/wp\/v2\/pages"}],"about":[{"href":"https:\/\/grupos.unileon.es\/atmos\/wp-json\/wp\/v2\/types\/page"}],"author":[{"embeddable":true,"href":"https:\/\/grupos.unileon.es\/atmos\/wp-json\/wp\/v2\/users\/61"}],"replies":[{"embeddable":true,"href":"https:\/\/grupos.unileon.es\/atmos\/wp-json\/wp\/v2\/comments?post=19"}],"version-history":[{"count":4,"href":"https:\/\/grupos.unileon.es\/atmos\/wp-json\/wp\/v2\/pages\/19\/revisions"}],"predecessor-version":[{"id":75,"href":"https:\/\/grupos.unileon.es\/atmos\/wp-json\/wp\/v2\/pages\/19\/revisions\/75"}],"up":[{"embeddable":true,"href":"https:\/\/grupos.unileon.es\/atmos\/wp-json\/wp\/v2\/pages\/333"}],"wp:attachment":[{"href":"https:\/\/grupos.unileon.es\/atmos\/wp-json\/wp\/v2\/media?parent=19"}],"curies":[{"name":"wp","href":"https:\/\/api.w.org\/{rel}","templated":true}]}}