{"id":244,"date":"2017-07-19T11:22:34","date_gmt":"2017-07-19T11:22:34","guid":{"rendered":"http:\/\/grupos.unileon.es\/atmos\/?page_id=244"},"modified":"2018-03-28T10:23:59","modified_gmt":"2018-03-28T10:23:59","slug":"2015-reunion-bienal-de-la-real-sociedad-espanola-de-la-fisica","status":"publish","type":"page","link":"https:\/\/grupos.unileon.es\/atmos\/publicaciones\/congresos\/2015-reunion-bienal-de-la-real-sociedad-espanola-de-la-fisica\/","title":{"rendered":"2015 Reuni\u00f3n Bienal de la Real Sociedad Espa\u00f1ola de la F\u00edsica"},"content":{"rendered":"<p><strong>CARACTER\u00cdSTICAS F\u00cdSICAS DE LA LLUVIA EN LE\u00d3N<\/strong><\/p>\n<ul>\n<li><a href=\"http:\/\/grupos.unileon.es\/atmos\/files\/2017\/07\/Ferna\u0301ndez-Raga.pdf\">Abstract<\/a><\/li>\n<li><a href=\"http:\/\/grupos.unileon.es\/atmos\/files\/2018\/03\/p03.pdf\">Poster<\/a><\/li>\n<\/ul>\n","protected":false},"excerpt":{"rendered":"<p>CARACTER\u00cdSTICAS F\u00cdSICAS DE LA LLUVIA EN LE\u00d3N Abstract Poster<\/p>\n","protected":false},"author":73,"featured_media":0,"parent":23,"menu_order":0,"comment_status":"closed","ping_status":"closed","template":"","meta":{"footnotes":""},"class_list":["post-244","page","type-page","status-publish","hentry"],"_links":{"self":[{"href":"https:\/\/grupos.unileon.es\/atmos\/wp-json\/wp\/v2\/pages\/244","targetHints":{"allow":["GET"]}}],"collection":[{"href":"https:\/\/grupos.unileon.es\/atmos\/wp-json\/wp\/v2\/pages"}],"about":[{"href":"https:\/\/grupos.unileon.es\/atmos\/wp-json\/wp\/v2\/types\/page"}],"author":[{"embeddable":true,"href":"https:\/\/grupos.unileon.es\/atmos\/wp-json\/wp\/v2\/users\/73"}],"replies":[{"embeddable":true,"href":"https:\/\/grupos.unileon.es\/atmos\/wp-json\/wp\/v2\/comments?post=244"}],"version-history":[{"count":5,"href":"https:\/\/grupos.unileon.es\/atmos\/wp-json\/wp\/v2\/pages\/244\/revisions"}],"predecessor-version":[{"id":654,"href":"https:\/\/grupos.unileon.es\/atmos\/wp-json\/wp\/v2\/pages\/244\/revisions\/654"}],"up":[{"embeddable":true,"href":"https:\/\/grupos.unileon.es\/atmos\/wp-json\/wp\/v2\/pages\/23"}],"wp:attachment":[{"href":"https:\/\/grupos.unileon.es\/atmos\/wp-json\/wp\/v2\/media?parent=244"}],"curies":[{"name":"wp","href":"https:\/\/api.w.org\/{rel}","templated":true}]}}