{"id":355,"date":"2017-07-24T10:59:32","date_gmt":"2017-07-24T10:59:32","guid":{"rendered":"http:\/\/grupos.unileon.es\/atmos\/?page_id=355"},"modified":"2017-11-02T11:42:05","modified_gmt":"2017-11-02T11:42:05","slug":"noticias","status":"publish","type":"page","link":"https:\/\/grupos.unileon.es\/atmos\/otros\/noticias\/","title":{"rendered":"NOTICIAS"},"content":{"rendered":"<h1 class=\"title\"><a href=\"https:\/\/www.unileon.es\/noticias\/una-ingeniera-del-ciemat-estudia-en-la-ule-la-contaminacion-atmosferica-en-leon\"><strong>Una ingeniera del CIEMAT estudia en la ULE la contaminaci\u00f3n atmosf\u00e9rica en Le\u00f3n &#8211; Universidad de Le\u00f3n<\/strong><\/a><\/h1>\n<p>&nbsp;<\/p>\n<h1 class=\"title\"><a href=\"https:\/\/www.unileon.es\/noticias\/doctorandos-de-la-ule-participan-esta-semana-en-las-eliminatorias-locales-del-concurso-3mt-del-cei-t\"><strong>Doctorandos de la ULE participan esta semana en las eliminatorias locales del Concurso 3MT del CEI Triangular E3<\/strong><\/a><\/h1>\n<p>&nbsp;<\/p>\n<h1><a href=\"http:\/\/www.leonoticias.com\/universidad\/201705\/02\/ingeniera-ciemat-estudia-contaminacion-20170502133503.html\"><strong>Una ingeniera del Ciemat estudia en la ULE la contaminaci\u00f3n atmosf\u00e9rica en Le\u00f3n &#8211; Leonoticias<\/strong><\/a><\/h1>\n<p>&nbsp;<\/p>\n<h1><a href=\"http:\/\/www.ileon.com\/universidad\/073535\/la-ule-investiga-la-presencia-del-carbono-negro-en-la-atmosfera-de-leon?utm_medium=twitter&amp;utm_source=dlvr.it\"><strong>La ULE investiga la presencia del &#8216;carbono negro&#8217; en la atm\u00f3sfera de Le\u00f3n &#8211; ileon<\/strong><\/a><\/h1>\n","protected":false},"excerpt":{"rendered":"<p>Una ingeniera del CIEMAT estudia en la ULE la contaminaci\u00f3n atmosf\u00e9rica en Le\u00f3n &#8211; Universidad de Le\u00f3n &nbsp; Doctorandos de la ULE participan esta semana en las eliminatorias locales del Concurso 3MT del CEI Triangular E3 &nbsp; Una ingeniera del Ciemat estudia en la ULE la contaminaci\u00f3n atmosf\u00e9rica en Le\u00f3n &#8211; Leonoticias &nbsp; La ULE [&hellip;]<\/p>\n","protected":false},"author":73,"featured_media":0,"parent":401,"menu_order":0,"comment_status":"closed","ping_status":"closed","template":"","meta":{"footnotes":""},"class_list":["post-355","page","type-page","status-publish","hentry"],"_links":{"self":[{"href":"https:\/\/grupos.unileon.es\/atmos\/wp-json\/wp\/v2\/pages\/355","targetHints":{"allow":["GET"]}}],"collection":[{"href":"https:\/\/grupos.unileon.es\/atmos\/wp-json\/wp\/v2\/pages"}],"about":[{"href":"https:\/\/grupos.unileon.es\/atmos\/wp-json\/wp\/v2\/types\/page"}],"author":[{"embeddable":true,"href":"https:\/\/grupos.unileon.es\/atmos\/wp-json\/wp\/v2\/users\/73"}],"replies":[{"embeddable":true,"href":"https:\/\/grupos.unileon.es\/atmos\/wp-json\/wp\/v2\/comments?post=355"}],"version-history":[{"count":7,"href":"https:\/\/grupos.unileon.es\/atmos\/wp-json\/wp\/v2\/pages\/355\/revisions"}],"predecessor-version":[{"id":482,"href":"https:\/\/grupos.unileon.es\/atmos\/wp-json\/wp\/v2\/pages\/355\/revisions\/482"}],"up":[{"embeddable":true,"href":"https:\/\/grupos.unileon.es\/atmos\/wp-json\/wp\/v2\/pages\/401"}],"wp:attachment":[{"href":"https:\/\/grupos.unileon.es\/atmos\/wp-json\/wp\/v2\/media?parent=355"}],"curies":[{"name":"wp","href":"https:\/\/api.w.org\/{rel}","templated":true}]}}