{"id":397,"date":"2017-10-04T09:01:11","date_gmt":"2017-10-04T09:01:11","guid":{"rendered":"http:\/\/grupos.unileon.es\/atmos\/?page_id=397"},"modified":"2018-12-14T11:21:01","modified_gmt":"2018-12-14T11:21:01","slug":"presentacion","status":"publish","type":"page","link":"https:\/\/grupos.unileon.es\/atmos\/presentacion\/","title":{"rendered":"PRESENTACI\u00d3N"},"content":{"rendered":"<p style=\"text-align: justify;\">El grupo de investigaci\u00f3n en <a href=\"https:\/\/www.unileon.es\/grupos-investigacion\/detalles-grupo.php?id=3&amp;grp=420\"><i>Ambiente Atmosf\u00e9rico<\/i><\/a> focaliza su actividad investigadora en las caracter\u00edsticas f\u00edsicas y qu\u00edmicas de la atm\u00f3sfera y del aerosol contenido, tanto de origen org\u00e1nico como inorg\u00e1nico. Est\u00e1 integrado por investigadores de la Universidad de Le\u00f3n, con un evidente car\u00e1cter multidisciplinar (con titulados en F\u00edsica, Biolog\u00eda, Qu\u00edmica, Ambientales e Ingenier\u00eda). Aunque su constituci\u00f3n es relativamente reciente, cada uno de sus miembros cuenta con una amplia experiencia investigadora en sectores tales como polen y al\u00e9rgenos, precipitaci\u00f3n y climatolog\u00eda, aerosol atmosf\u00e9rico (especialmente el procedente de procesos de combusti\u00f3n) y en las t\u00e9cnicas de muestreo y an\u00e1lisis asociadas a estas l\u00edneas de investigaci\u00f3n.<\/p>\n","protected":false},"excerpt":{"rendered":"<p>El grupo de investigaci\u00f3n en Ambiente Atmosf\u00e9rico focaliza su actividad investigadora en las caracter\u00edsticas f\u00edsicas y qu\u00edmicas de la atm\u00f3sfera y del aerosol contenido, tanto de origen org\u00e1nico como inorg\u00e1nico. Est\u00e1 integrado por investigadores de la Universidad de Le\u00f3n, con un evidente car\u00e1cter multidisciplinar (con titulados en F\u00edsica, Biolog\u00eda, Qu\u00edmica, Ambientales e Ingenier\u00eda). Aunque su [&hellip;]<\/p>\n","protected":false},"author":73,"featured_media":0,"parent":0,"menu_order":0,"comment_status":"closed","ping_status":"closed","template":"","meta":{"footnotes":""},"class_list":["post-397","page","type-page","status-publish","hentry"],"_links":{"self":[{"href":"https:\/\/grupos.unileon.es\/atmos\/wp-json\/wp\/v2\/pages\/397","targetHints":{"allow":["GET"]}}],"collection":[{"href":"https:\/\/grupos.unileon.es\/atmos\/wp-json\/wp\/v2\/pages"}],"about":[{"href":"https:\/\/grupos.unileon.es\/atmos\/wp-json\/wp\/v2\/types\/page"}],"author":[{"embeddable":true,"href":"https:\/\/grupos.unileon.es\/atmos\/wp-json\/wp\/v2\/users\/73"}],"replies":[{"embeddable":true,"href":"https:\/\/grupos.unileon.es\/atmos\/wp-json\/wp\/v2\/comments?post=397"}],"version-history":[{"count":4,"href":"https:\/\/grupos.unileon.es\/atmos\/wp-json\/wp\/v2\/pages\/397\/revisions"}],"predecessor-version":[{"id":820,"href":"https:\/\/grupos.unileon.es\/atmos\/wp-json\/wp\/v2\/pages\/397\/revisions\/820"}],"wp:attachment":[{"href":"https:\/\/grupos.unileon.es\/atmos\/wp-json\/wp\/v2\/media?parent=397"}],"curies":[{"name":"wp","href":"https:\/\/api.w.org\/{rel}","templated":true}]}}