{"id":404,"date":"2017-10-04T09:27:46","date_gmt":"2017-10-04T09:27:46","guid":{"rendered":"http:\/\/grupos.unileon.es\/atmos\/?page_id=404"},"modified":"2024-04-04T08:20:22","modified_gmt":"2024-04-04T08:20:22","slug":"proyectos","status":"publish","type":"page","link":"https:\/\/grupos.unileon.es\/atmos\/proyectos\/","title":{"rendered":"PROYECTOS"},"content":{"rendered":"<ul>\n<li style=\"text-align: justify;\"><a href=\"http:\/\/grupos.unileon.es\/atmos\/proyectos\/aerorain\">Aerorain<\/a><\/li>\n<\/ul>\n<p style=\"text-align: justify;\">\n<ul style=\"text-align: justify;\">\n<li><span class=\"OYPEnA text-decoration-none text-strikethrough-none\">Relationship between bioaerosol and other pollutants: Effects on allergic responses in different atmospheric scenarios. (AEROHEALTH)<\/span><\/li>\n<\/ul>\n<p style=\"text-align: justify;\">\n<ul style=\"text-align: justify;\">\n<li><span class=\"OYPEnA text-decoration-none text-strikethrough-none\">Contaminaci\u00f3n atmosf\u00e9rica por carbono negro procedente de la combusti\u00f3n de carb\u00f3n: uso del etal\u00f3metro para estimar su contribuci\u00f3n y cuantificar el lavado por la lluvia.<\/span><\/li>\n<\/ul>\n<p style=\"text-align: justify;\">\n<ul>\n<li style=\"text-align: justify;\"><span class=\"OYPEnA text-decoration-none text-strikethrough-none\">How does the coal combustion in domestic devices affect health and climate? Study in an urban area with high consumption of coal (C3HEALTH)<\/span><\/li>\n<\/ul>\n","protected":false},"excerpt":{"rendered":"<p>Aerorain Relationship between bioaerosol and other pollutants: Effects on allergic responses in different atmospheric scenarios. (AEROHEALTH) Contaminaci\u00f3n atmosf\u00e9rica por carbono negro procedente de la combusti\u00f3n de carb\u00f3n: uso del etal\u00f3metro para estimar su contribuci\u00f3n y cuantificar el lavado por la lluvia. How does the coal combustion in domestic devices affect health and climate? Study in [&hellip;]<\/p>\n","protected":false},"author":73,"featured_media":0,"parent":0,"menu_order":0,"comment_status":"closed","ping_status":"closed","template":"","meta":{"footnotes":""},"class_list":["post-404","page","type-page","status-publish","hentry"],"_links":{"self":[{"href":"https:\/\/grupos.unileon.es\/atmos\/wp-json\/wp\/v2\/pages\/404","targetHints":{"allow":["GET"]}}],"collection":[{"href":"https:\/\/grupos.unileon.es\/atmos\/wp-json\/wp\/v2\/pages"}],"about":[{"href":"https:\/\/grupos.unileon.es\/atmos\/wp-json\/wp\/v2\/types\/page"}],"author":[{"embeddable":true,"href":"https:\/\/grupos.unileon.es\/atmos\/wp-json\/wp\/v2\/users\/73"}],"replies":[{"embeddable":true,"href":"https:\/\/grupos.unileon.es\/atmos\/wp-json\/wp\/v2\/comments?post=404"}],"version-history":[{"count":5,"href":"https:\/\/grupos.unileon.es\/atmos\/wp-json\/wp\/v2\/pages\/404\/revisions"}],"predecessor-version":[{"id":1061,"href":"https:\/\/grupos.unileon.es\/atmos\/wp-json\/wp\/v2\/pages\/404\/revisions\/1061"}],"wp:attachment":[{"href":"https:\/\/grupos.unileon.es\/atmos\/wp-json\/wp\/v2\/media?parent=404"}],"curies":[{"name":"wp","href":"https:\/\/api.w.org\/{rel}","templated":true}]}}