{"id":407,"date":"2017-10-04T09:31:11","date_gmt":"2017-10-04T09:31:11","guid":{"rendered":"http:\/\/grupos.unileon.es\/atmos\/?page_id=407"},"modified":"2024-04-04T08:11:51","modified_gmt":"2024-04-04T08:11:51","slug":"miembros","status":"publish","type":"page","link":"https:\/\/grupos.unileon.es\/atmos\/miembros\/","title":{"rendered":"MIEMBROS"},"content":{"rendered":"<p><strong>INVESTIGADOR PRINCIPAL Y PERSONA DE CONTACTO<\/strong><\/p>\n<table style=\"width: 105.623%; height: 48px;\">\n<tbody>\n<tr style=\"height: 24px;\">\n<td style=\"width: 40.857%; height: 24px;\" width=\"100\">NOMBRE<\/td>\n<td style=\"width: 31.164%; height: 24px;\" width=\"172\">CORREO<\/td>\n<td style=\"width: 46.8342%; height: 24px;\" width=\"92\">ORCID<\/td>\n<\/tr>\n<tr style=\"height: 24px;\">\n<td style=\"width: 40.857%; height: 24px;\" width=\"100\">Roberto Fraile Laiz<\/td>\n<td style=\"width: 31.164%; height: 24px;\" width=\"172\"><a href=\"mailto:roberto.fraile@unileon.es\">roberto.fraile@unileon.es<\/a><\/td>\n<td style=\"width: 46.8342%; height: 24px;\" width=\"92\"><a href=\"http:\/\/orcid.org\/0000-0002-0634-933X\">0000-0002-0634-933X<\/a><\/td>\n<\/tr>\n<\/tbody>\n<\/table>\n<p><strong>MIEMBROS DEL GRUPO<\/strong><\/p>\n<table style=\"width: 107.345%; height: 699px;\">\n<tbody>\n<tr style=\"height: 24px;\">\n<td style=\"height: 24px; width: 42.8589%;\">NOMBRE<\/td>\n<td style=\"height: 24px; width: 24.847%;\">CORREO<\/td>\n<td style=\"height: 24px; width: 32.122%;\">ORCID<\/td>\n<\/tr>\n<tr style=\"height: 48px;\">\n<td class=\"xl65\" style=\"height: 48px; width: 42.8589%;\">Carla Alonso Rodr\u00edguez<\/td>\n<td class=\"xl65\" style=\"height: 48px; width: 24.847%;\"><a href=\"mailto:calor@unileon.es\">calor@unileon.es<\/a><\/td>\n<td style=\"height: 48px; width: 32.122%;\"><\/td>\n<\/tr>\n<tr style=\"height: 48px;\">\n<td class=\"xl65\" style=\"height: 48px; width: 42.8589%;\">Ana Isabel Calvo Gordaliza<\/td>\n<td class=\"xl65\" style=\"height: 48px; width: 24.847%;\"><a href=\"mailto:aicalg@unileon.es\">aicalg@unileon.es<\/a><\/td>\n<td class=\"xl65\" style=\"height: 48px; width: 32.122%;\"><a href=\"http:\/\/orcid.org\/0000-0002-9693-9228\">0000-0002-9693-9228<\/a><\/td>\n<\/tr>\n<tr style=\"height: 48px;\">\n<td class=\"xl65\" style=\"height: 48px; width: 42.8589%;\">Carlos del Blanco Alegre<\/td>\n<td class=\"xl65\" style=\"height: 48px; width: 24.847%;\"><a style=\"font-variant-ligatures: normal; font-variant-caps: normal; orphans: 2; widows: 2; -webkit-text-stroke-width: 0px;\" href=\"mailto:cblaa@unileon.es\">cblaa@unileon.es<\/a><\/td>\n<td class=\"xl65\" style=\"height: 48px; width: 32.122%;\"><a style=\"font-variant-ligatures: normal; font-variant-caps: normal; orphans: 2; widows: 2; -webkit-text-stroke-width: 0px;\" href=\"http:\/\/orcid.org\/0000-0003-2272-909X\">0000-0003-2272-909X<\/a><\/td>\n<\/tr>\n<tr style=\"height: 48px;\">\n<td class=\"xl65\" style=\"height: 48px; width: 42.8589%;\">Francisco Javier del Pino Guti\u00e9rrez<\/td>\n<td class=\"xl65\" style=\"height: 48px; width: 24.847%;\"><a style=\"font-variant-ligatures: normal; font-variant-caps: normal; orphans: 2; widows: 2; -webkit-text-stroke-width: 0px;\" href=\"mailto:fjping@unileon.es\">fjping@unileon.es<\/a><\/td>\n<td class=\"xl65\" style=\"height: 48px; width: 32.122%;\"><a style=\"font-variant-ligatures: normal; font-variant-caps: normal; orphans: 2; widows: 2; -webkit-text-stroke-width: 0px;\" href=\"https:\/\/orcid.org\/0000-0002-4574-4949\">0000-0002-4574-4949<\/a><\/td>\n<\/tr>\n<tr style=\"height: 48px;\">\n<td class=\"xl65\" style=\"height: 48px; width: 42.8589%;\">Roberto Fraile Laiz<\/td>\n<td class=\"xl65\" style=\"height: 48px; width: 24.847%;\"><a style=\"font-variant-ligatures: normal; font-variant-caps: normal; orphans: 2; widows: 2; -webkit-text-stroke-width: 0px;\" href=\"mailto:roberto.fraile@unileon.es\">roberto.fraile@unileon.es<\/a><\/td>\n<td class=\"xl65\" style=\"height: 48px; width: 32.122%;\"><a style=\"font-variant-ligatures: normal; font-variant-caps: normal; orphans: 2; widows: 2; -webkit-text-stroke-width: 0px;\" href=\"http:\/\/orcid.org\/0000-0002-0634-933X\">0000-0002-0634-933X<\/a><\/td>\n<\/tr>\n<tr style=\"height: 48px;\">\n<td class=\"xl65\" style=\"height: 48px; width: 42.8589%;\">Delia Fern\u00e1ndez Gonz\u00e1lez<\/td>\n<td class=\"xl65\" style=\"height: 48px; width: 24.847%;\"><a style=\"font-variant-ligatures: normal; font-variant-caps: normal; orphans: 2; widows: 2; -webkit-text-stroke-width: 0px;\" href=\"mailto:delia.fernandez@unileon.es\">delia.fernandez@unileon.es<\/a><\/td>\n<td class=\"xl65\" style=\"height: 48px; width: 32.122%;\"><a style=\"font-variant-ligatures: normal; font-variant-caps: normal; orphans: 2; widows: 2; -webkit-text-stroke-width: 0px;\" href=\"http:\/\/orcid.org\/0000-0002-4976-3733\">0000-0002-4976-3733<\/a><\/td>\n<\/tr>\n<tr style=\"height: 48px;\">\n<td class=\"xl65\" style=\"height: 48px; width: 42.8589%;\">Mar\u00eda Fern\u00e1ndez Raga<\/td>\n<td class=\"xl65\" style=\"height: 48px; width: 24.847%;\"><a style=\"font-variant-ligatures: normal; font-variant-caps: normal; orphans: 2; widows: 2; -webkit-text-stroke-width: 0px;\" href=\"mailto:maria.raga@unileon.es\">maria.raga@unileon.es<\/a><\/td>\n<td class=\"xl65\" style=\"height: 48px; width: 32.122%;\"><a style=\"font-variant-ligatures: normal; font-variant-caps: normal; orphans: 2; widows: 2; -webkit-text-stroke-width: 0px;\" href=\"http:\/\/orcid.org\/0000-0002-8228-6705\">0000-0002-8228-6705<\/a><\/td>\n<\/tr>\n<tr style=\"height: 48px;\">\n<td class=\"xl65\" style=\"height: 48px; width: 42.8589%;\">C\u00e1tia Vanessa Maio Gon\u00e7alves<\/td>\n<td class=\"xl65\" style=\"height: 48px; width: 24.847%;\"><a style=\"font-variant-ligatures: normal; font-variant-caps: normal; orphans: 2; widows: 2; -webkit-text-stroke-width: 0px;\" href=\"mailto:cmaig@unileon.es\">cmaig@unileon.es<\/a><\/td>\n<td class=\"xl65\" style=\"height: 48px; width: 32.122%;\"><a style=\"font-variant-ligatures: normal; font-variant-caps: normal; orphans: 2; widows: 2; -webkit-text-stroke-width: 0px;\" href=\"https:\/\/orcid.org\/0000-0003-1621-1040\">0000-0003-1621-1040<\/a><\/td>\n<\/tr>\n<tr style=\"height: 13px;\">\n<td class=\"xl65\" style=\"height: 55px; width: 42.8589%;\">Saul Manzano Rodr\u00edguez<\/td>\n<td class=\"xl65\" style=\"height: 55px; width: 24.847%;\" width=\"64\" height=\"80\"><a href=\"mailto:smanzr@unileon.es\">\u00a0smanzr@unileon.es<\/a><\/td>\n<td class=\"xl65\" style=\"height: 55px; width: 32.122%;\" width=\"64\" height=\"80\"><a href=\"https:\/\/orcid.org\/0000-0002-5720-2768\">\u00a00000-0002-5720-2768<\/a><\/td>\n<\/tr>\n<tr style=\"height: 60.0pt;\">\n<td class=\"xl65\" style=\"height: 57px; width: 42.8589%;\" width=\"64\" height=\"80\">Fernanda Isabel Oduber P\u00e9rez<\/td>\n<td class=\"xl65\" style=\"height: 57px; width: 24.847%;\" width=\"64\" height=\"80\"><a href=\"mailto:fodup@unileon.es\">fodup@unileon.es<\/a><\/td>\n<td class=\"xl65\" style=\"height: 57px; width: 32.122%;\" width=\"64\" height=\"80\"><a href=\"http:\/\/orcid.org\/0000-0002-6370-0229\">0000-0002-6370-0229<\/a><\/td>\n<\/tr>\n<tr style=\"height: 75.0pt;\">\n<td class=\"xl65\" style=\"height: 10px; width: 42.8589%;\" width=\"64\" height=\"100\">Alberto Rodr\u00edguez Fern\u00e1ndez<\/td>\n<td class=\"xl65\" style=\"height: 10px; width: 24.847%;\" width=\"64\" height=\"100\"><a href=\"mailto:arodrf@unileon.es\">arodrf@unileon.es<\/a><\/td>\n<td class=\"xl65\" style=\"height: 10px; width: 32.122%;\" width=\"64\" height=\"100\"><a href=\"https:\/\/orcid.org\/0000-0002-1939-6928\">0000-0002-1939-6928<\/a><\/td>\n<\/tr>\n<tr style=\"height: 64px;\">\n<td style=\"width: 42.8589%; height: 64px;\">Paula Rodr\u00edguez Rodr\u00edguez<\/td>\n<td style=\"width: 24.847%; height: 64px;\"><a href=\"mailto:prodr@unileon.es\">prodr@unileon.es<\/a><\/td>\n<td style=\"width: 32.122%; height: 64px;\"><a href=\"http:\/\/orcid.org\/0009-0008-1577-6342\">0009-0008-1577-6342<\/a><\/td>\n<\/tr>\n<tr style=\"height: 60.0pt;\">\n<td class=\"xl65\" style=\"height: 49px; width: 42.8589%;\" width=\"64\" height=\"80\">Rosa Mar\u00eda Valencia Barrera<\/td>\n<td class=\"xl65\" style=\"height: 49px; width: 24.847%;\" width=\"64\" height=\"80\"><a href=\"mailto:rm.valencia@unileon.es\">rm.valencia@unileon.es<\/a><\/td>\n<td class=\"xl65\" style=\"height: 49px; width: 32.122%;\" width=\"64\" height=\"80\"><a href=\"http:\/\/orcid.org\/0000-0002-6014-9961\">0000-0002-6014-9961<\/a><\/td>\n<\/tr>\n<tr style=\"height: 60.0pt;\">\n<td class=\"xl65\" style=\"height: 56px; width: 42.8589%;\" width=\"64\" height=\"80\">Ana Mar\u00eda Vega Maray<\/td>\n<td class=\"xl65\" style=\"height: 56px; width: 24.847%;\" width=\"64\" height=\"80\"><a href=\"mailto:amvegm@unileon.es\">amvegm@unileon.es<\/a><\/td>\n<td class=\"xl65\" style=\"height: 56px; width: 32.122%;\" width=\"64\" height=\"80\"><a href=\"http:\/\/orcid.org\/0000-0001-7720-3920\">0000-0001-7720-3920<\/a><\/td>\n<\/tr>\n<\/tbody>\n<\/table>\n<p><strong>COLABORADORES<\/strong><\/p>\n<table style=\"border-collapse: collapse; width: 111.406%; height: 173px;\">\n<tbody>\n<tr style=\"height: 24px;\">\n<td style=\"height: 24px; width: 42.8589%;\">NOMBRE<\/td>\n<td style=\"height: 24px; width: 21.6022%;\">CORREO<\/td>\n<td style=\"height: 24px; width: 35.3668%;\">ORCID<\/td>\n<\/tr>\n<tr>\n<td style=\"width: 42.8589%;\">Lucrecia Bil\u00e9 Osa Akara<\/td>\n<td style=\"width: 21.6022%;\"><a href=\"mailto:lbileo00@estudiantes.unileon.es\" target=\"_blank\" rel=\"noopener\">lbileo00@estudiantes.unileon.e<wbr \/>s<\/a><\/td>\n<td style=\"width: 35.3668%;\"><\/td>\n<\/tr>\n<tr>\n<td style=\"width: 42.8589%;\" width=\"64\">Amaya Castro Izquierdo<\/td>\n<td style=\"width: 21.6022%;\" width=\"143\"><a href=\"mailto:acasi@unileon.es\">acasi@unileon.es<\/a><\/td>\n<td style=\"width: 35.3668%;\" width=\"64\"><a href=\"http:\/\/orcid.org\/0000-0003-3052-6225\">0000-0003-3052-6225<\/a><\/td>\n<\/tr>\n<tr>\n<td style=\"width: 42.8589%;\">Benito Fraile Laiz<\/td>\n<td style=\"width: 21.6022%;\"><a href=\"mailto:benito.fraile@uah.es\" target=\"_blank\" rel=\"noopener\">benito.fraile@uah.es<\/a><\/td>\n<td style=\"width: 35.3668%;\"><a href=\"https:\/\/orcid.org\/0000-0002-4847-055X\">0000-0002-4847-055x<\/a><\/td>\n<\/tr>\n<\/tbody>\n<\/table>\n","protected":false},"excerpt":{"rendered":"<p>INVESTIGADOR PRINCIPAL Y PERSONA DE CONTACTO NOMBRE CORREO ORCID Roberto Fraile Laiz roberto.fraile@unileon.es 0000-0002-0634-933X MIEMBROS DEL GRUPO NOMBRE CORREO ORCID Carla Alonso Rodr\u00edguez calor@unileon.es Ana Isabel Calvo Gordaliza aicalg@unileon.es 0000-0002-9693-9228 Carlos del Blanco Alegre cblaa@unileon.es 0000-0003-2272-909X Francisco Javier del Pino Guti\u00e9rrez fjping@unileon.es 0000-0002-4574-4949 Roberto Fraile Laiz roberto.fraile@unileon.es 0000-0002-0634-933X Delia Fern\u00e1ndez Gonz\u00e1lez delia.fernandez@unileon.es 0000-0002-4976-3733 Mar\u00eda Fern\u00e1ndez [&hellip;]<\/p>\n","protected":false},"author":73,"featured_media":0,"parent":0,"menu_order":0,"comment_status":"closed","ping_status":"closed","template":"","meta":{"footnotes":""},"class_list":["post-407","page","type-page","status-publish","hentry"],"_links":{"self":[{"href":"https:\/\/grupos.unileon.es\/atmos\/wp-json\/wp\/v2\/pages\/407","targetHints":{"allow":["GET"]}}],"collection":[{"href":"https:\/\/grupos.unileon.es\/atmos\/wp-json\/wp\/v2\/pages"}],"about":[{"href":"https:\/\/grupos.unileon.es\/atmos\/wp-json\/wp\/v2\/types\/page"}],"author":[{"embeddable":true,"href":"https:\/\/grupos.unileon.es\/atmos\/wp-json\/wp\/v2\/users\/73"}],"replies":[{"embeddable":true,"href":"https:\/\/grupos.unileon.es\/atmos\/wp-json\/wp\/v2\/comments?post=407"}],"version-history":[{"count":29,"href":"https:\/\/grupos.unileon.es\/atmos\/wp-json\/wp\/v2\/pages\/407\/revisions"}],"predecessor-version":[{"id":1054,"href":"https:\/\/grupos.unileon.es\/atmos\/wp-json\/wp\/v2\/pages\/407\/revisions\/1054"}],"wp:attachment":[{"href":"https:\/\/grupos.unileon.es\/atmos\/wp-json\/wp\/v2\/media?parent=407"}],"curies":[{"name":"wp","href":"https:\/\/api.w.org\/{rel}","templated":true}]}}