{"id":530,"date":"2018-01-17T12:37:54","date_gmt":"2018-01-17T12:37:54","guid":{"rendered":"http:\/\/grupos.unileon.es\/atmos\/?page_id=530"},"modified":"2018-09-20T09:40:32","modified_gmt":"2018-09-20T09:40:32","slug":"articulos","status":"publish","type":"page","link":"https:\/\/grupos.unileon.es\/atmos\/proyectos\/aerorain\/articulos\/","title":{"rendered":"ARTICULOS"},"content":{"rendered":"<h1>2015<\/h1>\n<ul>\n<li><span style=\"color: #000000;\"><a href=\"http:\/\/dx.doi.org\/10.1155\/2015\/647647\">Roberto Fraile, Amaya Castro,\u00a0Miguel Gonz\u00e1lez-Colino,\u00a0Elisabeth Alonso-Blanco,\u00a0Mar\u00eda Fern\u00e1ndez-Raga,\u00a0Covadonga Palencia\u00a0and\u00a0Ana I. Calvo (2015) Vertical Raindrop Size Distribution in Central Spain: A Case Study. Advances in Meteorology. Article ID\u00a0647647.<\/a><\/span><\/li>\n<\/ul>\n<h1>2016<\/h1>\n<ul style=\"list-style-type: circle; text-align: justify;\">\n<li style=\"text-align: justify;\"><span style=\"color: #000000;\"><a href=\"https:\/\/doi.org\/10.1016\/j.scitotenv.2016.01.069\">C.Gal\u00e1n, P.Alc\u00e1zar, J.Oteros, H.Garc\u00eda-Mozo, M.J.Aira, J.Belmonte, C.Diaz de la Guardia, D.Fern\u00e1ndez-Gonz\u00e1lez, M.Gutierrez-Bustillo, S.Moreno-Grau, R.P\u00e9rez-Bad\u00eda, J.Rodr\u00edguez-Rajo, L.Ruiz-Valenzuela, R.Tormo, M.M.Trigo and E.Dom\u00ednguez-Vilchesa (2016) Airborne pollen trends in the Iberian Peninsula. Science of The Total Environment. Pages 53-59.<\/a><\/span><\/li>\n<li><span style=\"color: #000000;\"><a href=\"http:\/\/dx.doi.org\/10.1007\/s11356-016-6888-6\">Jos\u00e9\u00a0Manuel\u00a0Fern\u00e1ndez-Guisuraga, Amaya\u00a0Castro, C\u00e9lia\u00a0Alves, Ana\u00a0Calvo, Elisabeth\u00a0Alonso-Blanco, Carlos\u00a0Blanco-Alegre, Alfredo\u00a0Rocha and Roberto\u00a0Fraile (2015)\u00a0Nitrogen oxides and ozone in Portugal: trends and ozone estimation in an urban and a rural site. Environmental Science and Pollution Research. Pages 17171\u201317182.<\/a><\/span><\/li>\n<\/ul>\n<h1 style=\"text-align: justify;\"><span style=\"color: #000000;\">2017<\/span><\/h1>\n<ul style=\"list-style-type: circle; text-align: justify;\">\n<li style=\"text-align: justify;\"><a href=\"http:\/\/www.sciencedirect.com\/science\/article\/pii\/S0048969716323087?via%3Dihub\">Jose Oteros, Rosa M\u00aa Valencia, Saradel R\u00edo, Ana M\u00aa Vega, Herminia Garc\u00eda-Mozo, Carmen Gal\u00e1n, Pablo Guti\u00e9rrez, Paolo Mandrioli and Delia Fern\u00e1ndez-Gonz\u00e1lez (2017) Concentric Ring Method for generating pollen maps.\u00a0<em>Quercus<\/em>\u00a0as case study. Science of The Total Environment. Pages 637-645<\/a><\/li>\n<li><a href=\"http:\/\/onlinelibrary.wiley.com\/doi\/10.1002\/joc.4816\/abstract\">Maria Fernandez-Raga, Amaya Castro, Elena Marcos, Covadonga Palencia y Roberto Fraile (2017) Weather types and rainfall microstructure in Leon, Spain. International Journal Of Climatology.\u00a0Pages 1834\u20131842<\/a><\/li>\n<\/ul>\n<h1 style=\"text-align: justify;\">2018<\/h1>\n<ul>\n<li style=\"text-align: justify;\"><a href=\"http:\/\/www.sciencedirect.com\/science\/article\/pii\/S0048969717331996?via%3Dihub#!\"><span class=\"content\"><span class=\"text given-name\">Elisabet <\/span><span class=\"text surname\">Alonso-Blanco,\u00a0<\/span><\/span><span class=\"content\"><span class=\"text given-name\">Amaya\u00a0<\/span><span class=\"text surname\">Castro,<span style=\"font-size: 10px;\">\u00a0<\/span><\/span><\/span><span class=\"content\"><span class=\"text given-name\">Ana I.<\/span><span class=\"text surname\">Calvo,\u00a0<\/span><\/span><span class=\"content\"><span class=\"text given-name\">Veronique\u00a0<\/span><span class=\"text surname\">Pont,\u00a0<\/span><\/span><span class=\"content\"><span class=\"text given-name\">Marc\u00a0<\/span><span class=\"text surname\">Mallet y\u00a0<\/span><\/span><span class=\"content\"><span class=\"text given-name\">Roberto<\/span><span class=\"text surname\">Fraile (2018)\u00a0<\/span><\/span>Wildfire smoke plumes transport under a subsidence inversion: Climate and health implications in a distant urban area. Science of The Total Environment.\u00a0Pages 988-1002<\/a><\/li>\n<li class=\"u-mb-2 u-pt-4 u-pb-4\" style=\"text-align: justify;\"><a href=\"https:\/\/link.springer.com\/article\/10.1007\/s11869-018-0556-6\"><span class=\"authors__name\">F.\u00a0Oduber,\u00a0<\/span><span class=\"authors__name\">A.\u00a0Castro,\u00a0<\/span><span class=\"authors__name\">A.I.\u00a0Calvo,\u00a0<\/span><span class=\"authors__name\">C.\u00a0Blanco-Alegre,\u00a0<\/span><span class=\"authors__name\">E.\u00a0Alonso-Blanco,\u00a0<\/span><span class=\"authors__name\">P.\u00a0Belmonte y\u00a0<\/span><span class=\"authors__name\"><span class=\"authors__name\">R.\u00a0Fraile (2018)\u00a0<\/span><\/span>Summer-autumn air pollution in Le\u00f3n, Spain: changes in aerosol size distribution and expected effects on the respiratory tract.\u00a0pp 1\u201316<\/a><\/li>\n<li style=\"text-align: justify;\"><a href=\"https:\/\/www.researchgate.net\/publication\/324681911_Daily_behavior_of_urban_Fluorescing_Aerosol_Particles_in_northwest_Spain?_sg=doDg6sokRaFVtPqK_rbpBLnf1AB7e91hLwNAfK-8UhF60F59VIIMStZHbwccG2zc8yHzWD5O0cIV7nm6QdSTUeNGrk0CNdD_HM_ZZxja.6upqXqGZYNznAzg02cuMENKjMAUHDpg2e0BT-gg1__HqaDMipDphU2-blXL27a0n920EHYJZMwKDS43Z3gmdqg\">Ana I. Calvo,\u00a0D. Baumgardner,\u00a0Amaya Castro,\u00a0Delia Fernandez Gonzalez,\u00a0Ana Mar\u00eda Vega-Maray,\u00a0Rosa M Valencia-Barrera,\u00a0F. Oduber,\u00a0Carlos del Blanco Alegre,\u00a0Roberto Fraile\u00a0(2018) Daily behavior of urban Fluorescing Aerosol Particles in northwest Spain. Article 184<\/a><\/li>\n<li style=\"text-align: justify;\"><a href=\"https:\/\/www.sciencedirect.com\/science\/article\/pii\/S0048969718303875?via%3Dihub\">Castro, A.I. Calvo, C. Blanco-Alegre, F. Oduber, C. Alves, E. Coz, F. Amato, X. Querol, R. Fraile (2018) Impact of thewood combustion in an open fireplace on the air quality of a living room: Estimation of the respirable fraction. Science of the Total Environment<\/a><\/li>\n<li>\n<p style=\"text-align: justify;\"><a href=\"https:\/\/rmets.onlinelibrary.wiley.com\/doi\/abs\/10.1002\/qj.3399\">Carlos Blanco\u2010Alegre, Amaya Castro, Ana I. Calvo, Fernanda Oduber, Elisabeth Alonso\u2010Blanco, Delia Fern\u00e1ndez\u2010Gonz\u00e1lez, Rosa Mar\u00eda Valencia\u2010Barrera, Ana Mar\u00eda Vega\u2010Maray and Roberto Fraile (2018) Below\u2010cloud scavenging of fine and coarse aerosol particles by rain: the role of raindrop size. Royal Meteorological Society<\/a><\/p>\n<\/li>\n<\/ul>\n","protected":false},"excerpt":{"rendered":"<p>2015 Roberto Fraile, Amaya Castro,\u00a0Miguel Gonz\u00e1lez-Colino,\u00a0Elisabeth Alonso-Blanco,\u00a0Mar\u00eda Fern\u00e1ndez-Raga,\u00a0Covadonga Palencia\u00a0and\u00a0Ana I. Calvo (2015) Vertical Raindrop Size Distribution in Central Spain: A Case Study. Advances in Meteorology. Article ID\u00a0647647. 2016 C.Gal\u00e1n, P.Alc\u00e1zar, J.Oteros, H.Garc\u00eda-Mozo, M.J.Aira, J.Belmonte, C.Diaz de la Guardia, D.Fern\u00e1ndez-Gonz\u00e1lez, M.Gutierrez-Bustillo, S.Moreno-Grau, R.P\u00e9rez-Bad\u00eda, J.Rodr\u00edguez-Rajo, L.Ruiz-Valenzuela, R.Tormo, M.M.Trigo and E.Dom\u00ednguez-Vilchesa (2016) Airborne pollen trends in the Iberian [&hellip;]<\/p>\n","protected":false},"author":73,"featured_media":0,"parent":333,"menu_order":0,"comment_status":"closed","ping_status":"closed","template":"","meta":{"footnotes":""},"class_list":["post-530","page","type-page","status-publish","hentry"],"_links":{"self":[{"href":"https:\/\/grupos.unileon.es\/atmos\/wp-json\/wp\/v2\/pages\/530","targetHints":{"allow":["GET"]}}],"collection":[{"href":"https:\/\/grupos.unileon.es\/atmos\/wp-json\/wp\/v2\/pages"}],"about":[{"href":"https:\/\/grupos.unileon.es\/atmos\/wp-json\/wp\/v2\/types\/page"}],"author":[{"embeddable":true,"href":"https:\/\/grupos.unileon.es\/atmos\/wp-json\/wp\/v2\/users\/73"}],"replies":[{"embeddable":true,"href":"https:\/\/grupos.unileon.es\/atmos\/wp-json\/wp\/v2\/comments?post=530"}],"version-history":[{"count":9,"href":"https:\/\/grupos.unileon.es\/atmos\/wp-json\/wp\/v2\/pages\/530\/revisions"}],"predecessor-version":[{"id":756,"href":"https:\/\/grupos.unileon.es\/atmos\/wp-json\/wp\/v2\/pages\/530\/revisions\/756"}],"up":[{"embeddable":true,"href":"https:\/\/grupos.unileon.es\/atmos\/wp-json\/wp\/v2\/pages\/333"}],"wp:attachment":[{"href":"https:\/\/grupos.unileon.es\/atmos\/wp-json\/wp\/v2\/media?parent=530"}],"curies":[{"name":"wp","href":"https:\/\/api.w.org\/{rel}","templated":true}]}}