{"id":605,"date":"2018-03-19T08:49:30","date_gmt":"2018-03-19T08:49:30","guid":{"rendered":"http:\/\/grupos.unileon.es\/atmos\/?page_id=605"},"modified":"2024-05-20T09:53:06","modified_gmt":"2024-05-20T09:53:06","slug":"xxxv-jornadas-cientificas-de-la-asociacion-metereologica-espanola","status":"publish","type":"page","link":"https:\/\/grupos.unileon.es\/atmos\/publicaciones\/congresos\/xxxv-jornadas-cientificas-de-la-asociacion-metereologica-espanola\/","title":{"rendered":"2018 XXXV JORNADAS CIENTIFICAS DE LA ASOCIACI\u00d3N METEREOL\u00d3GICA ESPA\u00d1OLA. LE\u00d3N, SPAIN"},"content":{"rendered":"<p>INFLUENCIA DE LOS PAR\u00c1METROS METEOROL\u00d3GICOS EN LA CONTAMINACI\u00d3N DEL AIRE EN LA CIUDAD DE SANTANDER<\/p>\n<ul>\n<li><a href=\"http:\/\/grupos.unileon.es\/atmos\/files\/2018\/03\/Adrian-Martinez_poster-AME-2018.pdf\">Abstract<\/a><\/li>\n<li><a href=\"http:\/\/grupos.unileon.es\/atmos\/files\/2018\/03\/Poster-AME_Adri\u00e1n_R.pdf\">Poster<\/a><\/li>\n<\/ul>\n<p>&nbsp;<\/p>\n<p>RAINFALL CHARACTERISTICS AT LE\u00d3N IN 2016 AND 2017<\/p>\n<ul>\n<li><a href=\"http:\/\/grupos.unileon.es\/atmos\/files\/2018\/03\/AME_LEON_del_Blanco_Alegre.pdf\">Abstract<\/a><\/li>\n<li><a href=\"http:\/\/grupos.unileon.es\/atmos\/files\/2018\/03\/POSTER-CONGRESO-AME-LEON_Carlos.pdf\">Poster<\/a><\/li>\n<\/ul>\n<p>&nbsp;<\/p>\n<p>CAPA L\u00cdMITE EN LE\u00d3N: RELACI\u00d3N CON LOS PAR\u00c1METROS METEOROL\u00d3GICOS Y CON LA CONCENTRACI\u00d3N DE CONTAMINANTES<\/p>\n<ul>\n<li><a href=\"http:\/\/grupos.unileon.es\/atmos\/files\/2018\/07\/abstract-cristina.pdf\">Abstract<\/a><\/li>\n<li><a href=\"http:\/\/grupos.unileon.es\/atmos\/files\/2018\/03\/Poster_Cristina.pdf\">Poster<\/a><\/li>\n<\/ul>\n<p>&nbsp;<\/p>\n<p>INFLUENCE OF METEOROLOGICAL PARAMETERS ON AIR POLLUTANT CONCENTRATIONS IN LE\u00d3N, SPAIN<\/p>\n<ul>\n<li><a href=\"http:\/\/grupos.unileon.es\/atmos\/files\/2018\/03\/Oduber_et_al_AME2018.pdf\">Abstract<\/a><\/li>\n<li><a href=\"http:\/\/grupos.unileon.es\/atmos\/files\/2018\/03\/AME2018_Fernanda.pdf\">Poster<\/a><\/li>\n<\/ul>\n<p>&nbsp;<\/p>\n<p>CONNECTION BETWEEN NAO INDEX AND EXTREME PRECIPITATION IN CONTINENTAL SPAIN<\/p>\n<ul>\n<li><a href=\"http:\/\/grupos.unileon.es\/atmos\/files\/2018\/07\/abstract-pablo.pdf\">Abstract<\/a><\/li>\n<li><a href=\"http:\/\/grupos.unileon.es\/atmos\/files\/2018\/03\/CONNECTION-BETWEEN-NAO-INDEX-AND-EXTREME-PRECIPITATION-IN-CONTINENTAL-SPAIN.pdf\">Poster<\/a><\/li>\n<\/ul>\n<p>&nbsp;<\/p>\n<p>TIPOS DE TIEMPO Y CALIDAD DEL AIRE EN TRES ESTACIONES DE FONDO DEL NW PENINSULAR<\/p>\n<ul>\n<li><a href=\"http:\/\/grupos.unileon.es\/atmos\/files\/2018\/03\/Samuel-Sainz_poster-AME-2018.pdf\">Abstract<\/a><\/li>\n<li><a href=\"http:\/\/grupos.unileon.es\/atmos\/files\/2018\/03\/Poster-Samuel-Corregido2_final.pdf\">Poster<\/a><\/li>\n<\/ul>\n","protected":false},"excerpt":{"rendered":"<p>INFLUENCIA DE LOS PAR\u00c1METROS METEOROL\u00d3GICOS EN LA CONTAMINACI\u00d3N DEL AIRE EN LA CIUDAD DE SANTANDER Abstract Poster &nbsp; RAINFALL CHARACTERISTICS AT LE\u00d3N IN 2016 AND 2017 Abstract Poster &nbsp; CAPA L\u00cdMITE EN LE\u00d3N: RELACI\u00d3N CON LOS PAR\u00c1METROS METEOROL\u00d3GICOS Y CON LA CONCENTRACI\u00d3N DE CONTAMINANTES Abstract Poster &nbsp; INFLUENCE OF METEOROLOGICAL PARAMETERS ON AIR POLLUTANT CONCENTRATIONS [&hellip;]<\/p>\n","protected":false},"author":73,"featured_media":0,"parent":23,"menu_order":0,"comment_status":"closed","ping_status":"closed","template":"","meta":{"footnotes":""},"class_list":["post-605","page","type-page","status-publish","hentry"],"_links":{"self":[{"href":"https:\/\/grupos.unileon.es\/atmos\/wp-json\/wp\/v2\/pages\/605","targetHints":{"allow":["GET"]}}],"collection":[{"href":"https:\/\/grupos.unileon.es\/atmos\/wp-json\/wp\/v2\/pages"}],"about":[{"href":"https:\/\/grupos.unileon.es\/atmos\/wp-json\/wp\/v2\/types\/page"}],"author":[{"embeddable":true,"href":"https:\/\/grupos.unileon.es\/atmos\/wp-json\/wp\/v2\/users\/73"}],"replies":[{"embeddable":true,"href":"https:\/\/grupos.unileon.es\/atmos\/wp-json\/wp\/v2\/comments?post=605"}],"version-history":[{"count":8,"href":"https:\/\/grupos.unileon.es\/atmos\/wp-json\/wp\/v2\/pages\/605\/revisions"}],"predecessor-version":[{"id":737,"href":"https:\/\/grupos.unileon.es\/atmos\/wp-json\/wp\/v2\/pages\/605\/revisions\/737"}],"up":[{"embeddable":true,"href":"https:\/\/grupos.unileon.es\/atmos\/wp-json\/wp\/v2\/pages\/23"}],"wp:attachment":[{"href":"https:\/\/grupos.unileon.es\/atmos\/wp-json\/wp\/v2\/media?parent=605"}],"curies":[{"name":"wp","href":"https:\/\/api.w.org\/{rel}","templated":true}]}}