{"id":636,"date":"2018-03-22T09:50:49","date_gmt":"2018-03-22T09:50:49","guid":{"rendered":"http:\/\/grupos.unileon.es\/atmos\/?page_id=636"},"modified":"2024-05-20T09:53:40","modified_gmt":"2024-05-20T09:53:40","slug":"2018-conferencia-internacional-de-ambiente-en-lingua-portuguesa","status":"publish","type":"page","link":"https:\/\/grupos.unileon.es\/atmos\/publicaciones\/congresos\/2018-conferencia-internacional-de-ambiente-en-lingua-portuguesa\/","title":{"rendered":"2018 CONFERENCIA INTERNACIONAL DE AMBIENTE EN L\u00cdNGUA PORTUGUESA. AVEIRO, PORTUGAL"},"content":{"rendered":"<p>USO DO AETAL\u00d3METRO PARA DETERMINAR O CARBONO NEGRO NUM T\u00daNEL RODOVI\u00c1RIO EM BRAGA (PORTUGAL)<\/p>\n<ul>\n<li><a href=\"http:\/\/grupos.unileon.es\/atmos\/files\/2018\/03\/DelBlanco-aveiro.pdf\">Abstrac<\/a><\/li>\n<li><a href=\"http:\/\/grupos.unileon.es\/atmos\/files\/2018\/03\/POSTER-CONGRESO-AVEIRO_tunel.pdf\">Poster<\/a><\/li>\n<\/ul>\n<p>&nbsp;<\/p>\n<p>INFLU\u00caNCIA DAS CONDI\u00c7\u00d5ES METEOROL\u00d3GICAS NO P\u00d3LEN INTEGRAL DE FRAXINUS, POACEAE E POPULUS EM LE\u00d3N, ESPANHA<\/p>\n<ul>\n<li><a href=\"http:\/\/grupos.unileon.es\/atmos\/files\/2018\/03\/OduberEtAl.pdf\">Abstrac<\/a><\/li>\n<li><a href=\"http:\/\/grupos.unileon.es\/atmos\/files\/2018\/07\/Aveiro2018_Fernanda_final.pdf\">Poster<\/a><\/li>\n<\/ul>\n","protected":false},"excerpt":{"rendered":"<p>USO DO AETAL\u00d3METRO PARA DETERMINAR O CARBONO NEGRO NUM T\u00daNEL RODOVI\u00c1RIO EM BRAGA (PORTUGAL) Abstrac Poster &nbsp; INFLU\u00caNCIA DAS CONDI\u00c7\u00d5ES METEOROL\u00d3GICAS NO P\u00d3LEN INTEGRAL DE FRAXINUS, POACEAE E POPULUS EM LE\u00d3N, ESPANHA Abstrac Poster<\/p>\n","protected":false},"author":73,"featured_media":0,"parent":23,"menu_order":0,"comment_status":"closed","ping_status":"closed","template":"","meta":{"footnotes":""},"class_list":["post-636","page","type-page","status-publish","hentry"],"_links":{"self":[{"href":"https:\/\/grupos.unileon.es\/atmos\/wp-json\/wp\/v2\/pages\/636","targetHints":{"allow":["GET"]}}],"collection":[{"href":"https:\/\/grupos.unileon.es\/atmos\/wp-json\/wp\/v2\/pages"}],"about":[{"href":"https:\/\/grupos.unileon.es\/atmos\/wp-json\/wp\/v2\/types\/page"}],"author":[{"embeddable":true,"href":"https:\/\/grupos.unileon.es\/atmos\/wp-json\/wp\/v2\/users\/73"}],"replies":[{"embeddable":true,"href":"https:\/\/grupos.unileon.es\/atmos\/wp-json\/wp\/v2\/comments?post=636"}],"version-history":[{"count":3,"href":"https:\/\/grupos.unileon.es\/atmos\/wp-json\/wp\/v2\/pages\/636\/revisions"}],"predecessor-version":[{"id":690,"href":"https:\/\/grupos.unileon.es\/atmos\/wp-json\/wp\/v2\/pages\/636\/revisions\/690"}],"up":[{"embeddable":true,"href":"https:\/\/grupos.unileon.es\/atmos\/wp-json\/wp\/v2\/pages\/23"}],"wp:attachment":[{"href":"https:\/\/grupos.unileon.es\/atmos\/wp-json\/wp\/v2\/media?parent=636"}],"curies":[{"name":"wp","href":"https:\/\/api.w.org\/{rel}","templated":true}]}}