{"id":929,"date":"2022-11-07T08:55:33","date_gmt":"2022-11-07T08:55:33","guid":{"rendered":"https:\/\/grupos.unileon.es\/atmos\/?page_id=929"},"modified":"2024-08-28T10:50:41","modified_gmt":"2024-08-28T10:50:41","slug":"2021-european-aerosol-conference-reino-unido-online","status":"publish","type":"page","link":"https:\/\/grupos.unileon.es\/atmos\/publicaciones\/congresos\/2021-european-aerosol-conference-reino-unido-online\/","title":{"rendered":"2021 European Aerosol Conference. Reino Unido (online)"},"content":{"rendered":"<p>Analysis of gaseous and particle number concentration from a binder jetting 3D printer during manufacturing of a mould.<\/p>\n<p><em>(C. Blanco-Alegre, A.I. Calvo, F. Oduber, A. Castro, A.I. Fern\u00e1ndez-Abia, M.A. Castro-Sastre, P. Rodr\u00edguez-Gonz\u00e1lez, J. Barreiro and R. Fraile)<\/em><\/p>\n<ul>\n<li><a href=\"https:\/\/grupos.unileon.es\/atmos\/files\/2024\/08\/2021_EAC_Carlos_Abstract.pdf\">Abstract<\/a><\/li>\n<li><a href=\"https:\/\/grupos.unileon.es\/atmos\/files\/2024\/08\/2021_EAC_Carlos.pdf\">Poster<\/a><\/li>\n<\/ul>\n<p>Episodes of Saharan dust intrusions affecting mainland Spain from 2005 to 2020.<\/p>\n<p><em>(P. Ib\u00e1n, C. Meleiro, A.I. Calvo, C. Blanco-Alegre and R. Fraile)<\/em><\/p>\n<ul>\n<li><a href=\"https:\/\/grupos.unileon.es\/atmos\/files\/2024\/08\/2021_EAC_CMeleiro_Abstract.pdf\">Abstract<\/a><\/li>\n<li><a href=\"https:\/\/grupos.unileon.es\/atmos\/files\/2024\/08\/2021_EAC_CMeleiro.pdf\">Poster<\/a><\/li>\n<\/ul>\n<p>Relationship between ground-based remote sensing and in situ aerosols measurements: a 13-month study.<\/p>\n<p><em>(J. Blanco, C. Blanco-Alegre, A.I. Calvo, F. Oduber, A. Castro and R. Fraile)<\/em><\/p>\n<ul>\n<li><a href=\"https:\/\/grupos.unileon.es\/atmos\/files\/2024\/08\/2021_EAC_JorgeBlanco_Abstract.pdf\">Abstract<\/a><\/li>\n<li><a href=\"https:\/\/grupos.unileon.es\/atmos\/files\/2024\/08\/2021_EAC_JorgeBlanco.pdf\">Poster<\/a><\/li>\n<\/ul>\n<p>&nbsp;<\/p>\n","protected":false},"excerpt":{"rendered":"<p>Analysis of gaseous and particle number concentration from a binder jetting 3D printer during manufacturing of a mould. (C. Blanco-Alegre, A.I. Calvo, F. Oduber, A. Castro, A.I. Fern\u00e1ndez-Abia, M.A. Castro-Sastre, P. Rodr\u00edguez-Gonz\u00e1lez, J. Barreiro and R. Fraile) Abstract Poster Episodes of Saharan dust intrusions affecting mainland Spain from 2005 to 2020. (P. Ib\u00e1n, C. Meleiro, [&hellip;]<\/p>\n","protected":false},"author":105,"featured_media":0,"parent":23,"menu_order":0,"comment_status":"closed","ping_status":"closed","template":"","meta":{"footnotes":""},"class_list":["post-929","page","type-page","status-publish","hentry"],"_links":{"self":[{"href":"https:\/\/grupos.unileon.es\/atmos\/wp-json\/wp\/v2\/pages\/929","targetHints":{"allow":["GET"]}}],"collection":[{"href":"https:\/\/grupos.unileon.es\/atmos\/wp-json\/wp\/v2\/pages"}],"about":[{"href":"https:\/\/grupos.unileon.es\/atmos\/wp-json\/wp\/v2\/types\/page"}],"author":[{"embeddable":true,"href":"https:\/\/grupos.unileon.es\/atmos\/wp-json\/wp\/v2\/users\/105"}],"replies":[{"embeddable":true,"href":"https:\/\/grupos.unileon.es\/atmos\/wp-json\/wp\/v2\/comments?post=929"}],"version-history":[{"count":3,"href":"https:\/\/grupos.unileon.es\/atmos\/wp-json\/wp\/v2\/pages\/929\/revisions"}],"predecessor-version":[{"id":1250,"href":"https:\/\/grupos.unileon.es\/atmos\/wp-json\/wp\/v2\/pages\/929\/revisions\/1250"}],"up":[{"embeddable":true,"href":"https:\/\/grupos.unileon.es\/atmos\/wp-json\/wp\/v2\/pages\/23"}],"wp:attachment":[{"href":"https:\/\/grupos.unileon.es\/atmos\/wp-json\/wp\/v2\/media?parent=929"}],"curies":[{"name":"wp","href":"https:\/\/api.w.org\/{rel}","templated":true}]}}