{"id":936,"date":"2022-11-07T09:38:15","date_gmt":"2022-11-07T09:38:15","guid":{"rendered":"https:\/\/grupos.unileon.es\/atmos\/?page_id=936"},"modified":"2024-08-29T07:21:42","modified_gmt":"2024-08-29T07:21:42","slug":"2022-11th-international-aerosol-conference","status":"publish","type":"page","link":"https:\/\/grupos.unileon.es\/atmos\/publicaciones\/congresos\/congresos\/2022-11th-international-aerosol-conference\/","title":{"rendered":"2022 11th International Aerosol Conference"},"content":{"rendered":"<p>Air quality in the city of Le\u00f3n: the role of air masses.<\/p>\n<p><em>(M. Huertas, E.D Vicente, A.I Calvo and R. Fraile)<\/em><\/p>\n<ul>\n<li><a href=\"https:\/\/grupos.unileon.es\/atmos\/files\/2024\/08\/2022_IAC_MHuertas_Abstract.pdf\">Abstract<\/a><\/li>\n<li><a href=\"https:\/\/grupos.unileon.es\/atmos\/files\/2024\/08\/2022_IAC_MHuertas.pdf\">Poster<\/a><\/li>\n<\/ul>\n<p>Analysis of gaseous and aerosol particle concentration in college classes during COVID-19 pandemic.<\/p>\n<p><em>(C. Blanco-Alegre, A.I. Calvo and R. Fraile)<\/em><\/p>\n<ul>\n<li><a href=\"https:\/\/grupos.unileon.es\/atmos\/files\/2024\/08\/2022_IAC_Carlos_Abstract.pdf\">Abstract<\/a><\/li>\n<li><a href=\"https:\/\/grupos.unileon.es\/atmos\/files\/2024\/08\/2022_IAC_Carlos.pdf\">Poster<\/a><\/li>\n<\/ul>\n<p>Coal combustion in a domestic device: Spectrometric characterization of fly ashes.<\/p>\n<p><em>(P. Rodr\u00edguez-Rodr\u00edguez, F.J. Pereira, R. L\u00f3pez, A.J. Aller, C. Blanco-Alegre, E. Vicente, C. Alves, A.I. Calvo and R. Fraile)<\/em><\/p>\n<ul>\n<li><a href=\"https:\/\/grupos.unileon.es\/atmos\/files\/2024\/08\/2022_IAC_Paula_Abstract.pdf\">Abstract<\/a><\/li>\n<li><a href=\"https:\/\/grupos.unileon.es\/atmos\/files\/2024\/08\/2022_IAC_Paula.pdf\">Poster<\/a><\/li>\n<\/ul>\n<p>Effect of wind direction in airborne <i>Alternaria<\/i> spore concentration.<\/p>\n<p><em>(A. Rodr\u00edguez-Fern\u00e1ndez, C. Blanco-Alegre, A.M. Vega-Maray, R.M. Valencia-Barrera, D. Fern\u00e1ndez-Gonz\u00e1lez)<\/em><\/p>\n<ul>\n<li><a href=\"https:\/\/grupos.unileon.es\/atmos\/files\/2024\/08\/2022_IAC_ARodriguezFernandez_Abstract.pdf\">Abstract<\/a><\/li>\n<li><a href=\"https:\/\/grupos.unileon.es\/atmos\/files\/2024\/08\/2022_IAC_ARodriguezFernandez.pdf\">Poster<\/a><\/li>\n<\/ul>\n<p>Emissions from residential combustion of several types of mineral coal.<\/p>\n<p><em>(E.D. Vicente, A.I. Calvo, C. Alves, C. Blanco Alegre, R. Fraile)<\/em><\/p>\n<ul>\n<li><a href=\"https:\/\/grupos.unileon.es\/atmos\/files\/2024\/08\/2022_IAC_Estela_Abstract.pdf\">Abstract<\/a><\/li>\n<li><a href=\"https:\/\/grupos.unileon.es\/atmos\/files\/2024\/08\/2022_IAC_Estela.pdf\">Poster<\/a><\/li>\n<\/ul>\n<p>Emissions from 3D printing processes: comparison of printing systems.<\/p>\n<p><em>(F. Oduber, C. Blanco-Alegre, A.I. Calvo, A. Castro, A.I. Fern\u00e1ndez-Abia, M.A. Castro-Sastre, P. Rodr\u00edguez-Gonz\u00e1lez, J. Barreiro, R. Fraile)<\/em><\/p>\n<ul>\n<li><a href=\"https:\/\/grupos.unileon.es\/atmos\/files\/2024\/08\/2022_IAC_FOduber_Abstract.pdf\">Abstract<\/a><\/li>\n<li><a href=\"https:\/\/grupos.unileon.es\/atmos\/files\/2024\/08\/2022_IAC_FOduber.pdf\">Poster<\/a><\/li>\n<\/ul>\n<p>Events of biomass burning affecting mainland Spain from 2005 to 2020.<\/p>\n<p><em>(A. Mart\u00ednez, E.D. Vicente, A.I. Calvo, C. Blanco-Alegre and R. Fraile)<\/em><\/p>\n<ul>\n<li><a href=\"https:\/\/grupos.unileon.es\/atmos\/files\/2024\/08\/2022_IAC_AMartinez_Abstract.pdf\">Abstract<\/a><\/li>\n<li><a href=\"https:\/\/grupos.unileon.es\/atmos\/files\/2024\/08\/2022_IAC_AMartinez.pdf\">Poster<\/a><\/li>\n<\/ul>\n<p>Extraordinary Saharan dust outbreak in mainland Spain (March 2022): Impact on PM<sub>10<\/sub> levels.<\/p>\n<p><em>(L.B. Osa-Akara, A.I. Calvo, C. Gon\u00e7alves, C. Blanco-Alegre, R. Fraile)<\/em><\/p>\n<ul>\n<li><a href=\"https:\/\/grupos.unileon.es\/atmos\/files\/2024\/08\/2022_IAC_Lucrecia_Abstract.pdf\">Abstract<\/a><\/li>\n<li><a href=\"https:\/\/grupos.unileon.es\/atmos\/files\/2024\/08\/2022_IAC_Lucrecia.pdf\">Poster<\/a><\/li>\n<\/ul>\n<p>Observational Evidence for Long-Range Transport of Bioaerosols by African Dust.<\/p>\n<p><em>(A.I. Calvo, B. Serangi, D. Topping, D. Baumgardner, D. Hagen, R. Fraile, C. Gon\u00e7alves, E. Vicente, C. Blanco-Alegre and O. Mayol-Bracero)<\/em><\/p>\n<ul>\n<li><a href=\"https:\/\/grupos.unileon.es\/atmos\/files\/2024\/08\/2022_IAC_Ana_Abstract.pdf\">Abstract<\/a><\/li>\n<li><a href=\"https:\/\/grupos.unileon.es\/atmos\/files\/2024\/08\/2022_IAC_Ana.pdf\">Poster<\/a><\/li>\n<\/ul>\n<p>Spatial-temporal variation of air quality in Le\u00f3n (Spain).<\/p>\n<p><em>(I. Postigo, C. Gon\u00e7alves, A.I. Calvo, C. Blanco-Alegre, F. Oduber and R. Fraile)<\/em><\/p>\n<ul>\n<li><a href=\"https:\/\/grupos.unileon.es\/atmos\/files\/2024\/08\/2022_IAC_IPostigo_Abstract.pdf\">Abstract<\/a><\/li>\n<li><a href=\"https:\/\/grupos.unileon.es\/atmos\/files\/2024\/08\/2022_IAC_IPostigo.pdf\">Poster<\/a><\/li>\n<\/ul>\n","protected":false},"excerpt":{"rendered":"<p>Air quality in the city of Le\u00f3n: the role of air masses. (M. Huertas, E.D Vicente, A.I Calvo and R. Fraile) Abstract Poster Analysis of gaseous and aerosol particle concentration in college classes during COVID-19 pandemic. (C. Blanco-Alegre, A.I. Calvo and R. Fraile) Abstract Poster Coal combustion in a domestic device: Spectrometric characterization of fly [&hellip;]<\/p>\n","protected":false},"author":105,"featured_media":0,"parent":410,"menu_order":0,"comment_status":"closed","ping_status":"closed","template":"","meta":{"footnotes":""},"class_list":["post-936","page","type-page","status-publish","hentry"],"_links":{"self":[{"href":"https:\/\/grupos.unileon.es\/atmos\/wp-json\/wp\/v2\/pages\/936","targetHints":{"allow":["GET"]}}],"collection":[{"href":"https:\/\/grupos.unileon.es\/atmos\/wp-json\/wp\/v2\/pages"}],"about":[{"href":"https:\/\/grupos.unileon.es\/atmos\/wp-json\/wp\/v2\/types\/page"}],"author":[{"embeddable":true,"href":"https:\/\/grupos.unileon.es\/atmos\/wp-json\/wp\/v2\/users\/105"}],"replies":[{"embeddable":true,"href":"https:\/\/grupos.unileon.es\/atmos\/wp-json\/wp\/v2\/comments?post=936"}],"version-history":[{"count":7,"href":"https:\/\/grupos.unileon.es\/atmos\/wp-json\/wp\/v2\/pages\/936\/revisions"}],"predecessor-version":[{"id":1292,"href":"https:\/\/grupos.unileon.es\/atmos\/wp-json\/wp\/v2\/pages\/936\/revisions\/1292"}],"up":[{"embeddable":true,"href":"https:\/\/grupos.unileon.es\/atmos\/wp-json\/wp\/v2\/pages\/410"}],"wp:attachment":[{"href":"https:\/\/grupos.unileon.es\/atmos\/wp-json\/wp\/v2\/media?parent=936"}],"curies":[{"name":"wp","href":"https:\/\/api.w.org\/{rel}","templated":true}]}}