{"id":12,"date":"2015-01-27T10:00:34","date_gmt":"2015-01-27T10:00:34","guid":{"rendered":"http:\/\/grupos.unileon.es\/cadep-crue\/?page_id=12"},"modified":"2015-04-21T11:35:40","modified_gmt":"2015-04-21T11:35:40","slug":"enlaces-de-interes","status":"publish","type":"page","link":"https:\/\/grupos.unileon.es\/cadep-crue\/enlaces-de-interes\/","title":{"rendered":"ENLACES DE INTER\u00c9S"},"content":{"rendered":"<p>CRUE: <a href=\"http:\/\/www.crue.org\/Paginas\/Inicio.aspx?Mobile=0\" target=\"_blank\">http:\/\/www.crue.org\/Paginas\/Inicio.aspx?Mobile=0<\/a><\/p>\n<p>Turismo de Le\u00f3n: <a href=\"http:\/\/www.turismoleon.org\/turismo\/leon-ciudad.php\" target=\"_blank\">http:\/\/www.turismoleon.org\/turismo\/leon-ciudad.php<\/a><\/p>\n<p>Turismo provincia de Le\u00f3n: <a href=\"http:\/\/www.turisleon.com\/\" target=\"_blank\">http:\/\/www.turisleon.com\/<\/a><\/p>\n<p>Renfe: <a href=\"http:\/\/www.renfe.com\/\" target=\"_blank\">http:\/\/www.renfe.com\/<\/a><\/p>\n<p>Alsa: <a href=\"http:\/\/www.alsa.es\/\" target=\"_blank\">http:\/\/www.alsa.es\/<\/a><\/p>\n<p>Alesa (Autobuses urbanos de Le\u00f3n): <a href=\"http:\/\/www.alesa-alsa.com\/\" target=\"_blank\">http:\/\/www.alesa-alsa.com\/<\/a><\/p>\n<p>Taxis Le\u00f3n: 987 26 14 15<\/p>\n<p>Restaurantes de Le\u00f3n que han colaborado desinteresadamente con la ULe-REUS:<\/p>\n<ul>\n<li>Restaurante Delirios (Le\u00f3n-zona Catedral): <a href=\"http:\/\/restaurantedelirios.com\/\" target=\"_blank\">http:\/\/restaurantedelirios.com\/<\/a><\/li>\n<li>Restaurante Serrano (Astorga): <a href=\"http:\/\/www.restauranteserrano.es\/\" target=\"_blank\">http:\/\/www.restauranteserrano.es\/<\/a><\/li>\n<li>Cooperativa de Mujeres del Monte de Tabuyo (Tabuyo del Monte): <a href=\"http:\/\/www.delmontedetabuyo.com\/\" target=\"_blank\">http:\/\/www.delmontedetabuyo.com\/<\/a><\/li>\n<li>La Vespa 50 (Le\u00f3n, zona H\u00famedo): <a href=\"https:\/\/www.facebook.com\/pages\/La-Vespa-50\/1485950231661345\" target=\"_blank\">https:\/\/www.facebook.com\/pages\/La-Vespa-50\/1485950231661345<\/a><\/li>\n<li>Domus Panis (Trobajo del Camino): <a href=\"https:\/\/www.domuspanis.com\/\" target=\"_blank\">https:\/\/www.domuspanis.com\/<\/a><\/li>\n<\/ul>\n<p>&nbsp;<\/p>\n<p>&nbsp;<\/p>\n<p>&nbsp;<\/p>\n<p>&nbsp;<\/p>\n","protected":false},"excerpt":{"rendered":"<p>CRUE: http:\/\/www.crue.org\/Paginas\/Inicio.aspx?Mobile=0 Turismo de Le\u00f3n: http:\/\/www.turismoleon.org\/turismo\/leon-ciudad.php Turismo provincia de Le\u00f3n: http:\/\/www.turisleon.com\/ Renfe: http:\/\/www.renfe.com\/ Alsa: http:\/\/www.alsa.es\/ Alesa (Autobuses urbanos de Le\u00f3n): http:\/\/www.alesa-alsa.com\/ Taxis Le\u00f3n: 987 26 14 15 Restaurantes de Le\u00f3n que han colaborado desinteresadamente con la ULe-REUS: Restaurante Delirios (Le\u00f3n-zona Catedral): http:\/\/restaurantedelirios.com\/ Restaurante Serrano (Astorga): http:\/\/www.restauranteserrano.es\/ Cooperativa de Mujeres del Monte de Tabuyo (Tabuyo del [&hellip;]<\/p>\n","protected":false},"author":35,"featured_media":0,"parent":0,"menu_order":0,"comment_status":"closed","ping_status":"closed","template":"","meta":{"footnotes":""},"class_list":["post-12","page","type-page","status-publish","hentry"],"_links":{"self":[{"href":"https:\/\/grupos.unileon.es\/cadep-crue\/wp-json\/wp\/v2\/pages\/12","targetHints":{"allow":["GET"]}}],"collection":[{"href":"https:\/\/grupos.unileon.es\/cadep-crue\/wp-json\/wp\/v2\/pages"}],"about":[{"href":"https:\/\/grupos.unileon.es\/cadep-crue\/wp-json\/wp\/v2\/types\/page"}],"author":[{"embeddable":true,"href":"https:\/\/grupos.unileon.es\/cadep-crue\/wp-json\/wp\/v2\/users\/35"}],"replies":[{"embeddable":true,"href":"https:\/\/grupos.unileon.es\/cadep-crue\/wp-json\/wp\/v2\/comments?post=12"}],"version-history":[{"count":16,"href":"https:\/\/grupos.unileon.es\/cadep-crue\/wp-json\/wp\/v2\/pages\/12\/revisions"}],"predecessor-version":[{"id":130,"href":"https:\/\/grupos.unileon.es\/cadep-crue\/wp-json\/wp\/v2\/pages\/12\/revisions\/130"}],"wp:attachment":[{"href":"https:\/\/grupos.unileon.es\/cadep-crue\/wp-json\/wp\/v2\/media?parent=12"}],"curies":[{"name":"wp","href":"https:\/\/api.w.org\/{rel}","templated":true}]}}