{"id":19,"date":"2015-01-27T11:54:34","date_gmt":"2015-01-27T11:54:34","guid":{"rendered":"http:\/\/grupos.unileon.es\/cadep-crue\/?page_id=19"},"modified":"2015-04-17T08:10:28","modified_gmt":"2015-04-17T08:10:28","slug":"localizacion","status":"publish","type":"page","link":"https:\/\/grupos.unileon.es\/cadep-crue\/localizacion\/","title":{"rendered":"LOCALIZACI\u00d3N DE LAS JORNADAS CADEP-CRUE LE\u00d3N."},"content":{"rendered":"<p>&nbsp;<\/p>\n<p>Las Jornadas de la CADEP-CRUE en Le\u00f3n se celebrar\u00e1n en el Edificio Rectorado de la Universidad de Le\u00f3n.<\/p>\n<p>En el mapa puede ver la ubicaci\u00f3n:<br \/>\n<iframe loading=\"lazy\" style=\"border: 0px currentColor;\" src=\"https:\/\/www.google.com\/maps\/embed?pb=!1m18!1m12!1m3!1d2937.235278790003!2d-5.575832338098135!3d42.59275142374277!2m3!1f0!2f0!3f0!3m2!1i1024!2i768!4f13.1!3m3!1m2!1s0x0000000000000000%3A0xc283e0175a4b21df!2sUle+Universidad+P%C3%BAblica+De+Le%C3%B3n+Centralita!5e0!3m2!1ses!2ses!4v1427113803648\" width=\"600\" height=\"450\" frameborder=\"0\"><\/iframe><\/p>\n<div><\/div>\n<div>\n<div>\u00a0<strong>Coordenadas<\/strong>:<\/div>\n<div>\n<div>\n<div class=\"gm-style-iw\">\n<div>\n<div>\n<div id=\"infowindow\">\n<p><strong>Latitud<\/strong>: 42.593506 (42\u00ba 35&#8242; 36.62&#8243; N)<\/p>\n<p><strong>Longitud<\/strong>: -5.576316 (5\u00ba 34&#8242; 34.74&#8243; W)<\/p>\n<\/div>\n<\/div>\n<\/div>\n<\/div>\n<\/div>\n<\/div>\n<\/div>\n<p><a href=\"http:\/\/grupos.unileon.es\/cadep-crue\/files\/2015\/01\/arectorado1.jpg\"><img loading=\"lazy\" decoding=\"async\" class=\"alignnone size-medium wp-image-102\" src=\"http:\/\/grupos.unileon.es\/cadep-crue\/files\/2015\/01\/arectorado1-300x200.jpg\" alt=\"arectorado1\" width=\"300\" height=\"200\" srcset=\"https:\/\/grupos.unileon.es\/cadep-crue\/files\/2015\/01\/arectorado1-300x200.jpg 300w, https:\/\/grupos.unileon.es\/cadep-crue\/files\/2015\/01\/arectorado1.jpg 1000w\" sizes=\"auto, (max-width: 300px) 100vw, 300px\" \/><\/a><\/p>\n<p><a href=\"http:\/\/grupos.unileon.es\/cadep-crue\/files\/2015\/01\/Aula-Magna-San-Isidoro-01.jpg\"><img loading=\"lazy\" decoding=\"async\" class=\" size-medium wp-image-103 alignleft\" src=\"http:\/\/grupos.unileon.es\/cadep-crue\/files\/2015\/01\/Aula-Magna-San-Isidoro-01-300x200.jpg\" alt=\"Aula Magna San Isidoro-01\" width=\"300\" height=\"200\" srcset=\"https:\/\/grupos.unileon.es\/cadep-crue\/files\/2015\/01\/Aula-Magna-San-Isidoro-01-300x200.jpg 300w, https:\/\/grupos.unileon.es\/cadep-crue\/files\/2015\/01\/Aula-Magna-San-Isidoro-01-1024x683.jpg 1024w\" sizes=\"auto, (max-width: 300px) 100vw, 300px\" \/><\/a><\/p>\n<p><a href=\"http:\/\/grupos.unileon.es\/cadep-crue\/files\/2015\/01\/Sala-Padre-Mart\u00edn-Sarmiento-04.jpg\"><img loading=\"lazy\" decoding=\"async\" class=\"alignnone size-medium wp-image-110\" src=\"http:\/\/grupos.unileon.es\/cadep-crue\/files\/2015\/01\/Sala-Padre-Mart\u00edn-Sarmiento-04-300x200.jpg\" alt=\"Sala Padre Mart\u00edn  Sarmiento-04\" width=\"300\" height=\"200\" srcset=\"https:\/\/grupos.unileon.es\/cadep-crue\/files\/2015\/01\/Sala-Padre-Mart\u00edn-Sarmiento-04-300x200.jpg 300w, https:\/\/grupos.unileon.es\/cadep-crue\/files\/2015\/01\/Sala-Padre-Mart\u00edn-Sarmiento-04-1024x683.jpg 1024w\" sizes=\"auto, (max-width: 300px) 100vw, 300px\" \/><\/a><\/p>\n<p><a href=\"http:\/\/grupos.unileon.es\/cadep-crue\/files\/2015\/01\/Paraninfo-Gord\u00f3n-Ord\u00e1s-02.jpg\"><img loading=\"lazy\" decoding=\"async\" class=\" size-medium wp-image-109 alignleft\" src=\"http:\/\/grupos.unileon.es\/cadep-crue\/files\/2015\/01\/Paraninfo-Gord\u00f3n-Ord\u00e1s-02-300x225.jpg\" alt=\"EPSON DSC picture\" width=\"300\" height=\"225\" srcset=\"https:\/\/grupos.unileon.es\/cadep-crue\/files\/2015\/01\/Paraninfo-Gord\u00f3n-Ord\u00e1s-02-300x225.jpg 300w, https:\/\/grupos.unileon.es\/cadep-crue\/files\/2015\/01\/Paraninfo-Gord\u00f3n-Ord\u00e1s-02-1024x768.jpg 1024w, https:\/\/grupos.unileon.es\/cadep-crue\/files\/2015\/01\/Paraninfo-Gord\u00f3n-Ord\u00e1s-02.jpg 2048w\" sizes=\"auto, (max-width: 300px) 100vw, 300px\" \/><\/a><\/p>\n<p>&nbsp;<\/p>\n<p>&nbsp;<\/p>\n<p>&nbsp;<\/p>\n<p>&nbsp;<\/p>\n<p>&nbsp;<\/p>\n<p>&nbsp;<\/p>\n<p>&nbsp;<\/p>\n","protected":false},"excerpt":{"rendered":"<p>&nbsp; Las Jornadas de la CADEP-CRUE en Le\u00f3n se celebrar\u00e1n en el Edificio Rectorado de la Universidad de Le\u00f3n. En el mapa puede ver la ubicaci\u00f3n: \u00a0Coordenadas: Latitud: 42.593506 (42\u00ba 35&#8242; 36.62&#8243; N) Longitud: -5.576316 (5\u00ba 34&#8242; 34.74&#8243; W) &nbsp; &nbsp; &nbsp; &nbsp; &nbsp; &nbsp; &nbsp;<\/p>\n","protected":false},"author":35,"featured_media":0,"parent":0,"menu_order":0,"comment_status":"closed","ping_status":"closed","template":"","meta":{"footnotes":""},"class_list":["post-19","page","type-page","status-publish","hentry"],"_links":{"self":[{"href":"https:\/\/grupos.unileon.es\/cadep-crue\/wp-json\/wp\/v2\/pages\/19","targetHints":{"allow":["GET"]}}],"collection":[{"href":"https:\/\/grupos.unileon.es\/cadep-crue\/wp-json\/wp\/v2\/pages"}],"about":[{"href":"https:\/\/grupos.unileon.es\/cadep-crue\/wp-json\/wp\/v2\/types\/page"}],"author":[{"embeddable":true,"href":"https:\/\/grupos.unileon.es\/cadep-crue\/wp-json\/wp\/v2\/users\/35"}],"replies":[{"embeddable":true,"href":"https:\/\/grupos.unileon.es\/cadep-crue\/wp-json\/wp\/v2\/comments?post=19"}],"version-history":[{"count":12,"href":"https:\/\/grupos.unileon.es\/cadep-crue\/wp-json\/wp\/v2\/pages\/19\/revisions"}],"predecessor-version":[{"id":108,"href":"https:\/\/grupos.unileon.es\/cadep-crue\/wp-json\/wp\/v2\/pages\/19\/revisions\/108"}],"wp:attachment":[{"href":"https:\/\/grupos.unileon.es\/cadep-crue\/wp-json\/wp\/v2\/media?parent=19"}],"curies":[{"name":"wp","href":"https:\/\/api.w.org\/{rel}","templated":true}]}}