{"id":2,"date":"2015-01-16T08:26:42","date_gmt":"2015-01-16T08:26:42","guid":{"rendered":"http:\/\/grupos.unileon.es\/cadep-crue\/?page_id=2"},"modified":"2015-04-17T08:05:15","modified_gmt":"2015-04-17T08:05:15","slug":"pagina-ejemplo","status":"publish","type":"page","link":"https:\/\/grupos.unileon.es\/cadep-crue\/pagina-ejemplo\/","title":{"rendered":"INSCRIPCIONES (FORMULARIO)"},"content":{"rendered":"<p>Las inscripciones para la Jornada de la CADEP-CRUE que se celebrar\u00e1 en Le\u00f3n los d\u00edas 28 y 29 de Mayo de 2015\u00a0est\u00e1 disponible aqu\u00ed: <a href=\"http:\/\/goo.gl\/forms\/16qTGjqhK1\" target=\"_blank\">http:\/\/goo.gl\/forms\/16qTGjqhK1<\/a><\/p>\n<p>En caso de asistencia de dos o m\u00e1s personas por cada Universidad\/Organizaci\u00f3n, se deber\u00e1 rellenar un formulario de inscripci\u00f3n por persona.<\/p>\n","protected":false},"excerpt":{"rendered":"<p>Las inscripciones para la Jornada de la CADEP-CRUE que se celebrar\u00e1 en Le\u00f3n los d\u00edas 28 y 29 de Mayo de 2015\u00a0est\u00e1 disponible aqu\u00ed: http:\/\/goo.gl\/forms\/16qTGjqhK1 En caso de asistencia de dos o m\u00e1s personas por cada Universidad\/Organizaci\u00f3n, se deber\u00e1 rellenar un formulario de inscripci\u00f3n por persona.<\/p>\n","protected":false},"author":1,"featured_media":0,"parent":0,"menu_order":0,"comment_status":"closed","ping_status":"closed","template":"","meta":{"footnotes":""},"class_list":["post-2","page","type-page","status-publish","hentry"],"_links":{"self":[{"href":"https:\/\/grupos.unileon.es\/cadep-crue\/wp-json\/wp\/v2\/pages\/2","targetHints":{"allow":["GET"]}}],"collection":[{"href":"https:\/\/grupos.unileon.es\/cadep-crue\/wp-json\/wp\/v2\/pages"}],"about":[{"href":"https:\/\/grupos.unileon.es\/cadep-crue\/wp-json\/wp\/v2\/types\/page"}],"author":[{"embeddable":true,"href":"https:\/\/grupos.unileon.es\/cadep-crue\/wp-json\/wp\/v2\/users\/1"}],"replies":[{"embeddable":true,"href":"https:\/\/grupos.unileon.es\/cadep-crue\/wp-json\/wp\/v2\/comments?post=2"}],"version-history":[{"count":7,"href":"https:\/\/grupos.unileon.es\/cadep-crue\/wp-json\/wp\/v2\/pages\/2\/revisions"}],"predecessor-version":[{"id":63,"href":"https:\/\/grupos.unileon.es\/cadep-crue\/wp-json\/wp\/v2\/pages\/2\/revisions\/63"}],"wp:attachment":[{"href":"https:\/\/grupos.unileon.es\/cadep-crue\/wp-json\/wp\/v2\/media?parent=2"}],"curies":[{"name":"wp","href":"https:\/\/api.w.org\/{rel}","templated":true}]}}