{"id":35,"date":"2015-03-26T12:54:52","date_gmt":"2015-03-26T12:54:52","guid":{"rendered":"http:\/\/grupos.unileon.es\/cadep-crue\/?page_id=35"},"modified":"2015-04-17T08:26:20","modified_gmt":"2015-04-17T08:26:20","slug":"alojamientos","status":"publish","type":"page","link":"https:\/\/grupos.unileon.es\/cadep-crue\/alojamientos\/","title":{"rendered":"ALOJAMIENTOS"},"content":{"rendered":"<p>Los alojamientos disponibles para la CADEP-CRUE se tramitar\u00e1n a trav\u00e9s de la agencia de viajes BARCEL\u00d3 VIAJES. Aqu\u00ed est\u00e1 disponible el formulario de reserva de hoteles: <a href=\"http:\/\/grupos.unileon.es\/cadep-crue\/files\/2015\/03\/BOLETIN-DE-ALOJAMIENTO1.pdf\">BOLETIN DE ALOJAMIENTO<\/a><\/p>\n<p>Los hoteles ofertados son:<\/p>\n<ul>\n<li>Hotel Conde Luna ****: <a href=\"http:\/\/www.hotelcondeluna.es\/\" target=\"_blank\">http:\/\/www.hotelcondeluna.es\/<\/a><\/li>\n<li>Hotel Alfonso V ****: <a href=\"http:\/\/www.hotelalfonsov.com\/\" target=\"_blank\">http:\/\/www.hotelalfonsov.com\/<\/a><\/li>\n<li>Hotel Silken Luis de Le\u00f3n ****: <a href=\"http:\/\/www.hoteles-silken.com\/hoteles\/luis-de-leon\/\" target=\"_blank\">http:\/\/www.hoteles-silken.com\/hoteles\/luis-de-leon\/<\/a><\/li>\n<li>Hotel AC Le\u00f3n San Antonio ****: <a href=\"http:\/\/www.espanol.marriott.com\/hotels\/travel\/lenac-ac-hotel-leon-san-antonio\/\" target=\"_blank\">http:\/\/www.espanol.marriott.com\/hotels\/travel\/lenac-ac-hotel-leon-san-antonio\/<\/a><\/li>\n<\/ul>\n<p>&nbsp;<\/p>\n<p>Por favor, rellene el bolet\u00edn de alojamiento y env\u00edelo mediante correo electr\u00f3nico o fax a:<\/p>\n<p align=\"LEFT\">BARCELO VIAJES (Oficina Le\u00f3n). Tfno: 987 244 148; Fax: 902 503 282; correo electr\u00f3nico: <a href=\"mailto:joleon@barceloviajes.com\" target=\"_blank\">joleon@barceloviajes.com<\/a><\/p>\n<p align=\"LEFT\">Otra opci\u00f3n es alojarse en Hostel: <a href=\"http:\/\/www.leonhostel.es\/\" target=\"_blank\">http:\/\/www.leonhostel.es\/<\/a><\/p>\n","protected":false},"excerpt":{"rendered":"<p>Los alojamientos disponibles para la CADEP-CRUE se tramitar\u00e1n a trav\u00e9s de la agencia de viajes BARCEL\u00d3 VIAJES. Aqu\u00ed est\u00e1 disponible el formulario de reserva de hoteles: BOLETIN DE ALOJAMIENTO Los hoteles ofertados son: Hotel Conde Luna ****: http:\/\/www.hotelcondeluna.es\/ Hotel Alfonso V ****: http:\/\/www.hotelalfonsov.com\/ Hotel Silken Luis de Le\u00f3n ****: http:\/\/www.hoteles-silken.com\/hoteles\/luis-de-leon\/ Hotel AC Le\u00f3n San Antonio [&hellip;]<\/p>\n","protected":false},"author":35,"featured_media":0,"parent":0,"menu_order":0,"comment_status":"closed","ping_status":"closed","template":"","meta":{"footnotes":""},"class_list":["post-35","page","type-page","status-publish","hentry"],"_links":{"self":[{"href":"https:\/\/grupos.unileon.es\/cadep-crue\/wp-json\/wp\/v2\/pages\/35","targetHints":{"allow":["GET"]}}],"collection":[{"href":"https:\/\/grupos.unileon.es\/cadep-crue\/wp-json\/wp\/v2\/pages"}],"about":[{"href":"https:\/\/grupos.unileon.es\/cadep-crue\/wp-json\/wp\/v2\/types\/page"}],"author":[{"embeddable":true,"href":"https:\/\/grupos.unileon.es\/cadep-crue\/wp-json\/wp\/v2\/users\/35"}],"replies":[{"embeddable":true,"href":"https:\/\/grupos.unileon.es\/cadep-crue\/wp-json\/wp\/v2\/comments?post=35"}],"version-history":[{"count":8,"href":"https:\/\/grupos.unileon.es\/cadep-crue\/wp-json\/wp\/v2\/pages\/35\/revisions"}],"predecessor-version":[{"id":124,"href":"https:\/\/grupos.unileon.es\/cadep-crue\/wp-json\/wp\/v2\/pages\/35\/revisions\/124"}],"wp:attachment":[{"href":"https:\/\/grupos.unileon.es\/cadep-crue\/wp-json\/wp\/v2\/media?parent=35"}],"curies":[{"name":"wp","href":"https:\/\/api.w.org\/{rel}","templated":true}]}}