{"id":139,"date":"2026-02-11T12:11:19","date_gmt":"2026-02-11T12:11:19","guid":{"rendered":"https:\/\/grupos.unileon.es\/comite-pas\/?page_id=139"},"modified":"2026-02-13T07:04:11","modified_gmt":"2026-02-13T07:04:11","slug":"proclamacion-de-candidaturas","status":"publish","type":"page","link":"https:\/\/grupos.unileon.es\/comite-pas\/elecciones-al-comite-de-empresa-del-ptgas-laboral-2026\/proclamacion-de-candidaturas\/","title":{"rendered":"Proclamaci\u00f3n de Candidaturas"},"content":{"rendered":"<p>&nbsp;<\/p>\n<h2>Proclamaci\u00f3n Definitiva de Candidaturas<\/h2>\n<ul>\n<li><a href=\"https:\/\/grupos.unileon.es\/comite-pas\/files\/2026\/02\/elecciones_al_comite_de_empresa_del_ptgas2026_candidatura_provisional_ccoo_colegio1.pdf\">Candidatura CCOO ESPECIALISTAS Y NO CUALIFICADOS<\/a><\/li>\n<li><a href=\"https:\/\/grupos.unileon.es\/comite-pas\/files\/2026\/02\/elecciones_al_comite_de_empresa_del_ptgas2026_candidatura_provisional_ccoo_colegio2.pdf\">Candidatura CCOO T\u00c9CNICOS Y ADMINISTRATIVOS<\/a><\/li>\n<li><a href=\"https:\/\/grupos.unileon.es\/comite-pas\/files\/2026\/02\/elecciones_al_comite_de_empresa_del_ptgas2026_candidatura_provisional_csif_colegio1.pdf\">Candidatura CSIF ESPECIALISTAS Y NO CUALIFICADOS<\/a><\/li>\n<li><a href=\"https:\/\/grupos.unileon.es\/comite-pas\/files\/2026\/02\/elecciones_al_comite_de_empresa_del_ptgas2026_candidatura_provisional_csif_colegio2.pdf\">Candidatura CSIF T\u00c9CNICOS Y ADMINISTRATIVOS<\/a><\/li>\n<li><a href=\"https:\/\/grupos.unileon.es\/comite-pas\/files\/2026\/02\/elecciones_al_comite_de_empresa_del_ptgas2026_candidatura_provisional_ugt_colegio1.pdf\">Candidatura UGT ESPECIALISTAS Y NO CUALIFICADOS<\/a><\/li>\n<li><a href=\"https:\/\/grupos.unileon.es\/comite-pas\/files\/2026\/02\/elecciones_al_comite_de_empresa_del_ptgas2026_candidatura_provisional_ugt_colegio2.pdf\">Candidatura UGT T\u00c9CNICOS Y ADMINISTRATIVOS<\/a><\/li>\n<\/ul>\n","protected":false},"excerpt":{"rendered":"<p>&nbsp; Proclamaci\u00f3n Definitiva de Candidaturas Candidatura CCOO ESPECIALISTAS Y NO CUALIFICADOS Candidatura CCOO T\u00c9CNICOS Y ADMINISTRATIVOS Candidatura CSIF ESPECIALISTAS Y NO CUALIFICADOS Candidatura CSIF T\u00c9CNICOS Y ADMINISTRATIVOS Candidatura UGT ESPECIALISTAS Y NO CUALIFICADOS Candidatura UGT T\u00c9CNICOS Y ADMINISTRATIVOS<\/p>\n","protected":false},"author":50,"featured_media":0,"parent":106,"menu_order":0,"comment_status":"closed","ping_status":"closed","template":"","meta":{"footnotes":""},"class_list":["post-139","page","type-page","status-publish","hentry"],"_links":{"self":[{"href":"https:\/\/grupos.unileon.es\/comite-pas\/wp-json\/wp\/v2\/pages\/139","targetHints":{"allow":["GET"]}}],"collection":[{"href":"https:\/\/grupos.unileon.es\/comite-pas\/wp-json\/wp\/v2\/pages"}],"about":[{"href":"https:\/\/grupos.unileon.es\/comite-pas\/wp-json\/wp\/v2\/types\/page"}],"author":[{"embeddable":true,"href":"https:\/\/grupos.unileon.es\/comite-pas\/wp-json\/wp\/v2\/users\/50"}],"replies":[{"embeddable":true,"href":"https:\/\/grupos.unileon.es\/comite-pas\/wp-json\/wp\/v2\/comments?post=139"}],"version-history":[{"count":3,"href":"https:\/\/grupos.unileon.es\/comite-pas\/wp-json\/wp\/v2\/pages\/139\/revisions"}],"predecessor-version":[{"id":150,"href":"https:\/\/grupos.unileon.es\/comite-pas\/wp-json\/wp\/v2\/pages\/139\/revisions\/150"}],"up":[{"embeddable":true,"href":"https:\/\/grupos.unileon.es\/comite-pas\/wp-json\/wp\/v2\/pages\/106"}],"wp:attachment":[{"href":"https:\/\/grupos.unileon.es\/comite-pas\/wp-json\/wp\/v2\/media?parent=139"}],"curies":[{"name":"wp","href":"https:\/\/api.w.org\/{rel}","templated":true}]}}