{"id":14,"date":"2023-01-24T10:18:18","date_gmt":"2023-01-24T10:18:18","guid":{"rendered":"https:\/\/grupos.unileon.es\/comite-pas\/?page_id=14"},"modified":"2026-03-20T08:36:32","modified_gmt":"2026-03-20T08:36:32","slug":"comunicaciones-y-otras-informaciones","status":"publish","type":"page","link":"https:\/\/grupos.unileon.es\/comite-pas\/comunicaciones-y-otras-informaciones\/","title":{"rendered":"Comunicaciones y otras informaciones"},"content":{"rendered":"<div class=\"content\">\n<div class=\"field field--name-body field--type-text-with-summary field--label-hidden field--item\" property=\"schema:text\">\n<table style=\"width:100%\">\n<tbody>\n<tr>\n<th>Fecha<\/th>\n<th>T\u00edtulo<\/th>\n<th>Descripci\u00f3n<\/th>\n<\/tr>\n<tr>\n<td>04\/04\/2025<\/td>\n<td>Acuerdo de Vestuario<\/td>\n<td><a href=\"https:\/\/grupos.unileon.es\/comite-pas\/files\/2026\/03\/acuerdo_vestuario20250404.pdf\">Acuerdo de Vestuario 2025<\/a><\/td>\n<\/tr>\n<tr>\n<td>14\/02\/2022<\/td>\n<td>Acuerdo de Vestuario<\/td>\n<td><a href=\"https:\/\/www.unileon.es\/modelos\/archivo\/comite\/20220505074325acuerdo_vestuario2022.pdf\">Acuerdo de Vestuario 2022<\/a><\/td>\n<\/tr>\n<tr>\n<td>04\/02\/2022<\/td>\n<td>Contrataci\u00f3n laboral temporal<\/td>\n<td><a href=\"https:\/\/www.unileon.es\/modelos\/archivo\/comite\/20220505074625acuerdo_contratacion_temporal2022.pdf\">Acuerdo Gerencia &#8211; Comit\u00e9 de empresa, sobre contrataci\u00f3n laboral temporal.<\/a><\/td>\n<\/tr>\n<tr>\n<td>01\/03\/2021<\/td>\n<td>Acuerdo de Vestuario 2021<\/td>\n<td><a href=\"https:\/\/www.unileon.es\/modelos\/archivo\/comite\/20210201103439entrada2021_13GERRopafirmado.pdf\">Acuerdo de Vestuario 2021<\/a><\/td>\n<\/tr>\n<tr>\n<td>01\/03\/2021<\/td>\n<td>Acuerdo Baremo<\/td>\n<td><a href=\"https:\/\/www.unileon.es\/modelos\/archivo\/comite\/20210314094643entrada2021_12GERBaremofirmado.pdf\">Baremo PAS laboral para todos los procesos de provisi\u00f3n de plazas, fijas y temporales.<\/a><\/td>\n<\/tr>\n<tr>\n<td>06\/05\/2019<\/td>\n<td>ACUERDO Vestuario 2019<\/td>\n<td><a href=\"https:\/\/www.unileon.es\/modelos\/archivo\/comite\/20190406112803entrada2019_05AcuerdodeVestuario2019.pdf\">Se adjutna el acuerdo de vestuario para el a\u00f1o 2019.<\/a><\/td>\n<\/tr>\n<tr>\n<td>04\/05\/2018<\/td>\n<td>Contrataci\u00f3n laboral temporal.<\/td>\n<td><a href=\"https:\/\/www.unileon.es\/modelos\/archivo\/comite\/20180409074752entrada2018_25Acuerdocontrataciontemporal.pdf\">Acuerdo Gerencia y Comit\u00e9 de empresa. Sobre contrataci\u00f3n laboral temporal.<\/a><\/td>\n<\/tr>\n<tr>\n<td>23\/02\/2018<\/td>\n<td>2018 ACUERDO ABONO VESTUARIO 2018   <\/td>\n<td><a href=\"https:\/\/www.unileon.es\/modelos\/archivo\/comite\/20180127102913entrada2018_10acuerdovestuario2018.pdf\">Se adjunta el acuerdo de vestuario para el a\u00f1o 2018, se abonar\u00e1 en la n\u00f3mina de marzo, con un incremento del 1.5%<\/a><\/td>\n<\/tr>\n<tr>\n<td>23\/02\/2018<\/td>\n<td>REGLAMENTO DE PROCEDIMIENTO<\/td>\n<td><a href=\"https:\/\/www.unileon.es\/modelos\/archivo\/comite\/2018012710313520180221REGLAMENTOCOMITE.pdf\">Reglamento de procedimiento del comit\u00e9 de empresa del PAS Laboral, aprobado por el pleno del comit\u00e9 el 21\/02\/2018<\/a><\/td>\n<\/tr>\n<tr>\n<td>01\/12\/2017<\/td>\n<td>BAREMO PAS LABORAL  <\/td>\n<td><a href=\"https:\/\/www.unileon.es\/modelos\/archivo\/comite\/2017110109460920171130BaremoPASlaboral.Firmado.2017.pdf\">Acuerdo Gerencia y Comit\u00e9 de Empresa sobre normas generales aplicables a los procesos de traslados, promoci\u00f3n interna y acceso libre del  PAS laboral de la ULE.<\/a><\/td>\n<\/tr>\n<tr>\n<td>01\/12\/2017<\/td>\n<td>Anexo Baremo<\/td>\n<td><a href=\"https:\/\/www.unileon.es\/modelos\/archivo\/comite\/20171101094650anexobaremo.pdf\">ANEXO A INCLUIR EN TODAS LAS CONVOCATORIAS.<br \/>\nVALORACI\u00d3N DE ANTIG\u00dcEDAD Y EXPERIENCIA.<br \/>\n<\/a><\/td>\n<\/tr>\n<tr>\n<td>30\/06\/2017<\/td>\n<td>Contrataci\u00f3n laboral temporal 2017.<\/td>\n<td><a href=\"https:\/\/www.unileon.es\/modelos\/archivo\/comite\/20171030084224acuerdo-gerencia-comite-empresa-contratacion-laboral-temporal-2017.pdf\">Acuerdo Gerencia y Comit\u00e9 de empresa. Sobre contrataci\u00f3n laboral temporal. En vigor desde mayo de 2017.<\/a><\/td>\n<\/tr>\n<tr>\n<td>11\/11\/2015<\/td>\n<td>Resumen asamblea.\n<\/td>\n<td><a href=\"https:\/\/www.unileon.es\/modelos\/archivo\/comite\/20151016085253salida212015Resumenasamblea.pdf\">Celebrada el 5 de noviembre de 2015. Asunto transformaciones.<\/a><\/td>\n<\/tr>\n<tr>\n<td>04\/11\/2014<\/td>\n<td>Informaci\u00f3n al PAS Laboral.<\/td>\n<td><a href=\"https:\/\/www.unileon.es\/modelos\/archivo\/comite\/20141005091354salida362014emailinformacionPaslaboral.pdf\">Resumen del comit\u00e9 de empresa 11_2014, de fecha 29 de octubre de 2014.<\/a><\/td>\n<\/tr>\n<tr>\n<td>13\/06\/2012<\/td>\n<td>Contrataci\u00f3n laboral temporal 2012.<\/td>\n<td><a href=\"https:\/\/www.unileon.es\/modelos\/archivo\/comite\/20160313083253acuerdo-gerencia-comite-empresa-contratacion-laboral-temporal-2012.pdf\">Acuerdo Gerencia y Comit\u00e9 de Empresa. Contrataci\u00f3n laboral temporal 2012. En vigor desde mayo del 2012<\/a><\/td>\n<\/tr>\n<tr>\n<td>11\/04\/2011<\/td>\n<td>Sexenios PAS Laboral<\/td>\n<td><a href=\"https:\/\/www.unileon.es\/modelos\/archivo\/comite\/2011031117074120110406sexenios.pdf\">Resoluci\u00f3n del Rector por la que se acuerda el cobro del sexenio en el grupo retributivo actual del trabajador.<\/a><\/td>\n<\/tr>\n<tr>\n<td>11\/02\/2011<\/td>\n<td>BAREMOS PRECESOS SELECTIVOS PAS LABORAL<\/td>\n<td><a href=\"https:\/\/www.unileon.es\/modelos\/archivo\/comite\/20110111130007AcuerdoBaremos07022011.pdf\">Se adjunta el acuerdo entre la Gerencia y el Comit\u00e9 de Empresa por el que se fijan los baremos aplicacbles a los procesos de traslados, promoci\u00f3n interna, cobertura libre y para procesos de contrataci\u00f3n temporal como PAS laboral de la ULE.<\/a><\/td>\n<\/tr>\n<tr>\n<td>08\/02\/2011<\/td>\n<td>ACUERDO VESTUARIO 2011<\/td>\n<td><a href=\"https:\/\/www.unileon.es\/modelos\/archivo\/comite\/20110108112408VESTUARIO2011.pdf\">Se adjunta el acuerdo de vestuario para el a\u00f1o 2011 que se abonar\u00e1 en la n\u00f3mina de febrero. Se han incrementado las cantidades en un 3%.<\/a><\/td>\n<\/tr>\n<tr>\n<td>01\/09\/2010<\/td>\n<td>Acuerdo de Contrataci\u00f3n<\/td>\n<td><a href=\"https:\/\/www.unileon.es\/modelos\/archivo\/comite\/2010080109504820100901AcuerdoContratacionLaboralTemporal.pdf\">Nuevo acuerdo de Contrataci\u00f3n de Personal Laboral Temporal que entra en vigor el 1 de octubre de 2010. <\/a><\/td>\n<\/tr>\n<tr>\n<td>10\/07\/2007<\/td>\n<td>RPT 2007 APROBADA POR CONSEJO SOCIAL 27-6-07<\/td>\n<td><a href=\"https:\/\/www.unileon.es\/modelos\/archivo\/comite\/20070610064437RPT2007DEFINITIVALaborales5.doc\">APROBADA POR CONSEJO SOCIAL 27-6-07<\/a><\/td>\n<\/tr>\n<tr>\n<td>04\/07\/2007<\/td>\n<td>Fallo de la Sentencia 59\/2009<\/td>\n<td><a href=\"https:\/\/www.unileon.es\/modelos\/archivo\/comite\/20070604080903sentenciafresador.pdf\">Sentencia estimatoria del recurso presentado por el Comit\u00e9 contra un contrataci\u00f3n irregular efectuada por la Gerencia en el departamento de F\u00edsica, Qu\u00edmica y Expresi\u00f3n Gr\u00e1fica.<\/a><\/td>\n<\/tr>\n<tr>\n<td>20\/07\/2005<\/td>\n<td>Sobre Jornada y Horario<\/td>\n<td><a href=\"https:\/\/www.unileon.es\/modelos\/archivo\/comite\/20050620091306P2005061305controlhorario.doc\">Acuerdo por Unanimidad del Comit\u00e9 de Empresa en relaci\u00f3n a la instrucci\u00f3n recibida desde Gerencia.<\/a><\/td>\n<\/tr>\n<tr>\n<td>20\/07\/2005<\/td>\n<td>Concursos de Traslados<\/td>\n<td><a href=\"https:\/\/www.unileon.es\/modelos\/archivo\/comite\/20050620091357P2005061304trasladosengruposbajossinarea.doc\">Acuedo Comit\u00e9 de Empresa sobre traslados en Grupo IV y \u00e1reas.<\/a><\/td>\n<\/tr>\n<tr>\n<td>20\/07\/2005<\/td>\n<td>RPT<\/td>\n<td><a href=\"https:\/\/www.unileon.es\/modelos\/archivo\/comite\/20050620091601P2005061302RPT.doc\">Acuerdo por Unanimidad del Comit\u00e9 de Empresa sobre la modificaci\u00f3n de la RPT de junio de 2005.<\/a><\/td>\n<\/tr>\n<tr>\n<td>01\/03\/2005<\/td>\n<td>Acuerdo de Vestuario 2005.<\/td>\n<td><a href=\"https:\/\/www.unileon.es\/modelos\/archivo\/comite\/20050201112330Vestuario2005.doc\">Se han incrementado las cantidades en el IPC 3,2. Adem\u00e1s se ha seguido reduciendo la diferencia entre hombres y mujeres.<\/a><\/td>\n<\/tr>\n<tr>\n<td>10\/11\/2004<\/td>\n<td>Complemento de M\/T en plaza grupo III del Departamento de IEE<\/td>\n<td><a href=\"https:\/\/www.unileon.es\/modelos\/archivo\/comite\/20041010082528P2004092405E2004092362JavierGarciaPuenteJornadademananaytardenuevacontestacion.doc\">Se adjunta el informe DESFAVORABLE emitido por unanimidad  del Pleno del Comit\u00e9 por segunda vez, ante la reiterada solicitud de la Gerencia, por los motivos que se expresan en el escrito adjunto.<\/a><\/td>\n<\/tr>\n<tr>\n<td>02\/11\/2004<\/td>\n<td>Queja a Gerencia<\/td>\n<td><a href=\"https:\/\/www.unileon.es\/modelos\/archivo\/comite\/20041002132849P2004090605QuejasCorreturnos.doc\">Traslado de las quejas presentadas al Comit\u00e9 en relaci\u00f3n con los Correturnos de Conserjer\u00edas.<\/a><\/td>\n<\/tr>\n<tr>\n<td>02\/11\/2004<\/td>\n<td>Reuni\u00f3n Rector-Gerencia-Comit\u00e9 23-06-04<\/td>\n<td><a href=\"https:\/\/www.unileon.es\/modelos\/archivo\/comite\/20041002133523P2004062201Escritoreunionconelrector.doc\">Texto redactado y aprobado por Unanimidad en el Pleno del Comit\u00e9 Extraoredinario de fecha 22-06-04.<\/a><\/td>\n<\/tr>\n<tr>\n<td>27\/02\/2004<\/td>\n<td>Direcci\u00f3n del Servicio de Inform\u00e1tica y Comunicaciones<\/td>\n<td><a href=\"https:\/\/www.unileon.es\/modelos\/archivo\/comite\/20040127093032P2004012804CesedelDirectordelSIC.doc\">En ejecuci\u00f3n del acuerdo adoptado por el pleno del Comit\u00e9 del 19 de febrero de 2004 se publica el escrito remitido a Gerencia trasladando el malestar del Comit\u00e9 por la actuaci\u00f3n llevada a cabo por la Gerencia en este asunto, tal y como se acord\u00f3 en el pleno del 28 de enero de 2004.<\/a><\/td>\n<\/tr>\n<tr>\n<td>19\/02\/2004<\/td>\n<td>Compensaci\u00f3n por Vestuario 2004<\/td>\n<td><a href=\"https:\/\/www.unileon.es\/modelos\/archivo\/comite\/20040119121910Ropa2004.doc\">Estimados compa\u00f1eros, os remito el acuerdo al que se ha llegado con Gerencia en relaci\u00f3n a la compensaci\u00f3n por vestuario para el a\u00f1o 2004.<br \/>\nEl Comit\u00e9 ha pretendido ir igualando al alza las cantidades cobradas por este concepto, y em particular igualar a Se\u00f1oras y Caballeros.<\/p>\n<p>Se han incrementado en el 2,6% todos los conceptos, adem\u00e1s las camisas de Caballero se han incrementado en torno al 10% para ir igualando a las de Se\u00f1ora. El grupo de Laboratorio de Idiomas se integra en el nuevo grupo 6. Los t\u00e9cnicos que no aparec\u00edan se han incluido en su correspondiente grupo, y por \u00faltimo al grupo 7 (anterior 8) se le incrementan las prendas en 1 pantal\u00f3n y 4 camisas, reduciendo as\u00ed considerablemente la diferencia que exist\u00eda con todos los dem\u00e1s.<br \/>\n<\/a><\/td>\n<\/tr>\n<tr>\n<td>27\/10\/2003<\/td>\n<td>RPTL 2003<\/td>\n<td><a href=\"https:\/\/www.unileon.es\/modelos\/archivo\/comite\/20040127092155P2003102204A200301InfomrefavorableypropuestasdeRPT.doc\">Informe Favorable<\/a><\/td>\n<\/tr>\n<tr>\n<td>23\/07\/2003<\/td>\n<td>Ayudas al Estudio<\/td>\n<td><a href=\"https:\/\/www.unileon.es\/modelos\/archivo\/comite\/20040127091853A200305P2003070202Ayudasalestudio.doc\">Rectificaci\u00f3n solicitada a Gerencia sobre el informe emitido al respecto por el Comit\u00e9. Informe que fue DESFAVORABLE debido a que las modificaciones restringen los derechos actuales.<\/a><\/td>\n<\/tr>\n<tr>\n<td>12\/07\/2003<\/td>\n<td>RPTL 2003<\/td>\n<td><a href=\"https:\/\/www.unileon.es\/modelos\/archivo\/comite\/20040127092601P2003070204A200301INfomredesfavorableypropuestadeRPT.doc\">Informe DESFAVORABLE<\/a><\/td>\n<\/tr>\n<tr>\n<td>27\/05\/2003<\/td>\n<td>Contrato Javier Puente Garc\u00eda<\/td>\n<td><a href=\"https:\/\/www.unileon.es\/modelos\/archivo\/comite\/20040127091832A200306.doc\">Informe sobre los motivos existentes para no firmar su contrato. El Comit\u00e9 de empresa ha interpuesto un recurso .<\/a><\/td>\n<\/tr>\n<tr>\n<td>22\/05\/2002<\/td>\n<td>RECURSO ADMINISTRATIVO ELECCIONES AL CLAUSTRO<\/td>\n<td><a href=\"https:\/\/www.unileon.es\/modelos\/archivo\/comite\/20020422094802RecursoEleccionesClaustroSindicatos.doc\">Se adjunta el texto completo del recurso administrativo interpuesto por las centrales sindicales ante el acuerdo de Junta de Gobierno de 22 de abril. Dicho acuerdo es lesivo para los intereses del PAS. <\/a><\/td>\n<\/tr>\n<tr>\n<td>15\/02\/2002<\/td>\n<td>Compensaci\u00f3n por Vestuario<\/td>\n<td><a href=\"https:\/\/www.unileon.es\/modelos\/archivo\/comite\/20020115140102VESTUARIOTEXTO2002B.doc\">Estimados compa\u00f1eros, os remito el acuerdo al que se ha llegado con Gerencia en relaci\u00f3n a la compensaci\u00f3n por vestuario para el a\u00f1o 2002. B\u00e1sicamente son las mismas prendas que el a\u00f1o anterior, salvo para: (aparecen en negrita en el documento)<\/p>\n<p>-El departamento de Ingenier\u00eda Minera pasa al Grupo 1.<br \/>\n-Al grupo 7 se le han incluido 2 pantalones.<br \/>\n-Al grupo 8 se le ha incluido un pantal\u00f3n.<\/p>\n<p>En cuanto a las cantidades, \u00e9stas se han visto incrementadas en el 2,7% respecto a las del a\u00f1o 2001.<br \/>\nLa Gerencia se ha comprometido a abonar esta compensaci\u00f3n al personal fijo en la n\u00f3mina de febrero y al personal contratado en los meses  junio y diciembre (como viene siendo habitual).<br \/>\n<\/a><\/td>\n<\/tr>\n<\/tbody>\n<\/table>\n<\/div>\n<\/div>\n","protected":false},"excerpt":{"rendered":"<p>Fecha T\u00edtulo Descripci\u00f3n 04\/04\/2025 Acuerdo de Vestuario Acuerdo de Vestuario 2025 14\/02\/2022 Acuerdo de Vestuario Acuerdo de Vestuario 2022 04\/02\/2022 Contrataci\u00f3n laboral temporal Acuerdo Gerencia &#8211; Comit\u00e9 de empresa, sobre contrataci\u00f3n laboral temporal. 01\/03\/2021 Acuerdo de Vestuario 2021 Acuerdo de Vestuario 2021 01\/03\/2021 Acuerdo Baremo Baremo PAS laboral para todos los procesos de provisi\u00f3n de [&hellip;]<\/p>\n","protected":false},"author":50,"featured_media":0,"parent":0,"menu_order":0,"comment_status":"closed","ping_status":"closed","template":"","meta":{"footnotes":""},"class_list":["post-14","page","type-page","status-publish","hentry"],"_links":{"self":[{"href":"https:\/\/grupos.unileon.es\/comite-pas\/wp-json\/wp\/v2\/pages\/14","targetHints":{"allow":["GET"]}}],"collection":[{"href":"https:\/\/grupos.unileon.es\/comite-pas\/wp-json\/wp\/v2\/pages"}],"about":[{"href":"https:\/\/grupos.unileon.es\/comite-pas\/wp-json\/wp\/v2\/types\/page"}],"author":[{"embeddable":true,"href":"https:\/\/grupos.unileon.es\/comite-pas\/wp-json\/wp\/v2\/users\/50"}],"replies":[{"embeddable":true,"href":"https:\/\/grupos.unileon.es\/comite-pas\/wp-json\/wp\/v2\/comments?post=14"}],"version-history":[{"count":5,"href":"https:\/\/grupos.unileon.es\/comite-pas\/wp-json\/wp\/v2\/pages\/14\/revisions"}],"predecessor-version":[{"id":177,"href":"https:\/\/grupos.unileon.es\/comite-pas\/wp-json\/wp\/v2\/pages\/14\/revisions\/177"}],"wp:attachment":[{"href":"https:\/\/grupos.unileon.es\/comite-pas\/wp-json\/wp\/v2\/media?parent=14"}],"curies":[{"name":"wp","href":"https:\/\/api.w.org\/{rel}","templated":true}]}}