{"id":19,"date":"2023-01-24T10:24:01","date_gmt":"2023-01-24T10:24:01","guid":{"rendered":"https:\/\/grupos.unileon.es\/comite-pas\/?page_id=19"},"modified":"2026-03-16T13:37:18","modified_gmt":"2026-03-16T13:37:18","slug":"comite-de-empresa","status":"publish","type":"page","link":"https:\/\/grupos.unileon.es\/comite-pas\/","title":{"rendered":"Comit\u00e9 de empresa"},"content":{"rendered":"<div class=\"content ule-content-list-check\">\n<div class=\"field field--name-body field--type-text-with-summary field--label-hidden field--item\">\n<ul class=\"big\">\n<li><a href=\"\/comite-pas\/miembros-del-comite\/\">Miembros del comit\u00e9<\/a><\/li>\n<li><a href=\"\/comite-pas\/actas-del-pleno-del-comite\/\">Actas del Pleno del Comit\u00e9<\/a><\/li>\n<li><a href=\"\/comite-pas\/comunicaciones-y-otras-informaciones\/\">Comunicaciones y otras informaciones<\/a><\/li>\n<li><a href=\"https:\/\/grupos.unileon.es\/comite-pas\/files\/2026\/03\/reglamento_comite_de_empresa20260316.pdf\">Reglamento del Comit\u00e9 de Empresa<\/a><\/li>\n<li><a class=\"row-title\" href=\"https:\/\/grupos.unileon.es\/comite-pas\/elecciones-al-comite-de-empresa-del-ptgas-laboral-2026\/\" aria-label=\"\u00abElecciones al Comit\u00e9 de Empresa del PTGAS Laboral 2026\u00bb\"><strong>Elecciones al Comit\u00e9 de Empresa del PTGAS Laboral 2026<\/strong><\/a><\/li>\n<\/ul>\n<\/div>\n<\/div>\n","protected":false},"excerpt":{"rendered":"<p>Miembros del comit\u00e9 Actas del Pleno del Comit\u00e9 Comunicaciones y otras informaciones Reglamento del Comit\u00e9 de Empresa Elecciones al Comit\u00e9 de Empresa del PTGAS Laboral 2026<\/p>\n","protected":false},"author":50,"featured_media":0,"parent":0,"menu_order":0,"comment_status":"closed","ping_status":"closed","template":"","meta":{"footnotes":""},"class_list":["post-19","page","type-page","status-publish","hentry"],"_links":{"self":[{"href":"https:\/\/grupos.unileon.es\/comite-pas\/wp-json\/wp\/v2\/pages\/19","targetHints":{"allow":["GET"]}}],"collection":[{"href":"https:\/\/grupos.unileon.es\/comite-pas\/wp-json\/wp\/v2\/pages"}],"about":[{"href":"https:\/\/grupos.unileon.es\/comite-pas\/wp-json\/wp\/v2\/types\/page"}],"author":[{"embeddable":true,"href":"https:\/\/grupos.unileon.es\/comite-pas\/wp-json\/wp\/v2\/users\/50"}],"replies":[{"embeddable":true,"href":"https:\/\/grupos.unileon.es\/comite-pas\/wp-json\/wp\/v2\/comments?post=19"}],"version-history":[{"count":10,"href":"https:\/\/grupos.unileon.es\/comite-pas\/wp-json\/wp\/v2\/pages\/19\/revisions"}],"predecessor-version":[{"id":173,"href":"https:\/\/grupos.unileon.es\/comite-pas\/wp-json\/wp\/v2\/pages\/19\/revisions\/173"}],"wp:attachment":[{"href":"https:\/\/grupos.unileon.es\/comite-pas\/wp-json\/wp\/v2\/media?parent=19"}],"curies":[{"name":"wp","href":"https:\/\/api.w.org\/{rel}","templated":true}]}}