{"id":60,"date":"2014-10-29T11:39:12","date_gmt":"2014-10-29T11:39:12","guid":{"rendered":"http:\/\/grupos.unileon.es\/comite-pdi\/?page_id=60"},"modified":"2017-05-06T17:33:53","modified_gmt":"2017-05-06T17:33:53","slug":"actividad","status":"publish","type":"page","link":"https:\/\/grupos.unileon.es\/comite-pdi\/actividad\/","title":{"rendered":"Actividad"},"content":{"rendered":"<hr \/>\n<p><a href=\"http:\/\/grupos.unileon.es\/comite-pdi\/files\/2014\/10\/Convocatoria-25-septiembre-2015.pdf\">Convocatoria Reuni\u00f3n Extraordinaria Comit\u00e9 de Empresa del PDI 25 de Septiembre \u00a0de 2015<\/a><\/p>\n<p><a href=\"http:\/\/grupos.unileon.es\/comite-pdi\/files\/2014\/10\/Convocatoria-Reuni%C3%B3n-Extraordinaria-Comit%C3%A9-de-Empresa-del-PDI-10-de-Julio-de-20.pdf\">Convocatoria Reuni\u00f3n Extraordinaria Comit\u00e9 de Empresa del PDI\u00a010 de Julio de 2015<\/a><\/p>\n<p><a href=\"http:\/\/grupos.unileon.es\/comite-pdi\/files\/2014\/10\/11-06-2015.pdf\">Convocatoria Reuni\u00f3n ordinaria Comit\u00e9 de Empresa del PDI 11\u00a0de jUNIO 2015<\/a><\/p>\n<p><a href=\"http:\/\/grupos.unileon.es\/comite-pdi\/files\/2014\/10\/20140717_Convocatoria-Reuni\u00f3n-ordinaria-Comit\u00e9-de-Empresa-del-PDI-Jueves-17-julio-2014.pdf\">Convocatoria Reuni\u00f3n ordinaria Comit\u00e9 de Empresa del PDI Jueves 17 julio 2014<\/a><\/p>\n<p><a href=\"http:\/\/grupos.unileon.es\/comite-pdi\/files\/2014\/10\/20140930_Convocatoria-Reuni\u00f3n-ordinaria-Comit\u00e9-de-Empresa-del-PDI-martes-30-septiembre-2014.pdf\">Convocatoria Reuni\u00f3n ordinaria Comit\u00e9 de Empresa del PDI martes 30 septiembre 2014<\/a><\/p>\n<p><a href=\"http:\/\/grupos.unileon.es\/comite-pdi\/files\/2014\/10\/20141022_Convocatoria-conjunta-de-reuni\u00f3n-Junta-PDI-y-Comite-de-empresa-23-octubre-2014.pdf\">Convocatoria conjunta de reuni\u00f3n (Junta PDI y Comite de empresa) 23 octubre 2014<\/a><\/p>\n<p><a href=\"http:\/\/grupos.unileon.es\/comite-pdi\/files\/2014\/10\/20141223_convocatoria-reuni\u00f3n-extraordinaria-Comit\u00e9-Empresa-del-PDI-Laboral_23-dic-2014.pdf\">Convocatoria reuni\u00f3n extraordinaria Comit\u00e9 Empresa del PDI Laboral 23 Dciembre 2014<\/a><\/p>\n<hr \/>\n<p>&nbsp;<\/p>\n","protected":false},"excerpt":{"rendered":"<p>Convocatoria Reuni\u00f3n Extraordinaria Comit\u00e9 de Empresa del PDI 25 de Septiembre \u00a0de 2015 Convocatoria Reuni\u00f3n Extraordinaria Comit\u00e9 de Empresa del PDI\u00a010 de Julio de 2015 Convocatoria Reuni\u00f3n ordinaria Comit\u00e9 de Empresa del PDI 11\u00a0de jUNIO 2015 Convocatoria Reuni\u00f3n ordinaria Comit\u00e9 de Empresa del PDI Jueves 17 julio 2014 Convocatoria Reuni\u00f3n ordinaria Comit\u00e9 de Empresa del [&hellip;]<\/p>\n","protected":false},"author":34,"featured_media":0,"parent":0,"menu_order":0,"comment_status":"closed","ping_status":"closed","template":"","meta":{"footnotes":""},"class_list":["post-60","page","type-page","status-publish","hentry"],"_links":{"self":[{"href":"https:\/\/grupos.unileon.es\/comite-pdi\/wp-json\/wp\/v2\/pages\/60","targetHints":{"allow":["GET"]}}],"collection":[{"href":"https:\/\/grupos.unileon.es\/comite-pdi\/wp-json\/wp\/v2\/pages"}],"about":[{"href":"https:\/\/grupos.unileon.es\/comite-pdi\/wp-json\/wp\/v2\/types\/page"}],"author":[{"embeddable":true,"href":"https:\/\/grupos.unileon.es\/comite-pdi\/wp-json\/wp\/v2\/users\/34"}],"replies":[{"embeddable":true,"href":"https:\/\/grupos.unileon.es\/comite-pdi\/wp-json\/wp\/v2\/comments?post=60"}],"version-history":[{"count":15,"href":"https:\/\/grupos.unileon.es\/comite-pdi\/wp-json\/wp\/v2\/pages\/60\/revisions"}],"predecessor-version":[{"id":80,"href":"https:\/\/grupos.unileon.es\/comite-pdi\/wp-json\/wp\/v2\/pages\/60\/revisions\/80"}],"wp:attachment":[{"href":"https:\/\/grupos.unileon.es\/comite-pdi\/wp-json\/wp\/v2\/media?parent=60"}],"curies":[{"name":"wp","href":"https:\/\/api.w.org\/{rel}","templated":true}]}}