{"id":9,"date":"2014-04-07T08:18:03","date_gmt":"2014-04-07T08:18:03","guid":{"rendered":"http:\/\/grupos.unileon.es\/comite-pdi\/?page_id=9"},"modified":"2015-05-07T08:34:23","modified_gmt":"2015-05-07T08:34:23","slug":"comunicaciones-y-otras-informaciones","status":"publish","type":"page","link":"https:\/\/grupos.unileon.es\/comite-pdi\/comunicaciones-y-otras-informaciones\/","title":{"rendered":"Comunicaciones y otras informaciones"},"content":{"rendered":"<table class=\"extendida\" style=\"width: 833px; height: 75px;\">\n<tbody>\n<tr>\n<th>\n<h2><a href=\"https:\/\/drive.google.com\/file\/d\/0B8TQEyvjhuR3cG5zR0dtNEpyQVk\/view?usp=sharing\" target=\"_blank\">Acuerdos Consejo de Gobierno (28.04.2015):<\/a> oferta empleo p\u00fablico, plazas profesores asociados, reglamento quinquenios del PDI laboral<\/h2>\n<h2><a href=\"http:\/\/grupos.unileon.es\/comite-pdi\/files\/2014\/04\/II_CONVENIO_PDI_LAB_20150318.pdf\">II Convenio PDI Laboral firmado 18 de marzo de 2015.<\/a><\/h2>\n<h2><a href=\"http:\/\/grupos.unileon.es\/comite-pdi\/files\/2014\/04\/ACTA_ACUERDO_INTERPRETACION_CONVENIO_20150318.pdf\">Acuerdo interpretativo del II Convenio de 18 de marzo de 2015.<\/a><\/h2>\n<h2><a href=\"http:\/\/grupos.unileon.es\/comite-pdi\/files\/2014\/04\/ComunicacionPDILaboral_novedades_II_convenio_colectivo_PDI_laboral_2.pdf\">Novedades del II Convenio sobre I Convenio<\/a>. 18 Marzo 2015.<\/h2>\n<h2><a href=\"http:\/\/grupos.unileon.es\/comite-pdi\/files\/2014\/04\/II_convenio_PDI_acuerdo-22-dic-2014.pdf\">Situaci\u00f3n II Convenio PDI Laboral<\/a>.\u00a022 Diciembre 2014.<\/h2>\n<h2><a href=\"http:\/\/grupos.unileon.es\/comite-pdi\/files\/2014\/04\/situacion-II-convenio-PDI-contratado-laboral_17-diciembre-2014.pdf\">Situaci\u00f3n II convenio PDI contratado laboral<\/a>\u00a017 Diciembre 2014.<\/h2>\n<h2><a href=\"http:\/\/grupos.unileon.es\/comite-pdi\/files\/2014\/04\/comunicacion-novedades-contratos-PA-v1.pdf\">Acuerdo con Vicerrectora de Ordenaci\u00f3n Acad\u00e9mica en relaci\u00f3n a los Profesores Asociados<\/a>. 5 Septiembre\u00a02014.<\/h2>\n<h2><a href=\"http:\/\/grupos.unileon.es\/comite-pdi\/files\/2014\/04\/2014-11-17_solcitidud-mod-comision-premios-doctorado.jpg\">Solicitud modificaci\u00f3n \u00a0reglamento para la concesi\u00f3n de premios extraordinarios de doctorado en la ULE<\/a>. 5 Septiembre\u00a02014.<\/h2>\n<\/th>\n<th><\/th>\n<th><\/th>\n<\/tr>\n<tr>\n<td>\n<h3><a href=\"http:\/\/grupos.unileon.es\/comite-pdi\/files\/2014\/04\/II_convenio_PDI_Texto_Acordado_10-5-13.pdf\">II convenio PDI (texto acordado)<\/a><\/h3>\n<\/td>\n<td><\/td>\n<td><\/td>\n<\/tr>\n<\/tbody>\n<\/table>\n<p>&nbsp;<\/p>\n","protected":false},"excerpt":{"rendered":"<p>Acuerdos Consejo de Gobierno (28.04.2015): oferta empleo p\u00fablico, plazas profesores asociados, reglamento quinquenios del PDI laboral II Convenio PDI Laboral firmado 18 de marzo de 2015. Acuerdo interpretativo del II Convenio de 18 de marzo de 2015. Novedades del II Convenio sobre I Convenio. 18 Marzo 2015. Situaci\u00f3n II Convenio PDI Laboral.\u00a022 Diciembre 2014. Situaci\u00f3n [&hellip;]<\/p>\n","protected":false},"author":8,"featured_media":0,"parent":0,"menu_order":0,"comment_status":"closed","ping_status":"closed","template":"onecolumn-page.php","meta":{"footnotes":""},"class_list":["post-9","page","type-page","status-publish","hentry"],"_links":{"self":[{"href":"https:\/\/grupos.unileon.es\/comite-pdi\/wp-json\/wp\/v2\/pages\/9","targetHints":{"allow":["GET"]}}],"collection":[{"href":"https:\/\/grupos.unileon.es\/comite-pdi\/wp-json\/wp\/v2\/pages"}],"about":[{"href":"https:\/\/grupos.unileon.es\/comite-pdi\/wp-json\/wp\/v2\/types\/page"}],"author":[{"embeddable":true,"href":"https:\/\/grupos.unileon.es\/comite-pdi\/wp-json\/wp\/v2\/users\/8"}],"replies":[{"embeddable":true,"href":"https:\/\/grupos.unileon.es\/comite-pdi\/wp-json\/wp\/v2\/comments?post=9"}],"version-history":[{"count":30,"href":"https:\/\/grupos.unileon.es\/comite-pdi\/wp-json\/wp\/v2\/pages\/9\/revisions"}],"predecessor-version":[{"id":128,"href":"https:\/\/grupos.unileon.es\/comite-pdi\/wp-json\/wp\/v2\/pages\/9\/revisions\/128"}],"wp:attachment":[{"href":"https:\/\/grupos.unileon.es\/comite-pdi\/wp-json\/wp\/v2\/media?parent=9"}],"curies":[{"name":"wp","href":"https:\/\/api.w.org\/{rel}","templated":true}]}}