{"id":17,"date":"2015-09-02T08:01:58","date_gmt":"2015-09-02T08:01:58","guid":{"rendered":"http:\/\/grupos.unileon.es\/crue-tic\/?page_id=17"},"modified":"2015-09-15T10:39:35","modified_gmt":"2015-09-15T10:39:35","slug":"inscripciones","status":"publish","type":"page","link":"https:\/\/grupos.unileon.es\/crue-tic\/inscripciones\/","title":{"rendered":"Inscripciones"},"content":{"rendered":"<p>Las inscripciones para la asistencia a la Comisi\u00f3n Sectorial de Tecnolog\u00edas de la Informaci\u00f3n y las Comunicaciones de la Conferencia de Rectores de las Universidades Espa\u00f1olas (CRUE-TIC), que se celebrar\u00e1 en la Universidad de Le\u00f3n los d\u00edas 22 y 23 de octubre de 2015, se deben realizar a trav\u00e9s del <a href=\"https:\/\/docs.google.com\/forms\/d\/1En_mFkWIc6VJ3vUJjLAcajJVIoixKjkHGCLVKDqOJI4\/viewform\">formulario de inscripci\u00f3n<\/a><\/p>\n<p>En caso de asistencia de dos o m\u00e1s personas por cada Universidad\/Organizaci\u00f3n, se deber\u00e1 rellenar un formulario de inscripci\u00f3n por persona.<\/p>\n<p>Para formalizar la inscripci\u00f3n debe efectuar el ingreso a la cuenta <strong>ES49-2096-0000-8935-1343-5104<\/strong> indicando el nombre del que realiza el ingreso y <strong>enviar<\/strong> el un <strong>justificante<\/strong> del mismo a <a href=\"mailto:vice.campus@unileon.es\">vice.campus@unileon.es<\/a><\/p>\n","protected":false},"excerpt":{"rendered":"<p>Las inscripciones para la asistencia a la Comisi\u00f3n Sectorial de Tecnolog\u00edas de la Informaci\u00f3n y las Comunicaciones de la Conferencia de Rectores de las Universidades Espa\u00f1olas (CRUE-TIC), que se celebrar\u00e1 en la Universidad de Le\u00f3n los d\u00edas 22 y 23 de octubre de 2015, se deben realizar a trav\u00e9s del formulario de inscripci\u00f3n En caso [&hellip;]<\/p>\n","protected":false},"author":50,"featured_media":0,"parent":0,"menu_order":0,"comment_status":"closed","ping_status":"closed","template":"","meta":{"footnotes":""},"class_list":["post-17","page","type-page","status-publish","hentry"],"_links":{"self":[{"href":"https:\/\/grupos.unileon.es\/crue-tic\/wp-json\/wp\/v2\/pages\/17","targetHints":{"allow":["GET"]}}],"collection":[{"href":"https:\/\/grupos.unileon.es\/crue-tic\/wp-json\/wp\/v2\/pages"}],"about":[{"href":"https:\/\/grupos.unileon.es\/crue-tic\/wp-json\/wp\/v2\/types\/page"}],"author":[{"embeddable":true,"href":"https:\/\/grupos.unileon.es\/crue-tic\/wp-json\/wp\/v2\/users\/50"}],"replies":[{"embeddable":true,"href":"https:\/\/grupos.unileon.es\/crue-tic\/wp-json\/wp\/v2\/comments?post=17"}],"version-history":[{"count":4,"href":"https:\/\/grupos.unileon.es\/crue-tic\/wp-json\/wp\/v2\/pages\/17\/revisions"}],"predecessor-version":[{"id":60,"href":"https:\/\/grupos.unileon.es\/crue-tic\/wp-json\/wp\/v2\/pages\/17\/revisions\/60"}],"wp:attachment":[{"href":"https:\/\/grupos.unileon.es\/crue-tic\/wp-json\/wp\/v2\/media?parent=17"}],"curies":[{"name":"wp","href":"https:\/\/api.w.org\/{rel}","templated":true}]}}