{"id":21,"date":"2015-09-02T08:54:55","date_gmt":"2015-09-02T08:54:55","guid":{"rendered":"http:\/\/grupos.unileon.es\/crue-tic\/?page_id=21"},"modified":"2015-09-14T06:18:05","modified_gmt":"2015-09-14T06:18:05","slug":"alojamientos","status":"publish","type":"page","link":"https:\/\/grupos.unileon.es\/crue-tic\/alojamientos\/","title":{"rendered":"alojamientos"},"content":{"rendered":"<p>Los alojamientos disponibles para la CRUE-TIC se tramitar\u00e1n a trav\u00e9s de la agencia de viajes B THE TRAVEL BRAND &#8211; BARCELO VIAJES. Aqu\u00ed est\u00e1 disponible el formulario de reserva de hoteles: <a href=\"http:\/\/grupos.unileon.es\/crue-tic\/files\/2015\/09\/boletin_de_alojamiento_crue-tic.docx\">BOLETIN DE ALOJAMIENTO<\/a><\/p>\n<p>Los hoteles ofertados son:<\/p>\n<ul>\n<li>Hotel Conde Luna ****: <a href=\"http:\/\/www.hotelcondeluna.es\/\" target=\"_blank\">http:\/\/www.hotelcondeluna.es\/<\/a><\/li>\n<li>Hotel Alfonso V ****: <a href=\"http:\/\/www.hotelalfonsov.com\/\" target=\"_blank\">http:\/\/www.hotelalfonsov.com\/<\/a><\/li>\n<li>Hotel Silken Luis de Le\u00f3n ****: <a href=\"http:\/\/www.hoteles-silken.com\/hoteles\/luis-de-leon\/\" target=\"_blank\">http:\/\/www.hoteles-silken.com\/hoteles\/luis-de-leon\/<\/a><\/li>\n<li>Hotel AC Le\u00f3n San Antonio ****: <a href=\"http:\/\/www.espanol.marriott.com\/hotels\/travel\/lenac-ac-hotel-leon-san-antonio\/\" target=\"_blank\">http:\/\/www.espanol.marriott.com\/hotels\/travel\/lenac-ac-hotel-leon-san-antonio\/<\/a><\/li>\n<li>Hotel Colegiata de San Isidoro *** <a href=\"http:\/\/www.hotelrealcolegiata.es\/\" target=\"_blank\">http:\/\/www.hotelrealcolegiata.es\/<\/a><\/li>\n<\/ul>\n<p>&nbsp;<\/p>\n<h3>Mapa de Localizaci\u00f3n<\/h3>\n<p><iframe loading=\"lazy\" src=\"https:\/\/www.google.com\/maps\/d\/u\/0\/embed?mid=zGS1-FnDNiPI.kBNLux1xF1-k\" width=\"590\" height=\"620\"><\/iframe><\/p>\n<p>&nbsp;<\/p>\n<p>Por favor, rellene el bolet\u00edn de alojamiento y env\u00edelo mediante correo electr\u00f3nico a:<\/p>\n<p align=\"LEFT\">B THE TRAVEL BRAND &#8211; BARCELO VIAJES (Oficina Le\u00f3n). Tfno: 987 244 148; Correo electr\u00f3nico: <a href=\"mailto:joleon@bthetravelbrand.com\" target=\"_blank\">joleon@bthetravelbrand.com<\/a><\/p>\n","protected":false},"excerpt":{"rendered":"<p>Los alojamientos disponibles para la CRUE-TIC se tramitar\u00e1n a trav\u00e9s de la agencia de viajes B THE TRAVEL BRAND &#8211; BARCELO VIAJES. Aqu\u00ed est\u00e1 disponible el formulario de reserva de hoteles: BOLETIN DE ALOJAMIENTO Los hoteles ofertados son: Hotel Conde Luna ****: http:\/\/www.hotelcondeluna.es\/ Hotel Alfonso V ****: http:\/\/www.hotelalfonsov.com\/ Hotel Silken Luis de Le\u00f3n ****: http:\/\/www.hoteles-silken.com\/hoteles\/luis-de-leon\/ [&hellip;]<\/p>\n","protected":false},"author":50,"featured_media":0,"parent":0,"menu_order":0,"comment_status":"closed","ping_status":"closed","template":"","meta":{"footnotes":""},"class_list":["post-21","page","type-page","status-publish","hentry"],"_links":{"self":[{"href":"https:\/\/grupos.unileon.es\/crue-tic\/wp-json\/wp\/v2\/pages\/21","targetHints":{"allow":["GET"]}}],"collection":[{"href":"https:\/\/grupos.unileon.es\/crue-tic\/wp-json\/wp\/v2\/pages"}],"about":[{"href":"https:\/\/grupos.unileon.es\/crue-tic\/wp-json\/wp\/v2\/types\/page"}],"author":[{"embeddable":true,"href":"https:\/\/grupos.unileon.es\/crue-tic\/wp-json\/wp\/v2\/users\/50"}],"replies":[{"embeddable":true,"href":"https:\/\/grupos.unileon.es\/crue-tic\/wp-json\/wp\/v2\/comments?post=21"}],"version-history":[{"count":4,"href":"https:\/\/grupos.unileon.es\/crue-tic\/wp-json\/wp\/v2\/pages\/21\/revisions"}],"predecessor-version":[{"id":52,"href":"https:\/\/grupos.unileon.es\/crue-tic\/wp-json\/wp\/v2\/pages\/21\/revisions\/52"}],"wp:attachment":[{"href":"https:\/\/grupos.unileon.es\/crue-tic\/wp-json\/wp\/v2\/media?parent=21"}],"curies":[{"name":"wp","href":"https:\/\/api.w.org\/{rel}","templated":true}]}}