{"id":29,"date":"2015-09-02T09:44:29","date_gmt":"2015-09-02T09:44:29","guid":{"rendered":"http:\/\/grupos.unileon.es\/crue-tic\/?page_id=29"},"modified":"2015-09-02T10:00:08","modified_gmt":"2015-09-02T10:00:08","slug":"localizacion","status":"publish","type":"page","link":"https:\/\/grupos.unileon.es\/crue-tic\/localizacion\/","title":{"rendered":"Localizaci\u00f3n"},"content":{"rendered":"<p>Las Jornadas de la CRUE-TIC en Le\u00f3n se celebrar\u00e1n en el Edificio Rectorado de la Universidad de Le\u00f3n.<\/p>\n<h3>Mapa de Localizaci\u00f3n<\/h3>\n<p><iframe loading=\"lazy\" src=\"https:\/\/www.google.com\/maps\/d\/u\/0\/embed?mid=zGS1-FnDNiPI.kBNLux1xF1-k\" width=\"590\" height=\"620\"><\/iframe><\/p>\n<h3>Algunas im\u00e1genes<\/h3>\n<p><a href=\"http:\/\/grupos.unileon.es\/cadep-crue\/files\/2015\/01\/arectorado1.jpg\"><img loading=\"lazy\" decoding=\"async\" class=\"alignnone size-medium wp-image-102\" src=\"http:\/\/grupos.unileon.es\/cadep-crue\/files\/2015\/01\/arectorado1-300x200.jpg\" alt=\"arectorado1\" width=\"300\" height=\"200\" \/><\/a><\/p>\n<p><a href=\"http:\/\/grupos.unileon.es\/cadep-crue\/files\/2015\/01\/Aula-Magna-San-Isidoro-01.jpg\"><img loading=\"lazy\" decoding=\"async\" class=\" size-medium wp-image-103 alignleft\" src=\"http:\/\/grupos.unileon.es\/cadep-crue\/files\/2015\/01\/Aula-Magna-San-Isidoro-01-300x200.jpg\" alt=\"Aula Magna San Isidoro-01\" width=\"300\" height=\"200\" \/><\/a><\/p>\n<p><a href=\"http:\/\/grupos.unileon.es\/cadep-crue\/files\/2015\/01\/Sala-Padre-Mart\u00edn-Sarmiento-04.jpg\"><img loading=\"lazy\" decoding=\"async\" class=\"alignnone size-medium wp-image-110\" src=\"http:\/\/grupos.unileon.es\/cadep-crue\/files\/2015\/01\/Sala-Padre-Mart\u00edn-Sarmiento-04-300x200.jpg\" alt=\"Sala Padre Mart\u00edn  Sarmiento-04\" width=\"300\" height=\"200\" \/><\/a><\/p>\n<p><a href=\"http:\/\/grupos.unileon.es\/cadep-crue\/files\/2015\/01\/Paraninfo-Gord\u00f3n-Ord\u00e1s-02.jpg\"><img loading=\"lazy\" decoding=\"async\" class=\" size-medium wp-image-109 alignleft\" src=\"http:\/\/grupos.unileon.es\/cadep-crue\/files\/2015\/01\/Paraninfo-Gord\u00f3n-Ord\u00e1s-02-300x225.jpg\" alt=\"EPSON DSC picture\" width=\"300\" height=\"225\" \/><\/a><\/p>\n","protected":false},"excerpt":{"rendered":"<p>Las Jornadas de la CRUE-TIC en Le\u00f3n se celebrar\u00e1n en el Edificio Rectorado de la Universidad de Le\u00f3n. Mapa de Localizaci\u00f3n Algunas im\u00e1genes<\/p>\n","protected":false},"author":50,"featured_media":0,"parent":0,"menu_order":0,"comment_status":"closed","ping_status":"closed","template":"","meta":{"footnotes":""},"class_list":["post-29","page","type-page","status-publish","hentry"],"_links":{"self":[{"href":"https:\/\/grupos.unileon.es\/crue-tic\/wp-json\/wp\/v2\/pages\/29","targetHints":{"allow":["GET"]}}],"collection":[{"href":"https:\/\/grupos.unileon.es\/crue-tic\/wp-json\/wp\/v2\/pages"}],"about":[{"href":"https:\/\/grupos.unileon.es\/crue-tic\/wp-json\/wp\/v2\/types\/page"}],"author":[{"embeddable":true,"href":"https:\/\/grupos.unileon.es\/crue-tic\/wp-json\/wp\/v2\/users\/50"}],"replies":[{"embeddable":true,"href":"https:\/\/grupos.unileon.es\/crue-tic\/wp-json\/wp\/v2\/comments?post=29"}],"version-history":[{"count":5,"href":"https:\/\/grupos.unileon.es\/crue-tic\/wp-json\/wp\/v2\/pages\/29\/revisions"}],"predecessor-version":[{"id":34,"href":"https:\/\/grupos.unileon.es\/crue-tic\/wp-json\/wp\/v2\/pages\/29\/revisions\/34"}],"wp:attachment":[{"href":"https:\/\/grupos.unileon.es\/crue-tic\/wp-json\/wp\/v2\/media?parent=29"}],"curies":[{"name":"wp","href":"https:\/\/api.w.org\/{rel}","templated":true}]}}