{"id":35,"date":"2015-09-02T10:02:09","date_gmt":"2015-09-02T10:02:09","guid":{"rendered":"http:\/\/grupos.unileon.es\/crue-tic\/?page_id=35"},"modified":"2015-09-02T10:05:56","modified_gmt":"2015-09-02T10:05:56","slug":"contacto","status":"publish","type":"page","link":"https:\/\/grupos.unileon.es\/crue-tic\/contacto\/","title":{"rendered":"Contacto"},"content":{"rendered":"<p>Rogamos que cualquier ante cualquier duda, aclaraci\u00f3n o comunicaci\u00f3n, contacte con el Vicerrectorado de Campus de la ULe<\/p>\n<p>Tel\u00e9fono: 987 29 19 24<\/p>\n<p>Correo electr\u00f3nico: <a href=\"mailto:vice.campus@unileon.es\" target=\"_blank\">vice.campus@unileon.es<\/a><\/p>\n","protected":false},"excerpt":{"rendered":"<p>Rogamos que cualquier ante cualquier duda, aclaraci\u00f3n o comunicaci\u00f3n, contacte con el Vicerrectorado de Campus de la ULe Tel\u00e9fono: 987 29 19 24 Correo electr\u00f3nico: vice.campus@unileon.es<\/p>\n","protected":false},"author":50,"featured_media":0,"parent":0,"menu_order":0,"comment_status":"closed","ping_status":"closed","template":"","meta":{"footnotes":""},"class_list":["post-35","page","type-page","status-publish","hentry"],"_links":{"self":[{"href":"https:\/\/grupos.unileon.es\/crue-tic\/wp-json\/wp\/v2\/pages\/35","targetHints":{"allow":["GET"]}}],"collection":[{"href":"https:\/\/grupos.unileon.es\/crue-tic\/wp-json\/wp\/v2\/pages"}],"about":[{"href":"https:\/\/grupos.unileon.es\/crue-tic\/wp-json\/wp\/v2\/types\/page"}],"author":[{"embeddable":true,"href":"https:\/\/grupos.unileon.es\/crue-tic\/wp-json\/wp\/v2\/users\/50"}],"replies":[{"embeddable":true,"href":"https:\/\/grupos.unileon.es\/crue-tic\/wp-json\/wp\/v2\/comments?post=35"}],"version-history":[{"count":2,"href":"https:\/\/grupos.unileon.es\/crue-tic\/wp-json\/wp\/v2\/pages\/35\/revisions"}],"predecessor-version":[{"id":42,"href":"https:\/\/grupos.unileon.es\/crue-tic\/wp-json\/wp\/v2\/pages\/35\/revisions\/42"}],"wp:attachment":[{"href":"https:\/\/grupos.unileon.es\/crue-tic\/wp-json\/wp\/v2\/media?parent=35"}],"curies":[{"name":"wp","href":"https:\/\/api.w.org\/{rel}","templated":true}]}}