{"id":54,"date":"2015-09-14T06:28:22","date_gmt":"2015-09-14T06:28:22","guid":{"rendered":"http:\/\/grupos.unileon.es\/crue-tic\/?page_id=54"},"modified":"2015-10-08T09:26:50","modified_gmt":"2015-10-08T09:26:50","slug":"inicio","status":"publish","type":"page","link":"https:\/\/grupos.unileon.es\/crue-tic\/","title":{"rendered":"Comisi\u00f3n Sectorial CRUE-TIC"},"content":{"rendered":"<p style=\"font-size: 1.4em;\"><em>\u00abLa Seguridad de la Informaci\u00f3n y las Comunicaciones en las Universidades Espa\u00f1olas: entre la necesidad y el reto\u00bb<\/em><\/p>\n<p style=\"font-size: 1.4em;\"><strong>Universidad de Le\u00f3n los d\u00edas 22 y 23 de octubre de 2015<\/strong><\/p>\n<p>&nbsp;<\/p>\n<h3>Patrocinadores<\/h3>\n<p class=\"floatleft\" style=\"margin-right: 100px; margin-top: 20px;\"><a href=\"http:\/\/www.huaweispain.com\/\" class=\"fotos\"><img decoding=\"async\" src=\"http:\/\/grupos.unileon.es\/crue-tic\/files\/2015\/10\/huawei2.png\" alt=\"huawei\" width=\"160\" \/><\/a><\/p>\n<p><a href=\"http:\/\/www.hp.es\" class=\"fotos\"><img decoding=\"async\" src=\"http:\/\/grupos.unileon.es\/crue-tic\/files\/2015\/09\/hp.png\" alt=\"hp\" width=\"100\" style=\"margin-bottom: 10px;\" \/><\/a><br \/><a href=\"http:\/\/www.intel.es\" class=\"fotos\"><img decoding=\"async\" src=\"http:\/\/grupos.unileon.es\/crue-tic\/files\/2015\/09\/intel.png\" alt=\"intel\" width=\"100\" \/><\/a><\/p>\n<p>&nbsp;<\/p>\n<h3>Mapa de Localizaci\u00f3n<\/h3>\n<p><iframe loading=\"lazy\" src=\"https:\/\/www.google.com\/maps\/d\/u\/0\/embed?mid=zGS1-FnDNiPI.kBNLux1xF1-k\" width=\"590\" height=\"620\"><\/iframe><\/p>\n<p>&nbsp;<\/p>\n<h3>Organizadores<\/h3>\n<p><a href=\"http:\/\/www.unileon.es\" class=\"fotos\"><img loading=\"lazy\" decoding=\"async\" src=\"http:\/\/grupos.unileon.es\/crue-tic\/files\/2015\/10\/crue-tic-ule.png\" alt=\"Logo ULe\" width=\"141\" height=\"150\" class=\"alignnone size-full wp-image-90\" \/><\/a>&nbsp;&nbsp;&nbsp;&nbsp;&nbsp;<a href=\"http:\/\/www.crue.org\/TIC\/\" class=\"fotos\"><img loading=\"lazy\" decoding=\"async\" src=\"http:\/\/grupos.unileon.es\/crue-tic\/files\/2015\/10\/crue-tic-crue-tic.png\" alt=\"Logo CRUE-TIC\" width=\"160\" height=\"150\" class=\"alignright size-full wp-image-91\" \/><\/a>&nbsp;&nbsp;&nbsp;&nbsp;&nbsp;<a href=\"http:\/\/www.redugi.org\" class=\"fotos\"><img loading=\"lazy\" decoding=\"async\" src=\"http:\/\/grupos.unileon.es\/crue-tic\/files\/2015\/10\/crue-tic-redugi.png\" alt=\"Logo CRUE REDUGI\" width=\"230\" height=\"150\" class=\"alignright size-full wp-image-92\" \/><\/a><\/p>\n","protected":false},"excerpt":{"rendered":"<p>\u00abLa Seguridad de la Informaci\u00f3n y las Comunicaciones en las Universidades Espa\u00f1olas: entre la necesidad y el reto\u00bb Universidad de Le\u00f3n los d\u00edas 22 y 23 de octubre de 2015 &nbsp; Patrocinadores &nbsp; Mapa de Localizaci\u00f3n &nbsp; Organizadores &nbsp;&nbsp;&nbsp;&nbsp;&nbsp;&nbsp;&nbsp;&nbsp;&nbsp;&nbsp;<\/p>\n","protected":false},"author":50,"featured_media":0,"parent":0,"menu_order":0,"comment_status":"closed","ping_status":"closed","template":"","meta":{"footnotes":""},"class_list":["post-54","page","type-page","status-publish","hentry"],"_links":{"self":[{"href":"https:\/\/grupos.unileon.es\/crue-tic\/wp-json\/wp\/v2\/pages\/54","targetHints":{"allow":["GET"]}}],"collection":[{"href":"https:\/\/grupos.unileon.es\/crue-tic\/wp-json\/wp\/v2\/pages"}],"about":[{"href":"https:\/\/grupos.unileon.es\/crue-tic\/wp-json\/wp\/v2\/types\/page"}],"author":[{"embeddable":true,"href":"https:\/\/grupos.unileon.es\/crue-tic\/wp-json\/wp\/v2\/users\/50"}],"replies":[{"embeddable":true,"href":"https:\/\/grupos.unileon.es\/crue-tic\/wp-json\/wp\/v2\/comments?post=54"}],"version-history":[{"count":10,"href":"https:\/\/grupos.unileon.es\/crue-tic\/wp-json\/wp\/v2\/pages\/54\/revisions"}],"predecessor-version":[{"id":113,"href":"https:\/\/grupos.unileon.es\/crue-tic\/wp-json\/wp\/v2\/pages\/54\/revisions\/113"}],"wp:attachment":[{"href":"https:\/\/grupos.unileon.es\/crue-tic\/wp-json\/wp\/v2\/media?parent=54"}],"curies":[{"name":"wp","href":"https:\/\/api.w.org\/{rel}","templated":true}]}}