{"id":7,"date":"2015-09-02T07:20:04","date_gmt":"2015-09-02T07:20:04","guid":{"rendered":"http:\/\/grupos.unileon.es\/crue-tic\/?page_id=7"},"modified":"2015-09-02T07:23:30","modified_gmt":"2015-09-02T07:23:30","slug":"saludo-del-rector","status":"publish","type":"page","link":"https:\/\/grupos.unileon.es\/crue-tic\/saludo-del-rector\/","title":{"rendered":"Saludo del Rector"},"content":{"rendered":"<p class=\"floatright\"><a href=\"http:\/\/grupos.unileon.es\/cadep-crue\/files\/2015\/03\/untitled.png\"><img decoding=\"async\" src=\"http:\/\/grupos.unileon.es\/cadep-crue\/files\/2015\/03\/untitled.png\" alt=\"Jos\u00e9 \u00c1ngel Hermida Alonso\" \/><\/a><\/p>\n<p>En primer lugar, quiero agradecerles que hayan elegido Le\u00f3n y su Universidad para celebrar, los pr\u00f3ximos 22 y 23 de octubre de 2015, la reuni\u00f3n la Comisi\u00f3n Sectorial de Tecnolog\u00edas de la Informaci\u00f3n y las Comunicaciones de la Conferencia de Rectores de las Universidades Espa\u00f1olas (CRUE-TIC).<\/p>\n<p>Bienvenidos sean a una ciudad cuyo origen, datado hace m\u00e1s de dos mil a\u00f1os, se remonta al campamento romano de la Legio VII Gemina y que a su rico y bien conocido patrimonio art\u00edstico une el hecho de que en 2013 fuera declarada por la UNESCO como Cuna del Parlamentarismo, pues en 1188 y en los muros de San Isidoro el rey Alfonso IX convoc\u00f3 una Curia Regia en la que adem\u00e1s de clero y nobleza, fueron tambi\u00e9n  llamados los representantes de las ciudades.<\/p>\n<p>La misi\u00f3n de la CRUE-TIC es asesorar y proponer a la CRUE cuantos temas se consideren oportunos en el \u00e1mbito de las tecnolog\u00edas de la informaci\u00f3n y las comunicaciones y por ello en esta edici\u00f3n hemos elegido como asunto central la Seguridad de la Informaci\u00f3n. Consideramos que \u00e9ste es un aspecto esencial en nuestra relaci\u00f3n con las TIC y a menudo nos olvidamos de los riesgos que asumimos todos los d\u00edas por la baja concienciaci\u00f3n en esta materia. Adem\u00e1s aprovechamos la cercan\u00eda y la estrecha colaboraci\u00f3n con el  INCIBE (Instituto Nacional de Ciberseguridad) para tratar este tema con su orientaci\u00f3n y apoyo.<\/p>\n<p>Espero y deseo que tengan sesiones de trabajo fruct\u00edferas, cuyos resultados nos permitan avanzar a todos y que disfruten de lo que Le\u00f3n y sus gentes les ofrecen.<\/p>\n<p>&nbsp;<\/p>\n<p>Jos\u00e9 \u00c1ngel Hermida Alonso<br \/>Rector de la Universidad de Le\u00f3n<\/p>\n","protected":false},"excerpt":{"rendered":"<p>En primer lugar, quiero agradecerles que hayan elegido Le\u00f3n y su Universidad para celebrar, los pr\u00f3ximos 22 y 23 de octubre de 2015, la reuni\u00f3n la Comisi\u00f3n Sectorial de Tecnolog\u00edas de la Informaci\u00f3n y las Comunicaciones de la Conferencia de Rectores de las Universidades Espa\u00f1olas (CRUE-TIC). Bienvenidos sean a una ciudad cuyo origen, datado hace [&hellip;]<\/p>\n","protected":false},"author":50,"featured_media":0,"parent":0,"menu_order":0,"comment_status":"closed","ping_status":"closed","template":"","meta":{"footnotes":""},"class_list":["post-7","page","type-page","status-publish","hentry"],"_links":{"self":[{"href":"https:\/\/grupos.unileon.es\/crue-tic\/wp-json\/wp\/v2\/pages\/7","targetHints":{"allow":["GET"]}}],"collection":[{"href":"https:\/\/grupos.unileon.es\/crue-tic\/wp-json\/wp\/v2\/pages"}],"about":[{"href":"https:\/\/grupos.unileon.es\/crue-tic\/wp-json\/wp\/v2\/types\/page"}],"author":[{"embeddable":true,"href":"https:\/\/grupos.unileon.es\/crue-tic\/wp-json\/wp\/v2\/users\/50"}],"replies":[{"embeddable":true,"href":"https:\/\/grupos.unileon.es\/crue-tic\/wp-json\/wp\/v2\/comments?post=7"}],"version-history":[{"count":3,"href":"https:\/\/grupos.unileon.es\/crue-tic\/wp-json\/wp\/v2\/pages\/7\/revisions"}],"predecessor-version":[{"id":10,"href":"https:\/\/grupos.unileon.es\/crue-tic\/wp-json\/wp\/v2\/pages\/7\/revisions\/10"}],"wp:attachment":[{"href":"https:\/\/grupos.unileon.es\/crue-tic\/wp-json\/wp\/v2\/media?parent=7"}],"curies":[{"name":"wp","href":"https:\/\/api.w.org\/{rel}","templated":true}]}}