{"id":73,"date":"2015-09-23T06:18:10","date_gmt":"2015-09-23T06:18:10","guid":{"rendered":"http:\/\/grupos.unileon.es\/crue-tic\/?page_id=73"},"modified":"2015-10-20T08:38:20","modified_gmt":"2015-10-20T08:38:20","slug":"programa","status":"publish","type":"page","link":"https:\/\/grupos.unileon.es\/crue-tic\/programa\/","title":{"rendered":"Programa"},"content":{"rendered":"<p>&nbsp;<\/p>\n<h3>D\u00eda 22 de octubre, jueves<\/h3>\n<p>En paralelo se habilitar\u00e1 una sala para la reuni\u00f3n de la comisi\u00f3n ejecutiva y habr\u00e1 otras salas para reuniones que soliciten los grupos de trabajo.<\/p>\n<dl>\n<dt>8:45 a 9:15<\/dt>\n<dd><strong>Recepci\u00f3n y recogida de informaci\u00f3n<\/strong><\/dd>\n<dt>9:15 a 9:30<\/dt>\n<dd><strong>Bienvenida<\/strong><\/dd>\n<dt>9:30 a 10:30<\/dt>\n<dd>\n<p><strong>Sesi\u00f3n t\u00e9cnica: Seguridad en los servicios TIC<\/strong><\/p>\n<ul>\n<li>Coordinador: <strong>D. Jos\u00e9 Antonio Pizarro<\/strong> (USC)<\/li>\n<li><strong>D. Vicente Andreu Navarro<\/strong> (UJI)<\/li>\n<li><strong>D. Jorge Rami\u00f3<\/strong> (UPM)<\/li>\n<li><strong>D. Alberto Hern\u00e1ndez<\/strong> (Director de Operaciones del INCIBE)<\/li>\n<li>Representante del CERT CCN<\/li>\n<\/ul>\n<\/dd>\n<dt>10:30 &#8211; 11:50<\/dt>\n<dd>\n<p><strong>Conclusiones TIC360 y perspectivas de la direcci\u00f3n TI<\/strong>, <u>Sala Gord\u00f3n Ordas<\/u><\/p>\n<ul>\n<li>Visi\u00f3n TIC360. <strong>Andr\u00e9s Prado<\/strong> (UCLM)<\/li>\n<li>Evoluci\u00f3n del Director de TI Universitario. <strong>Joaquin Canca<\/strong> (UMA)<\/li>\n<li>Impacto del Bigdata en la anal\u00edtica acad\u00e9mica y la seguridad en la transformaci\u00f3n digital. <strong>Santiago Portela<\/strong> (UAX)<\/li>\n<li>Como abordar la Visi\u00f3n 360. <strong>Luis Fran Blanco<\/strong> (UPComillas)<\/li>\n<li>Los Servicios TI con esta Visi\u00f3n 360. <strong>Aida Cabrero<\/strong> (UJAEN)<\/li>\n<\/ul>\n<p>Corolario- Safe Harbor: retos para el modelo europeo de la privacidad . <strong>Ricard Martinez<\/strong> (UV)<\/p>\n<p><\/p>\n<p><strong>G.T. Analisis, Planificacion y Gobierno TI<\/strong>, <u>Sala Mart\u00edn Sarmiento<\/u><\/p>\n<p><\/p>\n<p><strong>Comisi\u00f3n Ejecutiva CRUE-TIC<\/strong>, <u>Sala Fundaciones<\/u> (desde las 11:30 horas)<\/p>\n<\/dd>\n<dt>11:50 a 12:30<\/dt>\n<dd><strong>Caf\u00e9, Networking<\/strong><\/dd>\n<dt>12:30 a 12:50<\/dt>\n<dd><strong>Conferencia patrocinada (HP)<\/strong>. <em>HP: por una movilidad segura en entornos educativos<\/em>. <strong>D. Melchor Sanz<\/strong>, Director de Tecnolog\u00eda y Preventa HP<\/dd>\n<dt>12:50 a 13:50<\/dt>\n<dd><strong>Conferencia plenaria<\/strong>: <strong>D. Miguel Rego<\/strong> (Director General INCIBE)<\/dd>\n<dt><strong>14:00 a 14:30<\/strong><\/dt>\n<dd>\n<p><strong>Inauguraci\u00f3n<\/strong><\/p>\n<ul>\n<li>Presidente de la Sectorial CRUE-TIC<\/li>\n<li>Alcald\u00eda de Le\u00f3n<\/li>\n<li>Rector de la Universidad de Le\u00f3n<\/li>\n<li>Junta de Castilla y Le\u00f3n<\/li>\n<\/ul>\n<p><strong>Informe del presidente<\/strong><\/p>\n<p><strong>Entrega de los II premios CRUE-TIC<\/strong><\/p>\n<ul>\n<li>Premio a la Trayectoria institucional a <strong>D. Miguel \u00c1ngel Amutio G\u00f3mez<\/strong><\/li>\n<li>Trayectoria Profesional a <strong>D. Joaquin Canca<\/strong><\/li>\n<\/ul>\n<\/dd>\n<dt>14:30 a 16:00<\/dt>\n<dd><strong>Comida<\/strong><\/dd>\n<dt>16:00 a 17:45<\/dt>\n<dd>\n<p><strong>Asamblea de la sectorial: informe de los grupos de trabajo<\/strong><\/p>\n<ul>\n<li>16:00 &#8211; 16:15 Elecci\u00f3n para designaci\u00f3n de vacantes ejecutiva<\/li>\n<li>16:15 &#8211; 17:00 Presentaci\u00f3n Mapa eadmon CRUE y detalle otros proyectos GT eadmon<\/li>\n<li>17:00 &#8211; 17:45 Resumen acciones resto GTs<\/li>\n<\/ul>\n<\/dd>\n<dt>18:00 a 19:30<\/dt>\n<dd><strong>Visita cultural \/ II Carrera tur\u00edstica<\/strong><\/dd>\n<dt><em>21:00<\/em><\/dt>\n<dd><em>Cena<\/em><\/dd>\n<\/dl>\n<p>&nbsp;<\/p>\n<h3>D\u00eda 23 de octubre, viernes<\/h3>\n<dl>\n<dt>9:30 a 10:30<\/dt>\n<dd>\n<p><strong>CRUE-TIC Red UGI Sesi\u00f3n 1: Gesti\u00f3n de la Investigaci\u00f3n<\/strong><\/p>\n<ul>\n<li><em>SUXI v 3.0 El sistema de gesti\u00f3n de la investigaci\u00f3n del Consorcio Interuniversitario Gallego (CIXUG). <strong>D. Manuel Mosquera Viso<\/strong>, Gerente del Consorcio CIXUG.<\/em><\/li>\n<li><em>Repositorio de contenidos digitales de la UNED. Web sem\u00e1ntica y b\u00fasquedas federadas. <strong>D\u00f1a. Vanessa Alonso<\/strong>. UNED<\/em><\/li>\n<li><em>Sem\u00e1ntica aplicada y gesti\u00f3n de la investigaci\u00f3n. <strong>D. I\u00f1aki Fuertes<\/strong>, director del Servicio Inform\u00e1tico, <strong>D. Fernando D\u00edez<\/strong>, director de la OTRI. Universidad de Deusto<\/em><\/li>\n<\/ul>\n<\/dd>\n<dt>10:30 a 10:50<\/dt>\n<dd><strong>Conferencia patrocinada (Huawei)<\/strong>. <em>Casos de uso de BigData<\/em>. <strong>D. Santiago Juli\u00e1n<\/strong>, product manager del \u00e1rea de sistemas de Huawei<\/dd>\n<dt><em>10:50 a 11:30<\/em><\/dt>\n<dd><em>Caf\u00e9<\/em><\/dd>\n<dt>11:30 a 12:30<\/dt>\n<dd>\n<p><strong>CRUE-TIC Red UGI Sesi\u00f3n 2: Casos de uso en gesti\u00f3n de la investigaci\u00f3n<\/strong><\/p>\n<ul>\n<li><em>Implantaci\u00f3n de un sistema de gesti\u00f3n de la producci\u00f3n cient\u00edfica en la UVic-UCC. <strong>D. Joan Busquiel<\/strong>, Director del \u00c1rea TIC. Universidad de Vic<\/em><\/li>\n<li><em>Gesti\u00f3n de la producci\u00f3n cient\u00edfica en la UPF. <strong>D\u00f1a. Anna Casald\u00e1liga<\/strong>, Subidrectora biblioteca. Universidad Pompeu Fabra<\/em><\/li>\n<li><em>La aplicaci\u00f3n de gesti\u00f3n de proyectos E-proyecta. <strong>D. Miguel \u00c1ngel Guardia<\/strong>. Universidad de Granada<\/em><\/li>\n<\/ul>\n<\/dd>\n<dt>12:30 a 13:30<\/dt>\n<dd>\n<p><strong>CRUE-TIC Red UGI Sesi\u00f3n 3:<\/strong><\/p>\n<ul>\n<li><em>Novedades en la Gesti\u00f3n de la Investigaci\u00f3n en la Universidad de Murcia. <strong>D. Jes\u00fas Ru\u00edz Nicol\u00e1s<\/strong>, Jefe proyecto gestion Investigaci\u00f3n ELARA. Universidad de Murcia<\/em><\/li>\n<li><em>Productos para la gesti\u00f3n de la investigaci\u00f3n: Cientia + Sideral + DATUZ + KAMPAL. <strong>D\u00f1a Carmen Baras<\/strong>, Vicegerente. Universidad de Zaragoza. <\/em><\/li>\n<li><em>S2i, herramienta de gesti\u00f3n de la I+D+i en la UPM. <strong>D. Miguel \u00c1ngel Lucas<\/strong>, \u00c1rea de Investigaci\u00f3n. Universidad Polit\u00e9cnica de Madrid<\/em><\/li>\n<\/ul>\n<\/dd>\n<dt>13:30 a 14:00<\/dt>\n<dd><strong>Conclusiones y clausura<\/strong><\/dd>\n<dt>14:00<\/dt>\n<dd><strong>Comida<\/strong><\/dd>\n<\/dl>\n","protected":false},"excerpt":{"rendered":"<p>&nbsp; D\u00eda 22 de octubre, jueves En paralelo se habilitar\u00e1 una sala para la reuni\u00f3n de la comisi\u00f3n ejecutiva y habr\u00e1 otras salas para reuniones que soliciten los grupos de trabajo. 8:45 a 9:15 Recepci\u00f3n y recogida de informaci\u00f3n 9:15 a 9:30 Bienvenida 9:30 a 10:30 Sesi\u00f3n t\u00e9cnica: Seguridad en los servicios TIC Coordinador: D. [&hellip;]<\/p>\n","protected":false},"author":50,"featured_media":0,"parent":0,"menu_order":0,"comment_status":"closed","ping_status":"closed","template":"","meta":{"footnotes":""},"class_list":["post-73","page","type-page","status-publish","hentry"],"_links":{"self":[{"href":"https:\/\/grupos.unileon.es\/crue-tic\/wp-json\/wp\/v2\/pages\/73","targetHints":{"allow":["GET"]}}],"collection":[{"href":"https:\/\/grupos.unileon.es\/crue-tic\/wp-json\/wp\/v2\/pages"}],"about":[{"href":"https:\/\/grupos.unileon.es\/crue-tic\/wp-json\/wp\/v2\/types\/page"}],"author":[{"embeddable":true,"href":"https:\/\/grupos.unileon.es\/crue-tic\/wp-json\/wp\/v2\/users\/50"}],"replies":[{"embeddable":true,"href":"https:\/\/grupos.unileon.es\/crue-tic\/wp-json\/wp\/v2\/comments?post=73"}],"version-history":[{"count":23,"href":"https:\/\/grupos.unileon.es\/crue-tic\/wp-json\/wp\/v2\/pages\/73\/revisions"}],"predecessor-version":[{"id":141,"href":"https:\/\/grupos.unileon.es\/crue-tic\/wp-json\/wp\/v2\/pages\/73\/revisions\/141"}],"wp:attachment":[{"href":"https:\/\/grupos.unileon.es\/crue-tic\/wp-json\/wp\/v2\/media?parent=73"}],"curies":[{"name":"wp","href":"https:\/\/api.w.org\/{rel}","templated":true}]}}