{"id":199,"date":"2022-09-21T10:27:34","date_gmt":"2022-09-21T10:27:34","guid":{"rendered":"https:\/\/grupos.unileon.es\/derecho-romano\/?page_id=199"},"modified":"2022-09-26T07:36:49","modified_gmt":"2022-09-26T07:36:49","slug":"formacion-y-actualidad","status":"publish","type":"page","link":"https:\/\/grupos.unileon.es\/derecho-romano\/formacion-y-actualidad\/","title":{"rendered":"Formaci\u00f3n y Actualidad"},"content":{"rendered":"<h2>Cursos y congresos<\/h2>\n<p><span style=\"font-size: 14pt;\"><strong>Curso de Oratoria y t\u00e9cnicas de comunicaci\u00f3n en Derecho y Mediaci\u00f3n (50h \u2013 2 ECTS)<\/strong><\/span><\/p>\n<p><img loading=\"lazy\" decoding=\"async\" class=\"wp-image-210 alignnone\" src=\"https:\/\/grupos.unileon.es\/derecho-romano\/files\/2022\/09\/Curso-Oratoria-y-Mediacion.png\" alt=\"\" width=\"302\" height=\"426\" \/><\/p>\n<p><span style=\"font-size: 14pt;\"><strong>Congreso multidisciplinar \u00abRoma en femenino\u00bb (1ECTS)<\/strong><\/span><\/p>\n<p><img loading=\"lazy\" decoding=\"async\" class=\" wp-image-218 alignnone\" src=\"https:\/\/grupos.unileon.es\/derecho-romano\/files\/2022\/09\/Diptico-Roma-en-Femenino.jpg\" alt=\"\" width=\"535\" height=\"376\" \/><\/p>\n","protected":false},"excerpt":{"rendered":"<p>Cursos y congresos Curso de Oratoria y t\u00e9cnicas de comunicaci\u00f3n en Derecho y Mediaci\u00f3n (50h \u2013 2 ECTS) Congreso multidisciplinar \u00abRoma en femenino\u00bb (1ECTS)<\/p>\n","protected":false},"author":19,"featured_media":0,"parent":0,"menu_order":0,"comment_status":"closed","ping_status":"closed","template":"","meta":{"footnotes":""},"class_list":["post-199","page","type-page","status-publish","hentry"],"_links":{"self":[{"href":"https:\/\/grupos.unileon.es\/derecho-romano\/wp-json\/wp\/v2\/pages\/199","targetHints":{"allow":["GET"]}}],"collection":[{"href":"https:\/\/grupos.unileon.es\/derecho-romano\/wp-json\/wp\/v2\/pages"}],"about":[{"href":"https:\/\/grupos.unileon.es\/derecho-romano\/wp-json\/wp\/v2\/types\/page"}],"author":[{"embeddable":true,"href":"https:\/\/grupos.unileon.es\/derecho-romano\/wp-json\/wp\/v2\/users\/19"}],"replies":[{"embeddable":true,"href":"https:\/\/grupos.unileon.es\/derecho-romano\/wp-json\/wp\/v2\/comments?post=199"}],"version-history":[{"count":8,"href":"https:\/\/grupos.unileon.es\/derecho-romano\/wp-json\/wp\/v2\/pages\/199\/revisions"}],"predecessor-version":[{"id":216,"href":"https:\/\/grupos.unileon.es\/derecho-romano\/wp-json\/wp\/v2\/pages\/199\/revisions\/216"}],"wp:attachment":[{"href":"https:\/\/grupos.unileon.es\/derecho-romano\/wp-json\/wp\/v2\/media?parent=199"}],"curies":[{"name":"wp","href":"https:\/\/api.w.org\/{rel}","templated":true}]}}