{"id":54,"date":"2021-09-10T18:00:39","date_gmt":"2021-09-10T18:00:39","guid":{"rendered":"https:\/\/grupos.unileon.es\/derecho-romano\/?page_id=54"},"modified":"2022-10-08T22:19:56","modified_gmt":"2022-10-08T22:19:56","slug":"enlaces-de-interes","status":"publish","type":"page","link":"https:\/\/grupos.unileon.es\/derecho-romano\/enlaces-de-interes\/","title":{"rendered":"Enlaces de inter\u00e9s"},"content":{"rendered":"<p><a href=\"https:\/\/droitromain.univ-grenoble-alpes.fr\/\">The Roman Law Library<em> \u2013 https:\/\/droitromain.univ-grenoble-alpes.fr\/<\/em><\/a><\/p>\n<p><a href=\"https:\/\/droitromain.univ-grenoble-alpes.fr\/\"><img loading=\"lazy\" decoding=\"async\" class=\"\" src=\"https:\/\/droitromain.univ-grenoble-alpes.fr\/Images\/titre_RLL_01.jpg\" alt=\"\" width=\"231\" height=\"127\" \/><\/a><\/p>\n<p><a href=\"https:\/\/www.thelatinlibrary.com\/\">The Latin Library \u2013 <em>https:\/\/www.thelatinlibrary.com\/<\/em><\/a><\/p>\n<p><a href=\"https:\/\/www.thelatinlibrary.com\/\"><img loading=\"lazy\" decoding=\"async\" class=\"wp-image-105 alignnone\" src=\"https:\/\/grupos.unileon.es\/derecho-romano\/files\/2021\/09\/Screenshot-2021-09-15-at-12-12-39-The-Latin-Library.png\" alt=\"\" width=\"236\" height=\"129\" \/><\/a><\/p>\n<p><a href=\"https:\/\/www.gutenberg.org\/browse\/languages\/es\">Project Gutenberg \u2013 <em>https:\/\/www.gutenberg.org\/browse\/languages\/es<\/em><\/a><\/p>\n<p><a href=\"https:\/\/www.gutenberg.org\/browse\/languages\/es\"><img loading=\"lazy\" decoding=\"async\" class=\" wp-image-129 alignnone\" src=\"https:\/\/grupos.unileon.es\/derecho-romano\/files\/2021\/09\/pg-logo-129x80-1.png\" alt=\"\" width=\"223\" height=\"138\" \/><\/a><\/p>\n<p><a href=\"https:\/\/bib.us.es\/derechoytrabajo\/pixelegis\">PixeLegis: Derecho Romano \u2013 Universidad de Sevilla \u2013<em> https:\/\/bib.us.es\/derechoytrabajo\/pixelegis<\/em><\/a><\/p>\n<p style=\"text-align: left;\"><a href=\"https:\/\/archive.org\/search.php?query=collection%3A%28bibliotecauniversitariadesevilla%29%20AND%20subject%3A%28Fondo%20de%20Derecho%29%20AND%20subject%3A%28Derecho%20romano%29\"><img loading=\"lazy\" decoding=\"async\" class=\"size-full wp-image-130 alignnone\" src=\"https:\/\/grupos.unileon.es\/derecho-romano\/files\/2021\/09\/pixelegisprincipal.jpg\" alt=\"\" width=\"220\" height=\"220\" \/>PixeLegis Derecho Romano \u2013 Archive.org<\/a><\/p>\n<p><a href=\"http:\/\/www.iuscivile.com\/\">Roman Law Resources \u2013 <em>http:\/\/www.iuscivile.com\/<\/em><\/a><\/p>\n<p style=\"text-align: left;\"><a href=\"http:\/\/www.iuscivile.com\/\"><img loading=\"lazy\" decoding=\"async\" class=\"size-full wp-image-132 alignnone\" src=\"https:\/\/grupos.unileon.es\/derecho-romano\/files\/2021\/09\/theo-scot-left.png\" alt=\"\" width=\"45\" height=\"193\" \/><img loading=\"lazy\" decoding=\"async\" class=\"size-full wp-image-133 alignnone\" src=\"https:\/\/grupos.unileon.es\/derecho-romano\/files\/2021\/09\/theo-scot-right.png\" alt=\"\" width=\"112\" height=\"193\" \/>\u00a0<\/a><\/p>\n<p><span style=\"color: #ff0000;\"><span style=\"color: #800000;\">Cuerpo del Derecho Civil Romano,\u00a0 Digesto &#8211; Universidad Nacional Aut\u00f3noma de M\u00e9xico<\/span><\/span><br \/>\n(Manual imprescindible para seguir la asignatura)<\/p>\n<p><span style=\"font-size: 8pt;\"><strong>Tomo 1 &#8211;<\/strong> <a href=\"https:\/\/biblio.juridicas.unam.mx\/bjv\/detalle-libro\/600-cuerpo-del-derecho-civil-romano-t-i-instituta-digesto\"><em>https:\/\/biblio.juridicas.unam.mx\/bjv\/detalle-libro\/600-cuerpo-del-derecho-civil-romano-t-i-instituta-digesto<\/em><\/a><\/span><\/p>\n<p><span style=\"font-size: 8pt;\"><strong>Tomo 2 &#8211;<\/strong><a href=\"https:\/\/biblio.juridicas.unam.mx\/bjv\/detalle-libro\/601-cuerpo-del-derecho-civil-romano-t-ii-digesto\"><em> https:\/\/biblio.juridicas.unam.mx\/bjv\/detalle-libro\/601-cuerpo-del-derecho-civil-romano-t-ii-digesto<\/em><\/a><\/span><\/p>\n<p><span style=\"font-size: 10pt;\"><strong><span style=\"font-size: 8pt;\">Tomo 3 &#8211; <\/span><\/strong><a href=\"https:\/\/biblio.juridicas.unam.mx\/bjv\/detalle-libro\/602-cuerpo-del-derecho-civil-romano-t-iii-digesto\"><em><span style=\"font-size: 8pt;\"><span style=\"font-size: 10pt;\"><span style=\"font-size: 8pt;\">https:\/\/biblio.juridicas.unam.mx\/bjv\/detalle-libro\/602-cuerpo-del-derecho-civil-romano-t-iii-digesto<\/span><\/span><\/span><\/em><\/a><\/span><\/p>\n<p><a href=\"https:\/\/biblio.juridicas.unam.mx\/bjv\/detalle-libro\/600-cuerpo-del-derecho-civil-romano-t-i-instituta-digesto\"><img loading=\"lazy\" decoding=\"async\" class=\"wp-image-144 alignnone\" src=\"https:\/\/grupos.unileon.es\/derecho-romano\/files\/2021\/09\/Imagen1.jpg\" alt=\"\" width=\"169\" height=\"241\" \/><\/a> <a href=\"https:\/\/biblio.juridicas.unam.mx\/bjv\/detalle-libro\/601-cuerpo-del-derecho-civil-romano-t-ii-digesto\"><img loading=\"lazy\" decoding=\"async\" class=\" wp-image-230 alignnone\" src=\"https:\/\/grupos.unileon.es\/derecho-romano\/files\/2022\/10\/601.jpg\" alt=\"\" width=\"169\" height=\"241\" \/><\/a> <a href=\"https:\/\/biblio.juridicas.unam.mx\/bjv\/detalle-libro\/602-cuerpo-del-derecho-civil-romano-t-iii-digesto\"><img loading=\"lazy\" decoding=\"async\" class=\"wp-image-231 alignnone\" src=\"https:\/\/grupos.unileon.es\/derecho-romano\/files\/2022\/10\/602.jpg\" alt=\"\" width=\"173\" height=\"246\" \/><\/a><\/p>\n<p><a href=\"http:\/\/www.antorcha.net\/biblioteca_virtual\/derecho\/leyes\/presentacion.html\">Bibloteca Virtual Antorcha &#8211; <em>http:\/\/www.antorcha.net\/biblioteca_virtual\/derecho\/leyes\/presentacion.html<\/em><\/a><\/p>\n<p><a href=\"http:\/\/www.antorcha.net\/biblioteca_virtual\/derecho\/leyes\/presentacion.html\"><img loading=\"lazy\" decoding=\"async\" class=\" wp-image-166 alignnone\" src=\"https:\/\/grupos.unileon.es\/derecho-romano\/files\/2021\/10\/presentacion.jpg\" alt=\"\" width=\"183\" height=\"247\" \/><\/a><\/p>\n<p><a href=\"https:\/\/arbor.revistas.csic.es\/index.php\/arbor\">Arbor &#8211; Revista general del Consejo Superior de Investigaciones Cient\u00edficas &#8211; <em>https:\/\/arbor.revistas.csic.es\/index.php\/arbor<\/em><\/a><\/p>\n<p><a href=\"https:\/\/arbor.revistas.csic.es\/index.php\/arbor\"><img loading=\"lazy\" decoding=\"async\" class=\"alignnone\" src=\"https:\/\/arbor.revistas.csic.es\/public\/journals\/1\/homepageImage_es_ES.png\" width=\"488\" height=\"177\" \/><\/a><\/p>\n<p><a href=\"https:\/\/historicodigital.com\/los-fasti.html\">Hist\u00f3rico Digital &#8211; Los fasti &#8211; <em>https:\/\/historicodigital.com\/los-fasti.html<\/em><\/a><\/p>\n<p><a href=\"https:\/\/historicodigital.com\/los-fasti.html\"><img loading=\"lazy\" decoding=\"async\" class=\"wp-image-169 alignnone\" src=\"https:\/\/grupos.unileon.es\/derecho-romano\/files\/2021\/10\/antiates-maiores.jpg\" alt=\"\" width=\"289\" height=\"151\" \/><\/a><\/p>\n<p><a href=\"https:\/\/www.iustel.com\/\">Iustel: Todo el Derecho en Internet &#8211; <em>https:\/\/www.iustel.com\/<\/em><\/a><\/p>\n<p><a href=\"https:\/\/www.iustel.com\/\"><img loading=\"lazy\" decoding=\"async\" class=\"size-full wp-image-170 alignnone\" src=\"https:\/\/grupos.unileon.es\/derecho-romano\/files\/2021\/10\/logoiustel2.gif\" alt=\"\" width=\"220\" height=\"80\" \/><\/a><\/p>\n<p><a href=\"http:\/\/remacle.org\/bloodwolf\/historiens\/aurelvictor\/deviris1.htm\">S. Aurelius Victor &#8211; Hommes Illustres de la Ville de Rome &#8211; <em>http:\/\/remacle.org\/bloodwolf\/historiens\/aurelvictor\/deviris1.htm<\/em><\/a><\/p>\n<p><a href=\"http:\/\/remacle.org\/bloodwolf\/historiens\/aurelvictor\/deviris1.htm\"><img loading=\"lazy\" decoding=\"async\" class=\" wp-image-174 alignnone\" src=\"https:\/\/grupos.unileon.es\/derecho-romano\/files\/2021\/10\/typo.jpg\" alt=\"\" width=\"171\" height=\"203\" \/><\/a><\/p>\n<p><a href=\"http:\/\/www.cervantesvirtual.com\/obra\/las-carreras-de-carros-en-su-origen-y-en-el-mundo-romano-0\/\">Biblioteca Cervantes Virtual &#8211; <em>http:\/\/www.cervantesvirtual.com\/obra\/las-carreras-de-carros-en-su-origen-y-en-el-mundo-romano-0\/<\/em><\/a><\/p>\n<p><a href=\"http:\/\/www.cervantesvirtual.com\/obra\/las-carreras-de-carros-en-su-origen-y-en-el-mundo-romano-0\/\"><img loading=\"lazy\" decoding=\"async\" class=\"size-full wp-image-175 alignnone\" src=\"https:\/\/grupos.unileon.es\/derecho-romano\/files\/2021\/10\/Screenshot-2021-10-03-at-16-04-48-Las-carreras-de-carros-en-su-origen-y-en-el-mundo-romano-Jose-Maria-Blazquez-Martinez.png\" alt=\"\" width=\"361\" height=\"125\" \/><\/a><\/p>\n<p><a href=\"https:\/\/www.jstor.org\/stable\/4434603\"><em>The Vicarius Orbis Romae and the Urban Prefecture <\/em>de William G. Sinnigen &#8211; <em>https:\/\/www.jstor.org\/stable\/4434603<\/em><\/a><\/p>\n<p><a href=\"https:\/\/www.jstor.org\/stable\/4434603\"><img loading=\"lazy\" decoding=\"async\" class=\"size-full wp-image-171 alignnone\" src=\"https:\/\/grupos.unileon.es\/derecho-romano\/files\/2021\/10\/jstor-logo@2x.png\" alt=\"\" width=\"130\" height=\"180\" \/><\/a><\/p>\n<p><a href=\"https:\/\/www.ledonline.it\/ledonline\/index.html?\/ledonline\/riccigladiatori.shtml\">Led On Line &#8211; <em>https:\/\/www.ledonline.it\/ledonline\/index.html?\/ledonline\/riccigladiatori.shtml<\/em><\/a><\/p>\n<p><a href=\"https:\/\/www.ledonline.it\/ledonline\/index.html?\/ledonline\/riccigladiatori.shtml\"><img loading=\"lazy\" decoding=\"async\" class=\" wp-image-172 alignnone\" src=\"https:\/\/grupos.unileon.es\/derecho-romano\/files\/2021\/10\/RicciMED.jpg\" alt=\"\" width=\"153\" height=\"222\" \/><\/a><\/p>\n<p><a href=\"http:\/\/www.tarraconensis.com\/fiestasromanas.html\">Calendario Roma Tarraconensis &#8211; <em>http:\/\/www.tarraconensis.com\/fiestasromanas.html<\/em><\/a><\/p>\n<p><a href=\"http:\/\/www.tarraconensis.com\/fiestasromanas.html\"><img loading=\"lazy\" decoding=\"async\" class=\" wp-image-173 alignnone\" src=\"https:\/\/grupos.unileon.es\/derecho-romano\/files\/2021\/10\/Screenshot-2021-10-03-at-15-55-06-CALENDARIO-ROMA.png\" alt=\"\" width=\"436\" height=\"54\" \/><\/a><\/p>\n<p>&nbsp;<\/p>\n<h2>Obras de referencia<\/h2>\n<p>&nbsp;<\/p>\n<table width=\"80%\">\n<tbody>\n<tr>\n<td><img loading=\"lazy\" decoding=\"async\" class=\"wp-image-181 alignnone\" src=\"https:\/\/grupos.unileon.es\/derecho-romano\/files\/2021\/10\/17854028._UY475_SS475_.jpg\" alt=\"\" width=\"159\" height=\"159\" \/><\/td>\n<td><strong><u>Rafael Domingo (ed.)<br \/>\n<\/u><\/strong><a href=\"https:\/\/www.academia.edu\/35733634\/Juristas_Universales_I_Juristas_antiguos_II_Juristas_modernos_III_Juristas_del_siglo_XIX_y_IV_Juristas_del_siglo_XX\"><em>Juristas Universales, Volumen 1: Juristas Antiguos (2004)<\/em><\/a><\/td>\n<\/tr>\n<tr>\n<td width=\"28%\"><img loading=\"lazy\" decoding=\"async\" class=\"wp-image-143 alignnone\" src=\"https:\/\/grupos.unileon.es\/derecho-romano\/files\/2021\/09\/dionisio_halicarnaso.jpg\" alt=\"\" width=\"171\" height=\"153\" \/><\/td>\n<td width=\"71%\"><strong><u>Dionisio de Halicarnaso (60 a. C. al 7 a. C.)<\/u><\/strong><\/p>\n<p><a href=\"http:\/\/www.anarkasis.net\/Dionisio-Halicarnaso\/index.htm\"><em>\u201cAntig\u00fcedades Romanas\u201d<\/em><\/a><\/p>\n<p>Obra hist\u00f3rica sobre el origen de Roma<\/p>\n<p>Rep\u00fablica \u2013 Dinast\u00eda Julio- Claudia (27 a. C. al 68\/69 d. C)<\/td>\n<\/tr>\n<tr>\n<td width=\"28%\"><img loading=\"lazy\" decoding=\"async\" class=\"wp-image-135 alignnone\" src=\"https:\/\/grupos.unileon.es\/derecho-romano\/files\/2021\/09\/330px-Titus_Livius.jpg\" alt=\"\" width=\"169\" height=\"204\" \/><\/td>\n<td width=\"71%\"><strong><u>Tito Livio (59 a.C. al 17 d.C.)<\/u><\/strong><\/p>\n<p><a href=\"https:\/\/historicodigital.com\/download\/tito%20livio%20i.pdf\"><em>\u201cAb Urbe condita<\/em>\u201d<\/a><\/p>\n<p>Rep\u00fablica \u2013 Dinast\u00eda Julio- Claudia (27 a. C. al 68\/69 d. C)<\/td>\n<\/tr>\n<tr>\n<td width=\"28%\"><img loading=\"lazy\" decoding=\"async\" class=\"n3VNCb\" src=\"https:\/\/upload.wikimedia.org\/wikipedia\/commons\/6\/6a\/Aulus_Cornelius_Celsus.jpg\" alt=\"Aulo Cornelio Celso - Wikipedia, la enciclopedia libre\" width=\"155\" height=\"232\" data-noaft=\"1\" \/><\/td>\n<td width=\"71%\"><strong><u>Celso (67 d. C. al 130 d. C.): <\/u><\/strong><\/p>\n<p><em>M\u00e1ximas<\/em><\/p>\n<p>Dinast\u00eda Julio Claudia (27 a. C. al 68\/69 d. C) \u2013 Dinast\u00eda Flavia (69 d. C. -96 d. C.) \u2013 \u00c9poca de los Antoninos (96 d. C. \u2013 193 d. C.)<\/td>\n<\/tr>\n<tr>\n<td><img loading=\"lazy\" decoding=\"async\" class=\" wp-image-244 alignnone\" src=\"https:\/\/grupos.unileon.es\/derecho-romano\/files\/2022\/10\/marcial1.jpg\" alt=\"\" width=\"169\" height=\"218\" \/><\/td>\n<td><strong><span style=\"text-decoration: underline;\">Marco Valerio Marcial (40 d.C al 104 d.C)<\/span><\/strong><\/p>\n<p><a href=\"https:\/\/historicodigital.com\/download\/marcial%20epigramas%20I-VII.pdf\"><em>Epigramas &#8211; Libros I a VII<\/em><\/a><\/p>\n<p><a href=\"https:\/\/historicodigital.com\/download\/Marcial%20epigramas%20VIII-XIV.pdf\"><em>Epigramas &#8211; Libros VIII &#8211; XIV<\/em><\/a><\/td>\n<\/tr>\n<tr>\n<td width=\"28%\"><\/td>\n<td width=\"71%\"><strong><u>Celso y Juliano<\/u><\/strong>:<\/p>\n<p><em>Autor\u00eda de Digesta <\/em><\/td>\n<\/tr>\n<tr>\n<td width=\"28%\"><img decoding=\"async\" class=\"n3VNCb alignnone\" src=\"https:\/\/editorialverbum.es\/wp-content\/uploads\/2020\/04\/Cayo-Suetonio.jpg\" alt=\"Suetonio \u2013 Editorial Verbum\" data-noaft=\"1\" \/><\/td>\n<td width=\"71%\"><strong><u>Suetonio (70 d. C. al 140 d. C.)<\/u><\/strong><\/p>\n<p><a href=\"https:\/\/www.thelatinlibrary.com\/suet.html\">\u00ab<em>De vita Caesarum<\/em>\u00ab<\/a><\/p>\n<p>Dinast\u00eda Flavia (69 d. C. &#8211; 96 d. C.) \u2013 \u00c9poca de los Antoninos (96 d. C. \u2013 193 d. C.)<\/td>\n<\/tr>\n<tr>\n<td width=\"28%\"><img loading=\"lazy\" decoding=\"async\" class=\"n3VNCb\" src=\"https:\/\/upload.wikimedia.org\/wikipedia\/commons\/thumb\/2\/2d\/Cassius_Dio_Frontispiz.jpg\/220px-Cassius_Dio_Frontispiz.jpg\" alt=\"Dion Casio - Wikipedia, la enciclopedia libre\" width=\"159\" height=\"263\" data-noaft=\"1\" \/><\/td>\n<td width=\"71%\"><strong><u>Dion Casio (155 d. C. al 235 d.C.)<\/u><\/strong><\/p>\n<p><a href=\"https:\/\/vdocuments.es\/historia-romana-dion-casio.html\">\u201cHistoria Romana\u201d<\/a><\/p>\n<p>\u00c9poca de los Severos (193 d.C. \u2013 235 d. C.)<\/td>\n<\/tr>\n<tr>\n<td width=\"28%\"><\/td>\n<td width=\"71%\"><strong><u>Sabino:<\/u><\/strong><\/p>\n<p>\u201cDe libros de respuestas\u201d,<\/p>\n<p><a href=\"https:\/\/biblio.juridicas.unam.mx\/bjv\/resultados?ti=Cuerpo+del+derecho+civil+romano&amp;radio-libro-coleccion=on&amp;radio-titulo-autor=on#cargando\">\u201cComentario al Edicto\u201d *<\/a><\/p>\n<p>Tres \u201c<em>libri iuris civilis<\/em>\u201d que sirven de modelo a los juristas posteriores.<\/p>\n<p>*Fuente: Biblioteca Jur\u00eddica Virtual Universidad Nacional Aut\u00f3noma de M\u00e9xico<\/td>\n<\/tr>\n<tr>\n<td width=\"28%\"><img loading=\"lazy\" decoding=\"async\" class=\"n3VNCb\" src=\"http:\/\/iusromanum.info\/wp-content\/uploads\/2020\/10\/Julianus-560x747.jpg\" alt=\"\u0420\u0418\u041c\u0421\u041a\u041e\u041f\u0420\u0410\u0412\u041d\u0410\u0422\u0410 \u041d\u0410\u0423\u041a\u0410 \u2013 IusRomanum\" width=\"185\" height=\"247\" data-noaft=\"1\" \/><\/td>\n<td width=\"71%\"><strong><u>Salvio Juliano (115 d. C. al 170 d. C.):<\/u><\/strong><\/p>\n<p>\u201cEl Edicto: <em>EDICTUM PERPETUM<\/em>\u201d<br \/>\n<a href=\"https:\/\/bivaldi.gva.es\/es\/catalogo_imagenes\/grupo.do?path=1011740\">Versi\u00f3n en lat\u00edn<\/a> \/ <a href=\"https:\/\/gallica.bnf.fr\/services\/engine\/search\/sru?operation=searchRetrieve&amp;version=1.2&amp;collapsing=disabled&amp;rk=21459;2&amp;query=%28%28dc.creator%20all%20%22Salvius%20Julianus%22%20or%20dc.contributor%20all%20%22Salvius%20Julianus%22%29%29%20and%20dc.relation%20all%20%22cb30667239x%22\">Versi\u00f3n en franc\u00e9s<\/a><\/p>\n<p>\u201cDIGESTA\u201d en 90 libros<\/p>\n<p>Igual m\u00e1ximas, pero m\u00e1s equilibrado y redact\u00f3 el <em>Edictum perpetuum.<\/em><\/p>\n<p>\u00c9poca de los Antoninos (96 d. C. \u2013 193 d. C.)<\/td>\n<\/tr>\n<tr>\n<td width=\"28%\"><img loading=\"lazy\" decoding=\"async\" class=\"n3VNCb\" src=\"https:\/\/i.ebayimg.com\/images\/g\/g8cAAOSwGgddF8-u\/s-l300.jpg\" alt=\"Gaius. Huschke: Gaii Institutionum Iuris Civilis Commentarii o negligencia en el: 1886 | eBay\" width=\"162\" height=\"262\" data-noaft=\"1\" \/><\/td>\n<td width=\"71%\"><strong><u>Gayo (120 d.C.al 178 d. C.) <\/u><\/strong><\/p>\n<p><a href=\"https:\/\/textos.pucp.edu.pe\/pdf\/4885.pdf\"><em>Instituciones,<\/em><\/a> obra cl\u00e1sica que ha llegado casi integra hasta nuestros d\u00edas. *<\/p>\n<p>\u00c9poca de los Antoninos (96 d. C. \u2013 193 d. C.)<\/p>\n<p>*Fuente: Repositorio de la Pontificia Universidad Cat\u00f3lica del Per\u00fa<\/td>\n<\/tr>\n<tr>\n<td width=\"28%\"><\/td>\n<td width=\"71%\"><strong><u>Marco Junio Bruto, pretor en torno al 140 a.C., y (140 a.C. al 82 a.C.) y Bruto (Siglo III, muere en el 164 d.C)<\/u><\/strong><\/p>\n<p><em>Responsa<\/em><\/p>\n<p>Marco Junio Bruto &#8211; Rep\u00fablica<\/p>\n<p>Bruto &#8211; \u00c9poca de los Antoninos (96 \u2013 193 d. C.)<\/td>\n<\/tr>\n<tr>\n<td width=\"28%\"><img loading=\"lazy\" decoding=\"async\" class=\"\" src=\"https:\/\/api.europeana.eu\/api\/v2\/thumbnail-by-url.json?size=w400&amp;type=IMAGE&amp;uri=http%3A%2F%2Fbabel.hathitrust.org%2Fcgi%2Fimgsrv%2Fimage%3Fid%3Ducm.5316864087\" alt=\"[missing \" width=\"185\" height=\"296\" \/><\/td>\n<td width=\"71%\"><strong><u>Aulo Gelio (nace en el 126 d. C. siglo II) <\/u><\/strong><\/p>\n<p><a href=\"https:\/\/www.thelatinlibrary.com\/gellius.html\">\u201c<em>Las Noctes Atticae<\/em>\u201d<\/a>, obra de erudici\u00f3n del siglo II de C<\/p>\n<p>\u00c9poca de los Antoninos (96 d. C. \u2013 193 d. C.)<\/td>\n<\/tr>\n<tr>\n<td width=\"28%\"><img loading=\"lazy\" decoding=\"async\" class=\"n3VNCb\" src=\"https:\/\/upload.wikimedia.org\/wikipedia\/commons\/8\/8e\/Gaius_Cornelius_Tacitus.jpg\" alt=\"Tacito - Biquipedia, a enciclopedia libre\" width=\"187\" height=\"239\" data-noaft=\"1\" \/><\/td>\n<td width=\"71%\"><strong><u>T\u00e1cito de la \u00e9poca flavia y antoniniana<\/u><\/strong><\/p>\n<p><a href=\"https:\/\/www.thelatinlibrary.com\/tac.html\">\u201c<em>Annales e Historiae<\/em>\u00ab<\/a><\/td>\n<\/tr>\n<tr>\n<td width=\"28%\"><img loading=\"lazy\" decoding=\"async\" class=\"mw-mmv-final-image jpg mw-mmv-dialog-is-open\" src=\"https:\/\/upload.wikimedia.org\/wikipedia\/commons\/7\/71\/Papinian_bas-relief_in_the_U.S._House_of_Representatives_chamber.jpg\" alt=\"\" width=\"187\" height=\"235\" crossorigin=\"anonymous\" \/><\/td>\n<td width=\"71%\"><strong><u>Papiniano (142 d.C. al 212 d.C.):<\/u><\/strong><\/p>\n<p><em>Responsa<\/em><\/p>\n<p><em>Quaestiones<\/em><\/p>\n<p>\u00c9poca de los Antoninos (96 d. C. \u2013 193 d.C.) &#8211; \u00c9poca de los Severos 193 d.C. \u2013 235 d. C.<\/td>\n<\/tr>\n<tr>\n<td width=\"28%\"><img decoding=\"async\" class=\"n3VNCb alignnone\" src=\"https:\/\/upload.wikimedia.org\/wikipedia\/commons\/thumb\/f\/fb\/Ulpian.jpg\/170px-Ulpian.jpg\" alt=\"Domicio Ulpiano - Wikipedia, la enciclopedia libre\" data-noaft=\"1\" \/><\/td>\n<td width=\"71%\"><strong><u>Ulpiano (170 d. C. al 228 d.C.) y Paulo (Siglo III): <\/u><\/strong>marcan el final de la \u00c9poca Cl\u00e1sica.<\/p>\n<p><em>Comentarios Ad Sabinum y Ad Edictum<\/em><\/p>\n<p>Ulpiano &#8211; \u00c9poca de los Severos (93 d.C. \u2013 235 d. C.)<\/p>\n<p>Paulo &#8211; \u00c9poca de los Severos (93 d.C. &#8211; 235 d.C.) y siguientes.<\/td>\n<\/tr>\n<\/tbody>\n<\/table>\n<p>&nbsp;<\/p>\n","protected":false},"excerpt":{"rendered":"<p>The Roman Law Library \u2013 https:\/\/droitromain.univ-grenoble-alpes.fr\/ The Latin Library \u2013 https:\/\/www.thelatinlibrary.com\/ Project Gutenberg \u2013 https:\/\/www.gutenberg.org\/browse\/languages\/es PixeLegis: Derecho Romano \u2013 Universidad de Sevilla \u2013 https:\/\/bib.us.es\/derechoytrabajo\/pixelegis PixeLegis Derecho Romano \u2013 Archive.org Roman Law Resources \u2013 http:\/\/www.iuscivile.com\/ \u00a0 Cuerpo del Derecho Civil Romano,\u00a0 Digesto &#8211; Universidad Nacional Aut\u00f3noma de M\u00e9xico (Manual imprescindible para seguir la asignatura) Tomo 1 [&hellip;]<\/p>\n","protected":false},"author":19,"featured_media":0,"parent":0,"menu_order":0,"comment_status":"closed","ping_status":"closed","template":"","meta":{"footnotes":""},"class_list":["post-54","page","type-page","status-publish","hentry"],"_links":{"self":[{"href":"https:\/\/grupos.unileon.es\/derecho-romano\/wp-json\/wp\/v2\/pages\/54","targetHints":{"allow":["GET"]}}],"collection":[{"href":"https:\/\/grupos.unileon.es\/derecho-romano\/wp-json\/wp\/v2\/pages"}],"about":[{"href":"https:\/\/grupos.unileon.es\/derecho-romano\/wp-json\/wp\/v2\/types\/page"}],"author":[{"embeddable":true,"href":"https:\/\/grupos.unileon.es\/derecho-romano\/wp-json\/wp\/v2\/users\/19"}],"replies":[{"embeddable":true,"href":"https:\/\/grupos.unileon.es\/derecho-romano\/wp-json\/wp\/v2\/comments?post=54"}],"version-history":[{"count":42,"href":"https:\/\/grupos.unileon.es\/derecho-romano\/wp-json\/wp\/v2\/pages\/54\/revisions"}],"predecessor-version":[{"id":242,"href":"https:\/\/grupos.unileon.es\/derecho-romano\/wp-json\/wp\/v2\/pages\/54\/revisions\/242"}],"wp:attachment":[{"href":"https:\/\/grupos.unileon.es\/derecho-romano\/wp-json\/wp\/v2\/media?parent=54"}],"curies":[{"name":"wp","href":"https:\/\/api.w.org\/{rel}","templated":true}]}}