{"id":85,"date":"2021-09-15T09:51:25","date_gmt":"2021-09-15T09:51:25","guid":{"rendered":"https:\/\/grupos.unileon.es\/derecho-romano\/?page_id=85"},"modified":"2021-09-15T11:13:13","modified_gmt":"2021-09-15T11:13:13","slug":"familia-romana","status":"publish","type":"page","link":"https:\/\/grupos.unileon.es\/derecho-romano\/familia-romana\/","title":{"rendered":"Familia Romana"},"content":{"rendered":"<p><span style=\"font-size: 18pt;\"><strong>La mujer en Carthago Nova.<\/strong><\/span><\/p>\n<p><img loading=\"lazy\" decoding=\"async\" class=\"aligncenter  wp-image-112\" src=\"https:\/\/grupos.unileon.es\/derecho-romano\/files\/2021\/09\/166702.jpg\" alt=\"\" width=\"585\" height=\"333\" \/><\/p>\n<p>&nbsp;<\/p>\n<p><a href=\"https:\/\/www.youtube.com\/watch?v=yQfPyUEgnOI\">Cap\u00edtulo 1: Vida privada<\/a><\/p>\n<p><img loading=\"lazy\" decoding=\"async\" class=\"wp-image-108 alignleft\" src=\"https:\/\/grupos.unileon.es\/derecho-romano\/files\/2021\/09\/Screenshot-2021-09-15-at-12-23-42-La-Mujer-en-Carthago-Nova-Capitulo-1-Vida-Privada.png\" alt=\"\" width=\"418\" height=\"235\" \/>Duraci\u00f3n:0h20m4s<\/p>\n<p>&nbsp;<\/p>\n<p><a href=\"https:\/\/www.youtube.com\/watch?v=e5kT4D5MAfQ\">Cap\u00edtulo 2: Momentos de una vida<\/a><\/p>\n<p><img loading=\"lazy\" decoding=\"async\" class=\"wp-image-109 alignleft\" src=\"https:\/\/grupos.unileon.es\/derecho-romano\/files\/2021\/09\/Screenshot-2021-09-15-at-12-25-49-La-Mujer-en-Carthago-Nova-Capitulo-2-Momentos-de-una-vida.png\" alt=\"\" width=\"418\" height=\"235\" \/>Duraci\u00f3n:0h18m31s<\/p>\n<p>&nbsp;<\/p>\n<p><a href=\"https:\/\/www.youtube.com\/watch?v=B59A7BdIgFQ\">Cap\u00edtulo 3: De Carthago Nova a la actualidad<\/a><\/p>\n<p><img loading=\"lazy\" decoding=\"async\" class=\"wp-image-110 alignleft\" src=\"https:\/\/grupos.unileon.es\/derecho-romano\/files\/2021\/09\/Screenshot-2021-09-15-at-12-28-55-La-Mujer-en-Carthago-Nova-Capitulo-3-De-Carthago-Nova-a-la-actualidad.png\" alt=\"\" width=\"418\" height=\"235\" \/>Duraci\u00f3n:0h14m46s<\/p>\n<p>&nbsp;<\/p>\n<p><strong>Noticias de inter\u00e9s:<\/strong><\/p>\n<p>Viriato de Oro y Plata para <em>La Mujer en Carthago Nova <\/em>en el IV Festival de Cine Arqueol\u00f3gico:<\/p>\n<p><a href=\"https:\/\/www.cartagena.es\/detalle_noticias.asp?id=54785\">https:\/\/www.cartagena.es\/detalle_noticias.asp?id=54785<\/a><\/p>\n","protected":false},"excerpt":{"rendered":"<p>La mujer en Carthago Nova. &nbsp; Cap\u00edtulo 1: Vida privada Duraci\u00f3n:0h20m4s &nbsp; Cap\u00edtulo 2: Momentos de una vida Duraci\u00f3n:0h18m31s &nbsp; Cap\u00edtulo 3: De Carthago Nova a la actualidad Duraci\u00f3n:0h14m46s &nbsp; Noticias de inter\u00e9s: Viriato de Oro y Plata para La Mujer en Carthago Nova en el IV Festival de Cine Arqueol\u00f3gico: https:\/\/www.cartagena.es\/detalle_noticias.asp?id=54785<\/p>\n","protected":false},"author":19,"featured_media":0,"parent":0,"menu_order":0,"comment_status":"closed","ping_status":"closed","template":"","meta":{"footnotes":""},"class_list":["post-85","page","type-page","status-publish","hentry"],"_links":{"self":[{"href":"https:\/\/grupos.unileon.es\/derecho-romano\/wp-json\/wp\/v2\/pages\/85","targetHints":{"allow":["GET"]}}],"collection":[{"href":"https:\/\/grupos.unileon.es\/derecho-romano\/wp-json\/wp\/v2\/pages"}],"about":[{"href":"https:\/\/grupos.unileon.es\/derecho-romano\/wp-json\/wp\/v2\/types\/page"}],"author":[{"embeddable":true,"href":"https:\/\/grupos.unileon.es\/derecho-romano\/wp-json\/wp\/v2\/users\/19"}],"replies":[{"embeddable":true,"href":"https:\/\/grupos.unileon.es\/derecho-romano\/wp-json\/wp\/v2\/comments?post=85"}],"version-history":[{"count":7,"href":"https:\/\/grupos.unileon.es\/derecho-romano\/wp-json\/wp\/v2\/pages\/85\/revisions"}],"predecessor-version":[{"id":107,"href":"https:\/\/grupos.unileon.es\/derecho-romano\/wp-json\/wp\/v2\/pages\/85\/revisions\/107"}],"wp:attachment":[{"href":"https:\/\/grupos.unileon.es\/derecho-romano\/wp-json\/wp\/v2\/media?parent=85"}],"curies":[{"name":"wp","href":"https:\/\/api.w.org\/{rel}","templated":true}]}}