{"id":17,"date":"2019-11-26T10:19:22","date_gmt":"2019-11-26T09:19:22","guid":{"rendered":"https:\/\/grupos.unileon.es\/educacionfinanciera\/?page_id=17"},"modified":"2019-12-04T10:14:52","modified_gmt":"2019-12-04T09:14:52","slug":"noticias-aparecidas-en-el-curso-2015-2016","status":"publish","type":"page","link":"https:\/\/grupos.unileon.es\/educacionfinanciera\/noticias-aparecidas-en-el-curso-2015-2016\/","title":{"rendered":"Noticias: Curso 2015-2016"},"content":{"rendered":"<p><\/p>\n<p><\/p>\n<p><\/p>\n<p><a href=\"https:\/\/drive.google.com\/open?id=1igpH1krDt3ZYq_LQxWyjef_eRFYY1EyG\" target=\"_blank\" rel=\"noreferrer noopener\" aria-label=\"Profesores de la Universidad de Le\u00f3n impartir\u00e1n formaci\u00f3n financiera a alumnos de Primaria (opens in a new tab)\">Profesores de la Universidad de Le\u00f3n impartir\u00e1n formaci\u00f3n financiera a alumnos de Primaria<\/a> (ileon, 26\/10\/2015)<\/p>\n<p><\/p>\n<p><\/p>\n<p><a href=\"https:\/\/drive.google.com\/open?id=1ilKVQf7chLncg01AKpIAy36_c_Z_uX8y\" target=\"_blank\" rel=\"noreferrer noopener\" aria-label=\"Econ\u00f3micas explica qu\u00e9 son las finanzas a los ni\u00f1os del Leon\u00e9s (opens in a new tab)\">Econ\u00f3micas explica qu\u00e9 son las finanzas a los ni\u00f1os del Leon\u00e9s<\/a> (Diario de Le\u00f3n, 27\/10\/2015)<\/p>\n<p><\/p>\n<p><\/p>\n<p><a href=\"https:\/\/www.unileon.es\/noticias\/celebradas-con-exito-las-primeras-clases-de-educacion-financiera-para-ninos-de-primaria\" target=\"_blank\" rel=\"noreferrer noopener\" aria-label=\" (opens in a new tab)\">Celebradas con \u00e9xito las primeras clases de \u00abEducaci\u00f3n financiera para ni\u00f1os de primaria\u00bb<\/a><br \/> (Ule Online, 30\/10\/2015)<\/p>\n<p><\/p>\n<p><\/p>\n<p><a href=\"https:\/\/www.abc.es\/espana\/castilla-leon\/abci-educacion-financiera-tambien-para-ninos-y-mayores-201511181153_noticia.html\" target=\"_blank\" rel=\"noreferrer noopener\" aria-label=\" (opens in a new tab)\">Educaci\u00f3n financiera, tambi\u00e9n para ni\u00f1os y mayores<\/a> (ABC, 18\/11\/2015)<\/p>\n<p><\/p>\n<p><\/p>\n<p>&#8216;<a href=\"https:\/\/drive.google.com\/open?id=12cQJd3JFy3kVZt_euy5pjZoFw8NrVr13\" target=\"_blank\" rel=\"noreferrer noopener\" aria-label=\"Educaci\u00f3n financiera para no financieros' el 8 de marzo en la ULE  (opens in a new tab)\">Educaci\u00f3n financiera para no financieros&#8217; el 8 de marzo en la ULE <\/a>(ileon.com, 01\/03\/2016)<\/p>\n<p><\/p>\n<p><\/p>\n<p><a href=\"https:\/\/drive.google.com\/open?id=1G0LyrTJg8bqQUFWFsaIzbHk4cqNWeU4t\" target=\"_blank\" rel=\"noreferrer noopener\" aria-label=\"La Facultad de Econ\u00f3micas programa un curso de 'finanzas para no financieros'  (opens in a new tab)\">La Facultad de Econ\u00f3micas programa un curso de &#8216;finanzas para no financieros&#8217; <\/a>(Leonoticias, 01\/03\/2016)<\/p>\n<p><\/p>\n<p><\/p>\n<p><a href=\"https:\/\/drive.google.com\/open?id=14dmbxqDRPTv-M3ctq4h4ZqVijG-5aHNn\" target=\"_blank\" rel=\"noreferrer noopener\" aria-label=\"La ULE da los trucos claves para un buen sistema financiero (opens in a new tab)\">La ULE da los trucos claves para un buen sistema financiero<\/a> (Diario digital de Le\u00f3n, 01\/03\/2016)<\/p>\n<p><\/p>\n<p><\/p>\n<p><a href=\"https:\/\/drive.google.com\/open?id=1GecPeJ7AUDsi3NlHYXUuiY5e_0SCpLGn\" target=\"_blank\" rel=\"noreferrer noopener\" aria-label=\"Educaci\u00f3n financiera para alumnos ajenos a la materia (opens in a new tab)\">Educaci\u00f3n financiera para alumnos ajenos a la materia<\/a> (Leonoticias, 09\/03\/2016)<\/p>\n<p><\/p>\n<p><\/p>\n<p><a href=\"https:\/\/www.diariodeleon.es\/articulo\/leon\/espanaduero-unicaja-impulsan-estudio-finanzas\/201603100400021580697.amp.html\" target=\"_blank\" rel=\"noreferrer noopener\" aria-label=\"Espa\u00f1aDuero y Unicaja impulsan el estudio de las finanzas (opens in a new tab)\">Espa\u00f1aDuero y Unicaja impulsan el estudio de las finanzas<\/a> (Diario de Le\u00f3n, 10\/03\/2016)<\/p>\n<p><\/p>\n<p><\/p>\n<p><a rel=\"noreferrer noopener\" aria-label=\" (opens in a new tab)\" href=\"https:\/\/www.leon7dias.com\/2016\/04\/11\/charla-de-economia-domestica-para-mayores-el-26-y-29-de-abril\/\" target=\"_blank\">Charla de econom\u00eda dom\u00e9stica para mayores, el 26 y 29 de abril<\/a> (leon7dias 11\/04\/2016)<\/p>\n<p><\/p>\n<p><\/p>\n<p><a href=\"https:\/\/drive.google.com\/open?id=1KGzZzK9oe0Gq-Zyvmquf1fD70Ew7ebfU\" target=\"_blank\" rel=\"noreferrer noopener\" aria-label=\"Profesores de la ULE imparten charlas sobre econom\u00eda dom\u00e9stica para mayores (opens in a new tab)\">Profesores de la ULE imparten charlas sobre econom\u00eda dom\u00e9stica para mayores<\/a> (Leonoticias, 28\/04\/2016)<\/p>\n<p><\/p>\n<p><\/p>\n<p><a href=\"https:\/\/drive.google.com\/open?id=1fPP121GokIoNOvb9eT5oSurWMmQ-0uxA\" target=\"_blank\" rel=\"noreferrer noopener\" aria-label=\"Profesores de la ULE imparten charlas sobre 'econom\u00eda dom\u00e9stica' para mayores (opens in a new tab)\">Profesores de la ULE imparten charlas sobre &#8216;econom\u00eda dom\u00e9stica&#8217; para mayores<\/a> (Ule Online, 28\/04\/2016)<\/p>\n<p><\/p>\n","protected":false},"excerpt":{"rendered":"<p>Profesores de la Universidad de Le\u00f3n impartir\u00e1n formaci\u00f3n financiera a alumnos de Primaria (ileon, 26\/10\/2015) Econ\u00f3micas explica qu\u00e9 son las finanzas a los ni\u00f1os del Leon\u00e9s (Diario de Le\u00f3n, 27\/10\/2015) Celebradas con \u00e9xito las primeras clases de \u00abEducaci\u00f3n financiera para ni\u00f1os de primaria\u00bb (Ule Online, 30\/10\/2015) Educaci\u00f3n financiera, tambi\u00e9n para ni\u00f1os y mayores (ABC, 18\/11\/2015) [&hellip;]<\/p>\n","protected":false},"author":88,"featured_media":0,"parent":0,"menu_order":0,"comment_status":"closed","ping_status":"closed","template":"","meta":{"footnotes":""},"class_list":["post-17","page","type-page","status-publish","hentry"],"_links":{"self":[{"href":"https:\/\/grupos.unileon.es\/educacionfinanciera\/wp-json\/wp\/v2\/pages\/17","targetHints":{"allow":["GET"]}}],"collection":[{"href":"https:\/\/grupos.unileon.es\/educacionfinanciera\/wp-json\/wp\/v2\/pages"}],"about":[{"href":"https:\/\/grupos.unileon.es\/educacionfinanciera\/wp-json\/wp\/v2\/types\/page"}],"author":[{"embeddable":true,"href":"https:\/\/grupos.unileon.es\/educacionfinanciera\/wp-json\/wp\/v2\/users\/88"}],"replies":[{"embeddable":true,"href":"https:\/\/grupos.unileon.es\/educacionfinanciera\/wp-json\/wp\/v2\/comments?post=17"}],"version-history":[{"count":7,"href":"https:\/\/grupos.unileon.es\/educacionfinanciera\/wp-json\/wp\/v2\/pages\/17\/revisions"}],"predecessor-version":[{"id":56,"href":"https:\/\/grupos.unileon.es\/educacionfinanciera\/wp-json\/wp\/v2\/pages\/17\/revisions\/56"}],"wp:attachment":[{"href":"https:\/\/grupos.unileon.es\/educacionfinanciera\/wp-json\/wp\/v2\/media?parent=17"}],"curies":[{"name":"wp","href":"https:\/\/api.w.org\/{rel}","templated":true}]}}