{"id":243,"date":"2020-01-27T09:12:48","date_gmt":"2020-01-27T08:12:48","guid":{"rendered":"https:\/\/grupos.unileon.es\/educacionfinanciera\/?page_id=243"},"modified":"2020-02-13T14:22:54","modified_gmt":"2020-02-13T13:22:54","slug":"noticias-curso-2019-2020","status":"publish","type":"page","link":"https:\/\/grupos.unileon.es\/educacionfinanciera\/noticias-curso-2019-2020\/","title":{"rendered":"Noticias: Curso 2019-2020"},"content":{"rendered":"<p><\/p>\n<p><a rel=\"noreferrer noopener\" aria-label=\"El campus crece a guarder\u00eda (opens in a new tab)\" href=\"https:\/\/www.diariodeleon.es\/articulo\/leon\/campus-crece-guarderia\/201911010302451953432.html\" target=\"_blank\">El campus crece a guarder\u00eda<\/a> (Diario de Le\u00f3n, 1\/11\/2019)<\/p>\n<p><\/p>\n<p><\/p>\n<p><a rel=\"noreferrer noopener\" aria-label=\"La Universidad asesora gratis a quienes quieran contratar productos de inversi\u00f3n (opens in a new tab)\" href=\"https:\/\/www.diariodeleon.es\/articulo\/leon\/universidad-asesora-gratis-quienes-quieran-contratar-productos-inversion\/201911120232071956915.html\" target=\"_blank\">La Universidad asesora gratis a quienes quieran contratar productos de inversi\u00f3n<\/a>  (Diario de Le\u00f3n, 12\/11\/2019)<\/p>\n<p><\/p>\n<p><\/p>\n<p><a rel=\"noreferrer noopener\" aria-label=\"S\u00ed, hay un banco sin ning\u00fan 'tipo de inter\u00e9s' (opens in a new tab)\" href=\"https:\/\/www.lanuevacronica.com\/si-hay-un-banco-sin-ningun-tipo-de-interes \" target=\"_blank\">S\u00ed, hay un banco sin ning\u00fan &#8216;tipo de inter\u00e9s&#8217;<\/a> (La Nueva Cr\u00f3nica, 2\/2\/2020)<\/p>\n<p><\/p>\n<p><\/p>\n<p>\u00ab<a rel=\"noreferrer noopener\" aria-label=\"Un banco en casa sin comisiones (opens in a new tab)\" href=\"https:\/\/diariodevalladolid.elmundo.es\/articulo\/innovadores\/banco-casa-comisiones\/20200211123824373430.html\" target=\"_blank\">Un banco en casa sin comisiones<\/a>\u00bb (El Mundo de Castilla y Le\u00f3n, 11\/02\/2020)<\/p>\n<p><\/p>\n<p><\/p>\n<p><a href=\"https:\/\/www.diariodeleon.es\/articulo\/actualidad\/finanzas-alcance-bachilleres\/202002130233131986226.html\" target=\"_blank\" rel=\"noreferrer noopener\" aria-label=\"&quot;Finanzas al alcance de los bachilleres&quot; (opens in a new tab)\">\u00abFinanzas al alcance de los bachilleres\u00bb<\/a> (Diario de Le\u00f3n, 13\/02\/2020)<\/p>\n<p><\/p>\n<p><\/p>\n<h2 class=\"wp-block-heading\">Apariciones radiof\u00f3nicas<\/h2>\n<p><\/p>\n<p><\/p>\n<p><a href=\"https:\/\/www.ondacero.es\/emisoras\/castilla-y-leon\/valladolid\/audios-podcast\/la-brujula-de-castilla-y-leon_202002045e39bc780cf2e765759a195e.html\" target=\"_blank\" rel=\"noreferrer noopener\" aria-label=\"Profesores y estudiantes de la ULE crean una app que ofrece asesoramiento financiero gratuito (opens in a new tab)\">Profesores y estudiantes de la ULE crean una app que ofrece asesoramiento financiero gratuito<\/a> (La Br\u00fajula de Castilla y Le\u00f3n, 4\/02\/2020)<\/p>\n<p><\/p>\n","protected":false},"excerpt":{"rendered":"<p>El campus crece a guarder\u00eda (Diario de Le\u00f3n, 1\/11\/2019) La Universidad asesora gratis a quienes quieran contratar productos de inversi\u00f3n (Diario de Le\u00f3n, 12\/11\/2019) S\u00ed, hay un banco sin ning\u00fan &#8216;tipo de inter\u00e9s&#8217; (La Nueva Cr\u00f3nica, 2\/2\/2020) \u00abUn banco en casa sin comisiones\u00bb (El Mundo de Castilla y Le\u00f3n, 11\/02\/2020) \u00abFinanzas al alcance de los [&hellip;]<\/p>\n","protected":false},"author":88,"featured_media":0,"parent":0,"menu_order":0,"comment_status":"closed","ping_status":"closed","template":"","meta":{"footnotes":""},"class_list":["post-243","page","type-page","status-publish","hentry"],"_links":{"self":[{"href":"https:\/\/grupos.unileon.es\/educacionfinanciera\/wp-json\/wp\/v2\/pages\/243","targetHints":{"allow":["GET"]}}],"collection":[{"href":"https:\/\/grupos.unileon.es\/educacionfinanciera\/wp-json\/wp\/v2\/pages"}],"about":[{"href":"https:\/\/grupos.unileon.es\/educacionfinanciera\/wp-json\/wp\/v2\/types\/page"}],"author":[{"embeddable":true,"href":"https:\/\/grupos.unileon.es\/educacionfinanciera\/wp-json\/wp\/v2\/users\/88"}],"replies":[{"embeddable":true,"href":"https:\/\/grupos.unileon.es\/educacionfinanciera\/wp-json\/wp\/v2\/comments?post=243"}],"version-history":[{"count":7,"href":"https:\/\/grupos.unileon.es\/educacionfinanciera\/wp-json\/wp\/v2\/pages\/243\/revisions"}],"predecessor-version":[{"id":272,"href":"https:\/\/grupos.unileon.es\/educacionfinanciera\/wp-json\/wp\/v2\/pages\/243\/revisions\/272"}],"wp:attachment":[{"href":"https:\/\/grupos.unileon.es\/educacionfinanciera\/wp-json\/wp\/v2\/media?parent=243"}],"curies":[{"name":"wp","href":"https:\/\/api.w.org\/{rel}","templated":true}]}}