{"id":25,"date":"2019-11-26T10:39:52","date_gmt":"2019-11-26T09:39:52","guid":{"rendered":"https:\/\/grupos.unileon.es\/educacionfinanciera\/?page_id=25"},"modified":"2022-02-14T09:25:02","modified_gmt":"2022-02-14T08:25:02","slug":"ninos","status":"publish","type":"page","link":"https:\/\/grupos.unileon.es\/educacionfinanciera\/ninos\/","title":{"rendered":"Ni\u00f1os"},"content":{"rendered":"<p><\/p>\n<h2 class=\"wp-block-heading\"><strong>Curso 2021-2022<\/strong><\/h2>\n<p><img loading=\"lazy\" decoding=\"async\" class=\"alignnone wp-image-395\" src=\"https:\/\/grupos.unileon.es\/educacionfinanciera\/files\/2022\/02\/GIDEF_Ene2022_Jesuitas_0.png\" alt=\"\" width=\"600\" height=\"450\" \/><\/p>\n<p><a href=\"https:\/\/grupos.unileon.es\/educacionfinanciera\/jesuitas-enero-2022\/\">Fotograf\u00edas de la Actividad en el colegio Jesuitas, Le\u00f3n<\/a><\/p>\n<h2><strong>Curso 2019-2020<\/strong><\/h2>\n<p><\/p>\n<p><\/p>\n<figure class=\"wp-block-image\"><img decoding=\"async\" class=\"wp-image-190\" src=\"https:\/\/grupos.unileon.es\/educacionfinanciera\/files\/2020\/01\/Cartel-Juega-con-las-Finanzas-31-10-2019.png\" alt=\"\" width=\"NaN\" height=\"NaN\" \/><\/figure>\n<p><\/p>\n<p><\/p>\n<p><a href=\"https:\/\/grupos.unileon.es\/educacionfinanciera\/concilia-ule-octubre-2019\/\">Fotograf\u00edas de la Actividad Concilia ULE<\/a><\/p>\n<p><\/p>\n<p><\/p>\n<h2 class=\"wp-block-heading\"><strong>Curso 2016-201<\/strong>7<\/h2>\n<p><\/p>\n<p><\/p>\n<figure class=\"wp-block-image\"><img decoding=\"async\" class=\"wp-image-86\" src=\"https:\/\/grupos.unileon.es\/educacionfinanciera\/files\/2019\/12\/Colegio-La-Palomera.png\" alt=\"\" width=\"NaN\" height=\"NaN\" \/><\/figure>\n<p><\/p>\n<p><\/p>\n<p><a href=\"https:\/\/grupos.unileon.es\/educacionfinanciera\/ceip-la-palomera-noviembre-2016\/\">Fotograf\u00edas de la Actividad en el CEIP La Palomera<\/a><\/p>\n<p><\/p>\n<p><\/p>\n<h2 class=\"wp-block-heading\"><strong>Curso 2015-2016<\/strong><\/h2>\n<p><\/p>\n<p><\/p>\n<figure class=\"wp-block-image\"><img decoding=\"async\" class=\"wp-image-60\" src=\"https:\/\/grupos.unileon.es\/educacionfinanciera\/files\/2019\/12\/Colegio-Leones-oct-2015.png\" alt=\"\" width=\"NaN\" height=\"NaN\" \/><\/figure>\n<p><\/p>\n<p><\/p>\n<p><a href=\"https:\/\/grupos.unileon.es\/educacionfinanciera\/colegio-leones,-octubre-2015\">Fotograf\u00edas de la Actividad en el Colegio Leon\u00e9s<\/a><\/p>\n<p><\/p>\n<p><\/p>\n<figure class=\"wp-block-image\"><img decoding=\"async\" class=\"wp-image-74\" src=\"https:\/\/grupos.unileon.es\/educacionfinanciera\/files\/2019\/12\/Colegio-Luis-Vives-oct-2015_P\u00e1gina_1-1.png\" alt=\"\" width=\"NaN\" height=\"NaN\" \/><\/figure>\n<p><\/p>\n<p><\/p>\n<p><a href=\"https:\/\/grupos.unileon.es\/educacionfinanciera\/ceip-luis-vives-octubre-2015\/\">Fotograf\u00edas de la Actividad en el CEIP Luis Vives<\/a><\/p>\n<p><\/p>\n","protected":false},"excerpt":{"rendered":"<p>Curso 2021-2022 Fotograf\u00edas de la Actividad en el colegio Jesuitas, Le\u00f3n Curso 2019-2020 Fotograf\u00edas de la Actividad Concilia ULE Curso 2016-2017 Fotograf\u00edas de la Actividad en el CEIP La Palomera Curso 2015-2016 Fotograf\u00edas de la Actividad en el Colegio Leon\u00e9s Fotograf\u00edas de la Actividad en el CEIP Luis Vives<\/p>\n","protected":false},"author":88,"featured_media":0,"parent":0,"menu_order":0,"comment_status":"closed","ping_status":"closed","template":"","meta":{"footnotes":""},"class_list":["post-25","page","type-page","status-publish","hentry"],"_links":{"self":[{"href":"https:\/\/grupos.unileon.es\/educacionfinanciera\/wp-json\/wp\/v2\/pages\/25","targetHints":{"allow":["GET"]}}],"collection":[{"href":"https:\/\/grupos.unileon.es\/educacionfinanciera\/wp-json\/wp\/v2\/pages"}],"about":[{"href":"https:\/\/grupos.unileon.es\/educacionfinanciera\/wp-json\/wp\/v2\/types\/page"}],"author":[{"embeddable":true,"href":"https:\/\/grupos.unileon.es\/educacionfinanciera\/wp-json\/wp\/v2\/users\/88"}],"replies":[{"embeddable":true,"href":"https:\/\/grupos.unileon.es\/educacionfinanciera\/wp-json\/wp\/v2\/comments?post=25"}],"version-history":[{"count":19,"href":"https:\/\/grupos.unileon.es\/educacionfinanciera\/wp-json\/wp\/v2\/pages\/25\/revisions"}],"predecessor-version":[{"id":409,"href":"https:\/\/grupos.unileon.es\/educacionfinanciera\/wp-json\/wp\/v2\/pages\/25\/revisions\/409"}],"wp:attachment":[{"href":"https:\/\/grupos.unileon.es\/educacionfinanciera\/wp-json\/wp\/v2\/media?parent=25"}],"curies":[{"name":"wp","href":"https:\/\/api.w.org\/{rel}","templated":true}]}}