{"id":28,"date":"2019-11-26T10:48:00","date_gmt":"2019-11-26T09:48:00","guid":{"rendered":"https:\/\/grupos.unileon.es\/educacionfinanciera\/?page_id=28"},"modified":"2023-10-11T10:22:33","modified_gmt":"2023-10-11T08:22:33","slug":"adolescentes","status":"publish","type":"page","link":"https:\/\/grupos.unileon.es\/educacionfinanciera\/adolescentes\/","title":{"rendered":"Adolescentes"},"content":{"rendered":"<p><\/p>\n<h2 class=\"wp-block-heading\">Curso 2019-2020<\/h2>\n<p><\/p>\n<figure class=\"wp-block-image\"><img loading=\"lazy\" decoding=\"async\" class=\"alignnone wp-image-250\" src=\"https:\/\/grupos.unileon.es\/educacionfinanciera\/files\/2020\/01\/Presentaci\u00f3n-I.E.S-Ordo\u00f1o-II-enero-2020-Olimpiada-financiera-1.png\" alt=\"\" width=\"600\" height=\"336\" \/><\/figure>\n<p><\/p>\n<p><a href=\"https:\/\/grupos.unileon.es\/educacionfinanciera\/ies-ordono-ii-enero-2020\/\">Fotograf\u00edas de la Actividad en el IES Ordo\u00f1o II<\/a><\/p>\n<p><\/p>\n<p><\/p>\n<h2 class=\"wp-block-heading\">Curso 2018-2019<\/h2>\n<p><\/p>\n<figure class=\"wp-block-image\"><img loading=\"lazy\" decoding=\"async\" class=\"alignnone wp-image-222\" src=\"https:\/\/grupos.unileon.es\/educacionfinanciera\/files\/2020\/01\/Cartel-Eras.png\" alt=\"\" width=\"600\" height=\"849\" \/><\/figure>\n<p><\/p>\n<p><a href=\"https:\/\/grupos.unileon.es\/educacionfinanciera\/ies-eras-de-renueva-mayo-2019\/\">Fotograf\u00edas de la Actividad en el IES Eras de Renueva<\/a><\/p>\n<p><\/p>\n<figure class=\"wp-block-image\"><img loading=\"lazy\" decoding=\"async\" class=\"alignnone wp-image-221\" src=\"https:\/\/grupos.unileon.es\/educacionfinanciera\/files\/2020\/01\/Cartel-Padre-Isla.png\" alt=\"\" width=\"600\" height=\"849\" \/><\/figure>\n<p><\/p>\n<p><a href=\"https:\/\/grupos.unileon.es\/educacionfinanciera\/ies-padre-isla-mayo-2019\/\">Fotograf\u00edas de la Actividad en el IES Padre Isla<\/a><\/p>\n<p><\/p>\n<p><\/p>\n<h2 class=\"wp-block-heading\">Curso 2017-2018<\/h2>\n<p><\/p>\n<figure class=\"wp-block-image\"><img loading=\"lazy\" decoding=\"async\" class=\"alignnone wp-image-157\" src=\"https:\/\/grupos.unileon.es\/educacionfinanciera\/files\/2020\/01\/Present_Padreisla_abril2018.png\" alt=\"\" width=\"600\" height=\"424\" \/><\/figure>\n<p><\/p>\n<p><a href=\"https:\/\/grupos.unileon.es\/educacionfinanciera\/ies-padre-isla-abril-2018\/\">Fotograf\u00edas de la Actividad en el IES Padre Isla<\/a><\/p>\n<p><\/p>\n<figure class=\"wp-block-image\"><img loading=\"lazy\" decoding=\"async\" class=\"alignnone wp-image-158\" src=\"https:\/\/grupos.unileon.es\/educacionfinanciera\/files\/2020\/01\/Present_Eras.png\" alt=\"\" width=\"600\" height=\"424\" \/><\/figure>\n<p><\/p>\n<p><a href=\"https:\/\/grupos.unileon.es\/educacionfinanciera\/ies-eras-de-renueva-febrero-2018\/\">Fotograf\u00edas de la Actividad en el IES Eras de Renueva<\/a><\/p>\n<p><\/p>\n<p><\/p>\n<h2 class=\"wp-block-heading\">Curso 2016-2017<\/h2>\n<p><\/p>\n<figure class=\"wp-block-image\"><img loading=\"lazy\" decoding=\"async\" class=\"alignnone wp-image-112\" src=\"https:\/\/grupos.unileon.es\/educacionfinanciera\/files\/2019\/12\/I.E.S.-Juan-del-Enzina.png\" alt=\"\" width=\"600\" height=\"420\" \/><\/figure>\n<p><\/p>\n<p><a href=\"https:\/\/grupos.unileon.es\/educacionfinanciera\/ies-juan-del-enzina-diciembre-2016\/\">Fotograf\u00edas de la Actividad en el IES Juan del Enzina<\/a><\/p>\n<p><\/p>\n","protected":false},"excerpt":{"rendered":"<p>Curso 2019-2020 Fotograf\u00edas de la Actividad en el IES Ordo\u00f1o II Curso 2018-2019 Fotograf\u00edas de la Actividad en el IES Eras de Renueva Fotograf\u00edas de la Actividad en el IES Padre Isla Curso 2017-2018 Fotograf\u00edas de la Actividad en el IES Padre Isla Fotograf\u00edas de la Actividad en el IES Eras de Renueva Curso 2016-2017 [&hellip;]<\/p>\n","protected":false},"author":88,"featured_media":0,"parent":0,"menu_order":0,"comment_status":"closed","ping_status":"closed","template":"","meta":{"footnotes":""},"class_list":["post-28","page","type-page","status-publish","hentry"],"_links":{"self":[{"href":"https:\/\/grupos.unileon.es\/educacionfinanciera\/wp-json\/wp\/v2\/pages\/28","targetHints":{"allow":["GET"]}}],"collection":[{"href":"https:\/\/grupos.unileon.es\/educacionfinanciera\/wp-json\/wp\/v2\/pages"}],"about":[{"href":"https:\/\/grupos.unileon.es\/educacionfinanciera\/wp-json\/wp\/v2\/types\/page"}],"author":[{"embeddable":true,"href":"https:\/\/grupos.unileon.es\/educacionfinanciera\/wp-json\/wp\/v2\/users\/88"}],"replies":[{"embeddable":true,"href":"https:\/\/grupos.unileon.es\/educacionfinanciera\/wp-json\/wp\/v2\/comments?post=28"}],"version-history":[{"count":12,"href":"https:\/\/grupos.unileon.es\/educacionfinanciera\/wp-json\/wp\/v2\/pages\/28\/revisions"}],"predecessor-version":[{"id":492,"href":"https:\/\/grupos.unileon.es\/educacionfinanciera\/wp-json\/wp\/v2\/pages\/28\/revisions\/492"}],"wp:attachment":[{"href":"https:\/\/grupos.unileon.es\/educacionfinanciera\/wp-json\/wp\/v2\/media?parent=28"}],"curies":[{"name":"wp","href":"https:\/\/api.w.org\/{rel}","templated":true}]}}