{"id":341,"date":"2021-02-26T11:28:05","date_gmt":"2021-02-26T10:28:05","guid":{"rendered":"https:\/\/grupos.unileon.es\/educacionfinanciera\/?page_id=341"},"modified":"2021-02-26T11:28:05","modified_gmt":"2021-02-26T10:28:05","slug":"noticias-curso-2020-2021","status":"publish","type":"page","link":"https:\/\/grupos.unileon.es\/educacionfinanciera\/noticias-curso-2020-2021\/","title":{"rendered":"Noticias: Curso 2020-2021"},"content":{"rendered":"<p><\/p>\n<p><a href=\"https:\/\/www.unileon.es\/noticias\/economicas-programa-un-curso-para-alumnos-de-finanzas-sobre-el-uso-del-simulador-bancario\" target=\"_blank\" rel=\"noreferrer noopener\">Econ\u00f3micas programa un curso para alumnos de finanzas sobre el uso del simulador bancario<\/a> (Universidad de Le\u00f3n, 24\/2\/2021)<\/p>\n<p><\/p>\n<p><\/p>\n<p><a rel=\"noreferrer noopener\" href=\"https:\/\/www.leonoticias.com\/universidad\/facultad-economicas-programa-20210224115546-nt.html\" target=\"_blank\">La Facultad de Econ\u00f3micas programa un curso para alumnos de finanzas sobre el uso del simulador bancario<\/a> (Leonoticias, 24\/2\/2021)<\/p>\n<p><\/p>\n<p><\/p>\n<p><a href=\"https:\/\/www.leon7dias.com\/2021\/02\/24\/economicas-programa-un-curso-sobre-uso-de-simulador-bancario-para-alumnos-de-finanzas\/\" target=\"_blank\" rel=\"noreferrer noopener\">Econ\u00f3micas programa un curso sobre uso de simulador bancario para alumnos de Finanzas<\/a> (Le\u00f3n 7 D\u00edas, 24\/2\/2021)<\/p>\n<p><\/p>\n","protected":false},"excerpt":{"rendered":"<p>Econ\u00f3micas programa un curso para alumnos de finanzas sobre el uso del simulador bancario (Universidad de Le\u00f3n, 24\/2\/2021) La Facultad de Econ\u00f3micas programa un curso para alumnos de finanzas sobre el uso del simulador bancario (Leonoticias, 24\/2\/2021) Econ\u00f3micas programa un curso sobre uso de simulador bancario para alumnos de Finanzas (Le\u00f3n 7 D\u00edas, 24\/2\/2021)<\/p>\n","protected":false},"author":88,"featured_media":0,"parent":0,"menu_order":0,"comment_status":"closed","ping_status":"closed","template":"","meta":{"footnotes":""},"class_list":["post-341","page","type-page","status-publish","hentry"],"_links":{"self":[{"href":"https:\/\/grupos.unileon.es\/educacionfinanciera\/wp-json\/wp\/v2\/pages\/341","targetHints":{"allow":["GET"]}}],"collection":[{"href":"https:\/\/grupos.unileon.es\/educacionfinanciera\/wp-json\/wp\/v2\/pages"}],"about":[{"href":"https:\/\/grupos.unileon.es\/educacionfinanciera\/wp-json\/wp\/v2\/types\/page"}],"author":[{"embeddable":true,"href":"https:\/\/grupos.unileon.es\/educacionfinanciera\/wp-json\/wp\/v2\/users\/88"}],"replies":[{"embeddable":true,"href":"https:\/\/grupos.unileon.es\/educacionfinanciera\/wp-json\/wp\/v2\/comments?post=341"}],"version-history":[{"count":1,"href":"https:\/\/grupos.unileon.es\/educacionfinanciera\/wp-json\/wp\/v2\/pages\/341\/revisions"}],"predecessor-version":[{"id":342,"href":"https:\/\/grupos.unileon.es\/educacionfinanciera\/wp-json\/wp\/v2\/pages\/341\/revisions\/342"}],"wp:attachment":[{"href":"https:\/\/grupos.unileon.es\/educacionfinanciera\/wp-json\/wp\/v2\/media?parent=341"}],"curies":[{"name":"wp","href":"https:\/\/api.w.org\/{rel}","templated":true}]}}