{"id":344,"date":"2021-02-26T11:37:09","date_gmt":"2021-02-26T10:37:09","guid":{"rendered":"https:\/\/grupos.unileon.es\/educacionfinanciera\/?page_id=344"},"modified":"2021-02-26T11:37:09","modified_gmt":"2021-02-26T10:37:09","slug":"noticias-curso-2018-2019","status":"publish","type":"page","link":"https:\/\/grupos.unileon.es\/educacionfinanciera\/noticias-curso-2018-2019\/","title":{"rendered":"Noticias: Curso 2018-2019"},"content":{"rendered":"<p><\/p>\n<p><a href=\"https:\/\/www.unileon.es\/noticias\/la-ule-dedica-una-jornada-analizar-brexit-union-bancaria-e-hipotecas-y-productos-hibridos\" target=\"_blank\" rel=\"noreferrer noopener\">La ULE dedica una jornada a analizar Brexit, Uni\u00f3n Bancaria e Hipotecas y &#8216;Productos H\u00edbridos&#8217;<\/a> (Universidad de Le\u00f3n, 17\/5\/2019)<\/p>\n<p><\/p>\n<p><\/p>\n<p><a href=\"https:\/\/www.ahoraleon.com\/la-ule-dedica-manana-una-jornada-analizar-brexit-union-bancaria-e-hipotecas-productos-hibridos\/\" target=\"_blank\" rel=\"noreferrer noopener\">La ULE dedica ma\u00f1ana una jornada a analizar Brexit, Uni\u00f3n Bancaria e Hipotecas y \u2018Productos H\u00edbridos\u2019<\/a> (Ahora Le\u00f3n, 19\/5\/2019)<\/p>\n<p><\/p>\n<p><\/p>\n<p><a href=\"https:\/\/www.diariodeleon.es\/noticias\/leon\/ule-analiza-hoy-brexit-expertos-ue-union-bancaria_1336719.html\" data-type=\"URL\" data-id=\"https:\/\/www.diariodeleon.es\/noticias\/leon\/ule-analiza-hoy-brexit-expertos-ue-union-bancaria_1336719.html\" target=\"_blank\" rel=\"noreferrer noopener\">La ULE analiza hoy el Brexit con expertos de la UE y la uni\u00f3n bancaria <\/a>(Diario de Le\u00f3n, 20\/5\/2019)<\/p>\n<p><\/p>\n","protected":false},"excerpt":{"rendered":"<p>La ULE dedica una jornada a analizar Brexit, Uni\u00f3n Bancaria e Hipotecas y &#8216;Productos H\u00edbridos&#8217; (Universidad de Le\u00f3n, 17\/5\/2019) La ULE dedica ma\u00f1ana una jornada a analizar Brexit, Uni\u00f3n Bancaria e Hipotecas y \u2018Productos H\u00edbridos\u2019 (Ahora Le\u00f3n, 19\/5\/2019) La ULE analiza hoy el Brexit con expertos de la UE y la uni\u00f3n bancaria (Diario de [&hellip;]<\/p>\n","protected":false},"author":88,"featured_media":0,"parent":0,"menu_order":0,"comment_status":"closed","ping_status":"closed","template":"","meta":{"footnotes":""},"class_list":["post-344","page","type-page","status-publish","hentry"],"_links":{"self":[{"href":"https:\/\/grupos.unileon.es\/educacionfinanciera\/wp-json\/wp\/v2\/pages\/344","targetHints":{"allow":["GET"]}}],"collection":[{"href":"https:\/\/grupos.unileon.es\/educacionfinanciera\/wp-json\/wp\/v2\/pages"}],"about":[{"href":"https:\/\/grupos.unileon.es\/educacionfinanciera\/wp-json\/wp\/v2\/types\/page"}],"author":[{"embeddable":true,"href":"https:\/\/grupos.unileon.es\/educacionfinanciera\/wp-json\/wp\/v2\/users\/88"}],"replies":[{"embeddable":true,"href":"https:\/\/grupos.unileon.es\/educacionfinanciera\/wp-json\/wp\/v2\/comments?post=344"}],"version-history":[{"count":1,"href":"https:\/\/grupos.unileon.es\/educacionfinanciera\/wp-json\/wp\/v2\/pages\/344\/revisions"}],"predecessor-version":[{"id":345,"href":"https:\/\/grupos.unileon.es\/educacionfinanciera\/wp-json\/wp\/v2\/pages\/344\/revisions\/345"}],"wp:attachment":[{"href":"https:\/\/grupos.unileon.es\/educacionfinanciera\/wp-json\/wp\/v2\/media?parent=344"}],"curies":[{"name":"wp","href":"https:\/\/api.w.org\/{rel}","templated":true}]}}