{"id":351,"date":"2021-04-12T11:21:04","date_gmt":"2021-04-12T09:21:04","guid":{"rendered":"https:\/\/grupos.unileon.es\/educacionfinanciera\/?page_id=351"},"modified":"2021-04-12T11:21:04","modified_gmt":"2021-04-12T09:21:04","slug":"que-hacemos","status":"publish","type":"page","link":"https:\/\/grupos.unileon.es\/educacionfinanciera\/que-hacemos\/","title":{"rendered":"\u00bfQu\u00e9 Hacemos?"},"content":{"rendered":"<p><\/p>\n<p>El Grupo de Innovaci\u00f3n Docente (G.I.D.) \u201cEducaci\u00f3n Financiera\u201d de la Universidad de Le\u00f3n se constituy\u00f3 en el curso 2014-15 aunque sus miembros hab\u00edamos empezado a trabajar en la formaci\u00f3n y difusi\u00f3n de la educaci\u00f3n financiera tambi\u00e9n fuera de las aulas de la Universidad desde 2013.<\/p>\n<p><\/p>\n<p><\/p>\n<p>El principal objetivo del GIDEF es la transferencia de conocimientos en educaci\u00f3n financiera desde la Universidad a la sociedad, dirigiendo sus actividades hacia aquellos grupos sociales m\u00e1s vulnerables (personas mayores, sin estudios, etc.), hacia las etapas docentes previas a los estudios universitarios (educaci\u00f3n primaria, secundaria obligatoria y bachillerato), hacia estudiantes universitarios que no cursen estudios relacionados con la econom\u00eda, la empresa o las finanzas, sin olvidar hacer atractiva esta materia a los estudiantes de econom\u00eda o empresa y proporcionando herramientas de aprendizaje innovadoras que les faciliten un conocimiento m\u00e1s profundo y mejoren sus competencias en materias financieras en todo lo relativo a los contratos y productos bancarios, asesor\u00eda financiera, etc.<\/p>\n<p><\/p>\n<p><\/p>\n<h2 class=\"wp-block-heading\">Nuestras l\u00edneas de trabajo<\/h2>\n<p><\/p>\n<p><\/p>\n<ul class=\"wp-block-list\">\n<li>Explicar los conceptos financieros b\u00e1sicos adaptados a los diferentes grupos sociales (ni\u00f1os, adolescentes, adultos) a trav\u00e9s de conferencias, charlas y mesas redondas.<\/li>\n<li>Ampliar los conocimientos financieros de los estudiantes universitarios mediante la realizaci\u00f3n de cursos de extensi\u00f3n universitaria.<\/li>\n<li>Desarrollar la aplicaci\u00f3n gratuita Ule-Bank <a href=\"http:\/\/(https:\/\/ulebank.unileon.es\/\" data-type=\"URL\">(https:\/\/ulebank.unileon.es\/<\/a>) a disposici\u00f3n de los usuarios de internet.<\/li>\n<li>Ofrecer nuestra opini\u00f3n financiara profesional imparcial e independiente sobre ofertas de inversi\u00f3n en el m\u00f3dulo de \u201cConsultor financiero\u201d de la aplicaci\u00f3n Ule-Bank.<\/li>\n<li>Desarrollar competencias y habilidades financieras de forma entretenida a trav\u00e9s de la gamificaci\u00f3n de la educaci\u00f3n financiera poniendo a disposici\u00f3n de la sociedad el juego de mesa \u201cCrea tu billete\u201d.<\/li>\n<li>Facilitar la comprensi\u00f3n de la operativa bancaria a trav\u00e9s de v\u00eddeos del canal de Youtube \u201cOperativa bancaria en Excel\u201d.<\/li>\n<li>Difundir la educaci\u00f3n financiera a toda la sociedad trav\u00e9s de los manuales publicados por la editorial Eolas \u201cEducaci\u00f3n financiera. Manual del alumno\u201d y \u201cEducaci\u00f3n financiera. Manual del profesor\u201d.<\/li>\n<\/ul>\n<p><\/p>\n","protected":false},"excerpt":{"rendered":"<p>El Grupo de Innovaci\u00f3n Docente (G.I.D.) \u201cEducaci\u00f3n Financiera\u201d de la Universidad de Le\u00f3n se constituy\u00f3 en el curso 2014-15 aunque sus miembros hab\u00edamos empezado a trabajar en la formaci\u00f3n y difusi\u00f3n de la educaci\u00f3n financiera tambi\u00e9n fuera de las aulas de la Universidad desde 2013. El principal objetivo del GIDEF es la transferencia de conocimientos [&hellip;]<\/p>\n","protected":false},"author":88,"featured_media":0,"parent":0,"menu_order":0,"comment_status":"closed","ping_status":"closed","template":"","meta":{"footnotes":""},"class_list":["post-351","page","type-page","status-publish","hentry"],"_links":{"self":[{"href":"https:\/\/grupos.unileon.es\/educacionfinanciera\/wp-json\/wp\/v2\/pages\/351","targetHints":{"allow":["GET"]}}],"collection":[{"href":"https:\/\/grupos.unileon.es\/educacionfinanciera\/wp-json\/wp\/v2\/pages"}],"about":[{"href":"https:\/\/grupos.unileon.es\/educacionfinanciera\/wp-json\/wp\/v2\/types\/page"}],"author":[{"embeddable":true,"href":"https:\/\/grupos.unileon.es\/educacionfinanciera\/wp-json\/wp\/v2\/users\/88"}],"replies":[{"embeddable":true,"href":"https:\/\/grupos.unileon.es\/educacionfinanciera\/wp-json\/wp\/v2\/comments?post=351"}],"version-history":[{"count":8,"href":"https:\/\/grupos.unileon.es\/educacionfinanciera\/wp-json\/wp\/v2\/pages\/351\/revisions"}],"predecessor-version":[{"id":359,"href":"https:\/\/grupos.unileon.es\/educacionfinanciera\/wp-json\/wp\/v2\/pages\/351\/revisions\/359"}],"wp:attachment":[{"href":"https:\/\/grupos.unileon.es\/educacionfinanciera\/wp-json\/wp\/v2\/media?parent=351"}],"curies":[{"name":"wp","href":"https:\/\/api.w.org\/{rel}","templated":true}]}}