{"id":363,"date":"2021-04-12T11:30:18","date_gmt":"2021-04-12T09:30:18","guid":{"rendered":"https:\/\/grupos.unileon.es\/educacionfinanciera\/?page_id=363"},"modified":"2021-04-14T10:24:53","modified_gmt":"2021-04-14T08:24:53","slug":"contacto","status":"publish","type":"page","link":"https:\/\/grupos.unileon.es\/educacionfinanciera\/contacto\/","title":{"rendered":"Contacto"},"content":{"rendered":"<p><\/p>\n<p><strong>GRUPO DE INNOVACI\u00d3N DOCENTE \u201cEDUCACI\u00d3N FINANCIERA\u201d<\/strong><br \/>Mayte Tasc\u00f3n Fern\u00e1ndez<br \/>Universidad de Le\u00f3n<br \/>Facultad de Ciencias Econ\u00f3micas y Empresariales<br \/>Campus de Vegazana s\/n<br \/>24071 LE\u00d3N<\/p>\n<p><\/p>\n<p><\/p>\n<p>Email: <a href=\"mailto:gidef@unileon.es\">gidef@unileon.es<\/a><\/p>\n<p><\/p>\n<p><\/p>\n<figure class=\"wp-block-image size-large\"><img loading=\"lazy\" decoding=\"async\" width=\"1077\" height=\"371\" src=\"https:\/\/grupos.unileon.es\/educacionfinanciera\/files\/2021\/04\/localiza.png\" alt=\"\" class=\"wp-image-366\"\/><\/figure>\n<p><\/p>\n","protected":false},"excerpt":{"rendered":"<p>GRUPO DE INNOVACI\u00d3N DOCENTE \u201cEDUCACI\u00d3N FINANCIERA\u201dMayte Tasc\u00f3n Fern\u00e1ndezUniversidad de Le\u00f3nFacultad de Ciencias Econ\u00f3micas y EmpresarialesCampus de Vegazana s\/n24071 LE\u00d3N Email: gidef@unileon.es<\/p>\n","protected":false},"author":88,"featured_media":0,"parent":0,"menu_order":0,"comment_status":"closed","ping_status":"closed","template":"","meta":{"footnotes":""},"class_list":["post-363","page","type-page","status-publish","hentry"],"_links":{"self":[{"href":"https:\/\/grupos.unileon.es\/educacionfinanciera\/wp-json\/wp\/v2\/pages\/363","targetHints":{"allow":["GET"]}}],"collection":[{"href":"https:\/\/grupos.unileon.es\/educacionfinanciera\/wp-json\/wp\/v2\/pages"}],"about":[{"href":"https:\/\/grupos.unileon.es\/educacionfinanciera\/wp-json\/wp\/v2\/types\/page"}],"author":[{"embeddable":true,"href":"https:\/\/grupos.unileon.es\/educacionfinanciera\/wp-json\/wp\/v2\/users\/88"}],"replies":[{"embeddable":true,"href":"https:\/\/grupos.unileon.es\/educacionfinanciera\/wp-json\/wp\/v2\/comments?post=363"}],"version-history":[{"count":4,"href":"https:\/\/grupos.unileon.es\/educacionfinanciera\/wp-json\/wp\/v2\/pages\/363\/revisions"}],"predecessor-version":[{"id":370,"href":"https:\/\/grupos.unileon.es\/educacionfinanciera\/wp-json\/wp\/v2\/pages\/363\/revisions\/370"}],"wp:attachment":[{"href":"https:\/\/grupos.unileon.es\/educacionfinanciera\/wp-json\/wp\/v2\/media?parent=363"}],"curies":[{"name":"wp","href":"https:\/\/api.w.org\/{rel}","templated":true}]}}