{"id":380,"date":"2021-11-23T09:39:15","date_gmt":"2021-11-23T08:39:15","guid":{"rendered":"https:\/\/grupos.unileon.es\/educacionfinanciera\/?page_id=380"},"modified":"2022-04-28T12:46:25","modified_gmt":"2022-04-28T10:46:25","slug":"noticias-curso-2021-2022","status":"publish","type":"page","link":"https:\/\/grupos.unileon.es\/educacionfinanciera\/noticias-curso-2021-2022\/","title":{"rendered":"Noticias: Curso 2021-2022"},"content":{"rendered":"<p><a href=\"https:\/\/www.lanuevacronica.com\/aprobar-economia-es-un-juego-de-ninos\" target=\"_blank\" rel=\"noopener\">Aprobar Econom\u00eda es un juego de ni\u00f1os<\/a> (<a href=\"https:\/\/drive.google.com\/file\/d\/14SRDm2NncRfbgTaQMwU7g-0_CfPaemgP\/view?usp=sharing\" target=\"_blank\" rel=\"noopener\">PDF<\/a>) (La Nueva Cr\u00f3nica, 21\/11\/2021)<\/p>\n<p><a href=\"https:\/\/www.ahoraleon.com\/proyecto-la-ule-llevara-la-sostenibilidad-economica-la-educacion-secundaria\/\" target=\"_blank\" rel=\"noopener\">Un proyecto de la ULE llevar\u00e1 la sostenibilidad econ\u00f3mica a la educaci\u00f3n secundaria<\/a> (ahora Le\u00f3n, 16\/03\/2022)<\/p>\n<p><a href=\"https:\/\/www.leonoticias.com\/universidad\/proyecto-europeo-llevara-20220316152012-nt.html\" target=\"_blank\" rel=\"noopener\">Un proyecto europeo en la ULE llevar\u00e1 la sostenibilidad a las aulas de Secundaria<\/a> (Leonoticias, 16\/03\/2022)<\/p>\n<p><a href=\"https:\/\/ileon.eldiario.es\/universidad\/127230\/un-proyecto-europeo-de-la-universidad-de-leon-formara-en-temas-de-actualidad-a-profesores-de-economia-de-la-eso\" target=\"_blank\" rel=\"noopener\">Un proyecto europeo de la Universidad de Le\u00f3n formar\u00e1 en temas de actualidad a profesores de Econom\u00eda de la ESO<\/a> (ile\u00f3n, 16\/03\/2022)<\/p>\n<p><a href=\"https:\/\/www.lanuevacronica.com\/la-ule-llevara-la-sostenibilidad-a-las-aulas-de-secundaria\" target=\"_blank\" rel=\"noopener\">La ULE llevar\u00e1 la sostenibilidad a las aulas de Secundaria<\/a> (La Nueva Cr\u00f3nica, 17\/03\/2022)<\/p>\n<p><a href=\"https:\/\/www.diariodeleon.es\/articulo\/leon\/universidad-lleva-claves-economia-ue\/202203170334492202408.html\" target=\"_blank\" rel=\"noopener\">La Universidad lleva a la ESO la claves de la econom\u00eda de la UE<\/a> (Diario de Le\u00f3n, 17\/03\/2022)<\/p>\n<p><a href=\"https:\/\/drive.google.com\/file\/d\/1COfwPVoB3oaP2vADHWkjHlctpB_7Zq5Q\/view?usp=sharing\" target=\"_blank\" rel=\"noopener\">La Universidad lleva a la ESO las claves de la econom\u00eda de la UE<\/a>\u00a0(Diario de Le\u00f3n, 17\/03\/2022)<\/p>\n<p><a href=\"https:\/\/drive.google.com\/file\/d\/1CKt67R94gea5UmMoDcQRyuh-1P_h1KdA\/view?usp=sharing\" target=\"_blank\" rel=\"noopener\">Un proyecto europeo de la ULE llevar\u00e1 la sostenibilidad a las clases de Secundaria<\/a> (La Nueva Cr\u00f3nica, 18\/03\/2022)<\/p>\n","protected":false},"excerpt":{"rendered":"<p>Aprobar Econom\u00eda es un juego de ni\u00f1os (PDF) (La Nueva Cr\u00f3nica, 21\/11\/2021) Un proyecto de la ULE llevar\u00e1 la sostenibilidad econ\u00f3mica a la educaci\u00f3n secundaria (ahora Le\u00f3n, 16\/03\/2022) Un proyecto europeo en la ULE llevar\u00e1 la sostenibilidad a las aulas de Secundaria (Leonoticias, 16\/03\/2022) Un proyecto europeo de la Universidad de Le\u00f3n formar\u00e1 en temas [&hellip;]<\/p>\n","protected":false},"author":88,"featured_media":0,"parent":0,"menu_order":0,"comment_status":"closed","ping_status":"closed","template":"","meta":{"footnotes":""},"class_list":["post-380","page","type-page","status-publish","hentry"],"_links":{"self":[{"href":"https:\/\/grupos.unileon.es\/educacionfinanciera\/wp-json\/wp\/v2\/pages\/380","targetHints":{"allow":["GET"]}}],"collection":[{"href":"https:\/\/grupos.unileon.es\/educacionfinanciera\/wp-json\/wp\/v2\/pages"}],"about":[{"href":"https:\/\/grupos.unileon.es\/educacionfinanciera\/wp-json\/wp\/v2\/types\/page"}],"author":[{"embeddable":true,"href":"https:\/\/grupos.unileon.es\/educacionfinanciera\/wp-json\/wp\/v2\/users\/88"}],"replies":[{"embeddable":true,"href":"https:\/\/grupos.unileon.es\/educacionfinanciera\/wp-json\/wp\/v2\/comments?post=380"}],"version-history":[{"count":5,"href":"https:\/\/grupos.unileon.es\/educacionfinanciera\/wp-json\/wp\/v2\/pages\/380\/revisions"}],"predecessor-version":[{"id":383,"href":"https:\/\/grupos.unileon.es\/educacionfinanciera\/wp-json\/wp\/v2\/pages\/380\/revisions\/383"}],"wp:attachment":[{"href":"https:\/\/grupos.unileon.es\/educacionfinanciera\/wp-json\/wp\/v2\/media?parent=380"}],"curies":[{"name":"wp","href":"https:\/\/api.w.org\/{rel}","templated":true}]}}