{"id":43,"date":"2019-11-26T10:50:52","date_gmt":"2019-11-26T09:50:52","guid":{"rendered":"https:\/\/grupos.unileon.es\/educacionfinanciera\/?page_id=43"},"modified":"2025-07-14T12:16:11","modified_gmt":"2025-07-14T10:16:11","slug":"equipo","status":"publish","type":"page","link":"https:\/\/grupos.unileon.es\/educacionfinanciera\/equipo\/","title":{"rendered":"Qui\u00e9nes Somos"},"content":{"rendered":"<p><\/p>\n<h2>MAR\u00cdA TERESA TASC\u00d3N FERN\u00c1NDEZ<\/h2>\n<p><img loading=\"lazy\" decoding=\"async\" class=\"alignnone  wp-image-279\" src=\"https:\/\/grupos.unileon.es\/educacionfinanciera\/files\/2020\/03\/Mayte-1.jpg\" alt=\"\" width=\"113\" height=\"154\" \/><\/p>\n<p>La Dra. Tasc\u00f3n es Catedr\u00e1tica de Universidad en el \u00e1rea de Econom\u00eda Financiera y Contabilidad. Su actividad docente actual se centra en la valoraci\u00f3n de empresas, la gesti\u00f3n de riesgos financieros y la gesti\u00f3n financiera internacional. Es coordinadora de GIDEF, Grupo de Innovaci\u00f3n de Educaci\u00f3n Financiera de la Universidad de Le\u00f3n. Su actividad investigadora actual se centra en la valoraci\u00f3n de empresas, el fracaso empresarial, el <em>market-based accounting research<\/em> y la estructura de capital.<\/p>\n<p><\/p>\n<p><\/p>\n<h2>JAVIER CASTA\u00d1O GUTI\u00c9RREZ<\/h2>\n<p><img loading=\"lazy\" decoding=\"async\" class=\" wp-image-277 alignleft\" src=\"https:\/\/grupos.unileon.es\/educacionfinanciera\/files\/2020\/03\/Javier.jpg\" alt=\"\" width=\"206\" height=\"181\" \/><\/p>\n<p>El Dr. Casta\u00f1o es Profesor Titular de Universidad de Econom\u00eda Financiera y Contabilidad en la Universidad de Le\u00f3n, estando su actividad docente orientada fundamentalmente a la Direcci\u00f3n Financiera y la Banca. Es el promotor GIDEF. Adem\u00e1s cuenta con una dilatada experiencia profesional en la direcci\u00f3n financiera y en la asesor\u00eda especializada en finanzas, contabilidad y fiscalidad. Su actividad investigadora actual se centra en el fracaso empresarial.<\/p>\n<h2>PAULA CASTRO CASTRO<\/h2>\n<p><img loading=\"lazy\" decoding=\"async\" class=\"alignnone wp-image-275\" src=\"https:\/\/grupos.unileon.es\/educacionfinanciera\/files\/2020\/03\/paula.jpg\" alt=\"\" width=\"113\" height=\"113\" \/><\/p>\n<p>La Dra. Castro es Licenciada en Ciencias Empresariales, y en Ciencias Actuariales y Financieras; cuenta con un M\u00e1ster en Investigaci\u00f3n de Mercados y en Finanzas. Actualmente es Profesora Titular en la Universidad de Le\u00f3n, impartiendo las asignaturas de gesti\u00f3n de riesgos, finanzas corporativas o gesti\u00f3n bancaria.<\/p>\n<h2>CRISTINA GUTI\u00c9RREZ L\u00d3PEZ<\/h2>\n<p><img loading=\"lazy\" decoding=\"async\" class=\"alignnone wp-image-514 size-thumbnail\" src=\"https:\/\/grupos.unileon.es\/educacionfinanciera\/files\/2024\/09\/Foto-CGL-1-150x150.jpg\" alt=\"\" width=\"150\" height=\"150\" \/><\/p>\n<p>La Dra. Guti\u00e9rrez-L\u00f3pez es Doctora en Administraci\u00f3n y Direcci\u00f3n de Empresas y Profesor Titular en la Universidad de Le\u00f3n. Su variada actividad docente se ha centrado en materias de contabilidad financiera, an\u00e1lisis contable, contabilidad de costes, contabilidad de entidades de cr\u00e9dito y aseguradoras, y econom\u00eda europea. Sus actividades de investigaci\u00f3n est\u00e1n enfocadas hacia la regulaci\u00f3n, solvencia y gesti\u00f3n de riesgos en el sector financiero, as\u00ed como la contabilidad de gesti\u00f3n en universidades.<\/p>\n<p><\/p>\n<p><\/p>\n<h2>BORJA AMOR TAPIA<\/h2>\n<p><img loading=\"lazy\" decoding=\"async\" class=\"alignnone wp-image-283\" src=\"https:\/\/grupos.unileon.es\/educacionfinanciera\/files\/2020\/03\/BORJA.jpg\" alt=\"\" width=\"119\" height=\"159\" \/><\/p>\n<p>El Dr. Amor Tapia es Profesor Contratado Doctor de Econom\u00eda Financiera y Contabilidad. Su actividad docente se centra en las inversiones financieras y la gesti\u00f3n de carteras. Es miembro de GIDEF, grupo de innovaci\u00f3n educativa de la Universidad de Le\u00f3n. Su actividad investigadora se centra en la valoraci\u00f3n de empresas, <em>market-based accounting research<\/em> y estructura de capital.<\/p>\n<p><\/p>\n<p><\/p>\n<p><\/p>\n<h2>LAURA VALDUNCIEL BUSTOS<\/h2>\n<p><img loading=\"lazy\" decoding=\"async\" class=\"alignnone wp-image-281\" src=\"https:\/\/grupos.unileon.es\/educacionfinanciera\/files\/2020\/03\/Laura.jpg\" alt=\"\" width=\"113\" height=\"113\" \/><\/p>\n<p>Laura Valdunciel Bustos es Licenciada en Ciencias Econ\u00f3micas y Empresariales por la Universidad de Salamanca y cuenta con Suficiencia Investigadora en el Programa de Doctorado \u201cNuevas Tendencias en Direcci\u00f3n de Empresas\u201d de la Universidad de Le\u00f3n. Actualmente es Profesor Colaborador en la Universidad de Le\u00f3n, impartiendo asignaturas de mercados financieros, finanzas internacionales y de seguros. Sus actividades de investigaci\u00f3n est\u00e1n enfocadas a las nuevas tecnolog\u00edas en banca y finanzas.<\/p>\n<h2>ADRI\u00c1N FERRERAS GONZ\u00c1LEZ<\/h2>\n<p><\/p>\n<p><\/p>\n<figure class=\"wp-block-image size-large is-resized\"><img loading=\"lazy\" decoding=\"async\" class=\"alignnone wp-image-510 size-full\" src=\"https:\/\/grupos.unileon.es\/educacionfinanciera\/files\/2024\/09\/IMG_5950-1r.jpg\" alt=\"\" width=\"180\" height=\"202\" \/><\/figure>\n<p><\/p>\n<p><\/p>\n<p>El Dr. Ferreras es Profesor Ayudante en la Universidad de Le\u00f3n, y su actividad docente est\u00e1 orientada a la Direcci\u00f3n Financiera. Su actividad investigadora se centra en el desempe\u00f1o ambiental y la estructura de capital, en el marco de los objetivos de descarbonizaci\u00f3n europeos.<\/p>\n<h2>SARA CORRAL FERN\u00c1NDEZ<\/h2>\n<p><img loading=\"lazy\" decoding=\"async\" class=\"alignnone wp-image-521 size-full\" src=\"https:\/\/grupos.unileon.es\/educacionfinanciera\/files\/2024\/09\/unnamed.jpg\" alt=\"\" width=\"150\" height=\"190\" \/><\/p>\n<p>La Dra. Corral es Profesora Ayudante Doctora en la Universidad de Le\u00f3n, estando su actividad docente orientada a la Operativa Bancaria y a los Mercados Financieros. Su actividad investigadora se centra en el gobierno corporativo y la gesti\u00f3n financiera, con especial atenci\u00f3n a la diversidad de g\u00e9nero.<\/p>\n<h2>LAURA BANGO L\u00d3PEZ<\/h2>\n<p><img loading=\"lazy\" decoding=\"async\" class=\"wp-image-516 size-full\" src=\"https:\/\/grupos.unileon.es\/educacionfinanciera\/files\/2024\/09\/Laura-Bango-Lopez.jpg\" alt=\"\" width=\"100\" height=\"192\" \/><\/p>\n<p>Laura Bango L\u00f3pez es graduada en Comercio Internacional por la Universidad de Le\u00f3n. Posteriormente, estudi\u00f3 el M\u00e1ster en Gesti\u00f3n Financiera y Auditor\u00eda de la Empresa en la Universidad Pompeu Fabra, con el fin de especializarse en el \u00e1rea de conocimiento de mayor inter\u00e9s acad\u00e9mico para ella. Algunos a\u00f1os m\u00e1s tarde, volvi\u00f3 a la Universidad de Le\u00f3n para cursar el M\u00e1ster en Formaci\u00f3n de Profesorado de ESO, Bachillerato, FP y Ense\u00f1anza de Idiomas y as\u00ed orientar su carrera profesional hacia la docencia, una de sus principales vocaciones. Actualmente se encuentra estudiando el M\u00e1ster de Investigaci\u00f3n en Administraci\u00f3n y Econom\u00eda de la Empresa en la Universidad de Salamanca, lo que le permitir\u00e1 doctorarse en el futuro. Adem\u00e1s, imparte docencia como Ayudante del \u00e1rea de Econom\u00eda Financiera y Contabilidad en la asignatura de An\u00e1lisis de los Estados Financieros.<\/p>\n<p><\/p>\n<p><\/p>\n<p><\/p>\n<h2>MARIA LOURDES VILLA DIEZ<\/h2>\n<p><img loading=\"lazy\" decoding=\"async\" class=\"alignnone wp-image-391 \" src=\"https:\/\/grupos.unileon.es\/educacionfinanciera\/files\/2021\/12\/1640168011251.jpg\" alt=\"\" width=\"112\" height=\"124\" \/><\/p>\n<p>Lourdes Villa es Licenciada en Administraci\u00f3n y Direcci\u00f3n de Empresas, M\u00e1ster en Finanzas por la Universidad de Le\u00f3n y M\u00e1ster en Direcci\u00f3n de Empresas en entornos del conocimiento por la Universidad Abierta de Catalu\u00f1a. Su actividad docente se centra actualmente en materias de contabilidad financiera, fondos de pensiones. Adem\u00e1s es profesora de Econom\u00eda de Ense\u00f1anza Secundaria de la Junta de Castilla y Le\u00f3n.<\/p>\n<p>Su trayectoria profesional incluye 19 a\u00f1os (hasta marzo\/2019) en el sector bancario, de los cuales 17 los dedic\u00f3 a la auditor\u00eda interna y la coordinaci\u00f3n de algunos grupos, especializ\u00e1ndose en empresas del grupo, regulaci\u00f3n y riesgos, tanto de cr\u00e9dito como de Basilea, as\u00ed como MiFID.<\/p>\n<p><\/p>\n<p><\/p>\n<p><\/p>\n<h2>JUAN GUERRERO CALDER\u00d3N<\/h2>\n<p><img loading=\"lazy\" decoding=\"async\" class=\"alignnone wp-image-509 size-thumbnail\" src=\"https:\/\/grupos.unileon.es\/educacionfinanciera\/files\/2024\/09\/1724075231567-150x150.jpg\" alt=\"\" width=\"150\" height=\"150\" srcset=\"https:\/\/grupos.unileon.es\/educacionfinanciera\/files\/2024\/09\/1724075231567-150x150.jpg 150w, https:\/\/grupos.unileon.es\/educacionfinanciera\/files\/2024\/09\/1724075231567-300x300.jpg 300w, https:\/\/grupos.unileon.es\/educacionfinanciera\/files\/2024\/09\/1724075231567.jpg 551w\" sizes=\"auto, (max-width: 150px) 100vw, 150px\" \/><\/p>\n<p>Juan Guerrero Calder\u00f3n es profesor sustituto y doctorando en Econom\u00eda Financiera y Contabilidad. Graduado en Administraci\u00f3n y Direcci\u00f3n de Empresas, cuenta con un m\u00e1ster en Formaci\u00f3n de Profesorado de ESO, Bachillerato, FP y Ense\u00f1anza de Idiomas y con otro en Investigaci\u00f3n en Administraci\u00f3n y Econom\u00eda de la Empresa. Su actividad docente se centra en finanzas internacionales, mientras que su investigaci\u00f3n est\u00e1 vinculada al sector energ\u00e9tico.<\/p>\n<p>&nbsp;<\/p>\n<p>&nbsp;<\/p>\n<p><\/p>\n","protected":false},"excerpt":{"rendered":"<p>MAR\u00cdA TERESA TASC\u00d3N FERN\u00c1NDEZ La Dra. Tasc\u00f3n es Catedr\u00e1tica de Universidad en el \u00e1rea de Econom\u00eda Financiera y Contabilidad. Su actividad docente actual se centra en la valoraci\u00f3n de empresas, la gesti\u00f3n de riesgos financieros y la gesti\u00f3n financiera internacional. Es coordinadora de GIDEF, Grupo de Innovaci\u00f3n de Educaci\u00f3n Financiera de la Universidad de Le\u00f3n. [&hellip;]<\/p>\n","protected":false},"author":88,"featured_media":0,"parent":0,"menu_order":0,"comment_status":"closed","ping_status":"closed","template":"","meta":{"footnotes":""},"class_list":["post-43","page","type-page","status-publish","hentry"],"_links":{"self":[{"href":"https:\/\/grupos.unileon.es\/educacionfinanciera\/wp-json\/wp\/v2\/pages\/43","targetHints":{"allow":["GET"]}}],"collection":[{"href":"https:\/\/grupos.unileon.es\/educacionfinanciera\/wp-json\/wp\/v2\/pages"}],"about":[{"href":"https:\/\/grupos.unileon.es\/educacionfinanciera\/wp-json\/wp\/v2\/types\/page"}],"author":[{"embeddable":true,"href":"https:\/\/grupos.unileon.es\/educacionfinanciera\/wp-json\/wp\/v2\/users\/88"}],"replies":[{"embeddable":true,"href":"https:\/\/grupos.unileon.es\/educacionfinanciera\/wp-json\/wp\/v2\/comments?post=43"}],"version-history":[{"count":25,"href":"https:\/\/grupos.unileon.es\/educacionfinanciera\/wp-json\/wp\/v2\/pages\/43\/revisions"}],"predecessor-version":[{"id":563,"href":"https:\/\/grupos.unileon.es\/educacionfinanciera\/wp-json\/wp\/v2\/pages\/43\/revisions\/563"}],"wp:attachment":[{"href":"https:\/\/grupos.unileon.es\/educacionfinanciera\/wp-json\/wp\/v2\/media?parent=43"}],"curies":[{"name":"wp","href":"https:\/\/api.w.org\/{rel}","templated":true}]}}