{"id":451,"date":"2022-10-11T09:45:24","date_gmt":"2022-10-11T07:45:24","guid":{"rendered":"https:\/\/grupos.unileon.es\/educacionfinanciera\/?page_id=451"},"modified":"2022-11-10T16:33:02","modified_gmt":"2022-11-10T15:33:02","slug":"noticias-curso-2022-2023","status":"publish","type":"page","link":"https:\/\/grupos.unileon.es\/educacionfinanciera\/noticias-curso-2022-2023\/","title":{"rendered":"Noticias: Curso 2022-2023"},"content":{"rendered":"<p><a href=\"https:\/\/www.europapress.es\/economia\/finanzas-00340\/noticia-asociaciones-bancarias-universidad-leon-premiados-plan-educacion-financiera-20220928114147.html\">Las asociaciones bancarias y la Universidad de Le\u00f3n, premiadospor el Plan de Educaci\u00f3n Financiera<\/a> (Europa Press, 28\/09\/2022)<\/p>\n<p><a href=\"https:\/\/fundspeople.com\/es\/fuera-de-la-oficina\/aeb-ceca-unac-y-la-universidad-de-leon-premios-finanzas-para-todos-del-plan-de-educacion-financiera-2021\/\">AEB, CECA, UNAC y la Universidad de Le\u00f3n, premios Finanzas para Todos del Plan de Educaci\u00f3n Financiera 2021<\/a> (FundsPeople, 28\/09\/2022)<\/p>\n<p><a href=\"https:\/\/www.eleconomista.es\/ecoaula\/noticias\/11965238\/09\/22\/Las-asociaciones-bancarias-y-la-Universidad-de-Leon-premiados-por-el-Plan-de-Educacion-Financiera.html\">Las asociaciones bancarias y la Universidad de Le\u00f3n, premiados por el Plan de Educaci\u00f3n Financiera<\/a> (El Economista, 28\/9\/2022)<\/p>\n<p><a href=\"https:\/\/www.lavanguardia.com\/economia\/20220928\/8546472\/patronales-bancarias-universidad-leon-ganan-premios-finanzas-todos.html\">Las patronales bancarias y la Universidad de Le\u00f3n ganan los premios &#8216;Finanzas para Todos&#8217;<\/a> (La Vanguardia, 28\/09\/2022)<\/p>\n<p><a href=\"https:\/\/www.servimedia.es\/noticias\/patronales-bancarias-universidad-leon-ganan-premios-finanzas-para-todos\/3465209\">Las patronales bancarias y la Universidad de Le\u00f3n ganan los premios &#8216;Finanzas para Todos&#8217;<\/a> (Servimedia, 28\/09\/2022)<\/p>\n<p><a href=\"https:\/\/valenciaplaza.com\/aeb-ceca-unacc-universidad-de-leon-premiados-plan-educacion-financiera\">AEB, CECA, UNACC y la Universidad de Le\u00f3n,premiados por el Plan de Educaci\u00f3n Financiera<\/a> (ValenciaPlaza, 28\/09\/2022)<\/p>\n<p><a href=\"https:\/\/www.unileon.es\/noticias\/la-universidad-de-leon-reconocida-con-el-premio-finanzas-para-todos-2022\">La Universidad de Le\u00f3n reconocida con el Premio Finanzas para Todos 2022<\/a> (unileon, 29\/09\/2022)<\/p>\n<p><a href=\"https:\/\/www.leonoticias.com\/universidad\/universidad-leon-reconocida-20220929141325-nt.html\">La Universidad de Le\u00f3n, reconocida con el premio &#8216;Finanzas para Todos&#8217; 2022<\/a> (Leonoticias, 29\/09\/2022)<\/p>\n<p><a href=\"https:\/\/ileon.eldiario.es\/universidad\/universidad-leon-recibe-premio-iniciativa-educativa-rama-financiera_1_9582049.html\">La Universidad de Le\u00f3n recibe un premio por una iniciativa educativa en la rama financiera<\/a> (ile\u00f3n, 29\/09\/2022)<\/p>\n<p><a href=\"https:\/\/www.diariodeleon.es\/articulo\/leon\/ule-galardonada-prestigioso-finanzas-todos\/202210030333342263413.html\">La ULE, galardonada con el prestigioso Finanzas para Todos<\/a> (Diario de Le\u00f3n, 03\/10\/2022)<\/p>\n<p><a href=\"https:\/\/fundspeople.com\/es\/si-te-van-a-vender-duros-a-cuatro-pesetas-desconfia\/\">Si te van a vender duros a cuatro pesetas&#8230; \u00a1Desconf\u00eda!<\/a> (FundsPeople, 03\/10\/2022)<\/p>\n<p><a href=\"https:\/\/www.diariodeleon.es\/articulo\/leon\/ule-llevara-colegios-claves-economia-luchar-leon-vacio\/202210230333332269420.html\" target=\"_blank\" rel=\"noopener\">La ULE llevar\u00e1 a los colegios las claves de econom\u00eda para luchar contra el Le\u00f3n vac\u00edo<\/a> (Diario de Le\u00f3n, 23\/10\/2022)<\/p>\n<p><a href=\"https:\/\/www.abc.es\/espana\/castilla-leon\/juego-mesa-correr-riesgos-20221109141754-nt.html\">Un juego de mesa para no correr riesgos<\/a> (ABC, 09\/11\/2022)<\/p>\n<p>&nbsp;<\/p>\n","protected":false},"excerpt":{"rendered":"<p>Las asociaciones bancarias y la Universidad de Le\u00f3n, premiadospor el Plan de Educaci\u00f3n Financiera (Europa Press, 28\/09\/2022) AEB, CECA, UNAC y la Universidad de Le\u00f3n, premios Finanzas para Todos del Plan de Educaci\u00f3n Financiera 2021 (FundsPeople, 28\/09\/2022) Las asociaciones bancarias y la Universidad de Le\u00f3n, premiados por el Plan de Educaci\u00f3n Financiera (El Economista, 28\/9\/2022) [&hellip;]<\/p>\n","protected":false},"author":88,"featured_media":0,"parent":0,"menu_order":0,"comment_status":"closed","ping_status":"closed","template":"","meta":{"footnotes":""},"class_list":["post-451","page","type-page","status-publish","hentry"],"_links":{"self":[{"href":"https:\/\/grupos.unileon.es\/educacionfinanciera\/wp-json\/wp\/v2\/pages\/451","targetHints":{"allow":["GET"]}}],"collection":[{"href":"https:\/\/grupos.unileon.es\/educacionfinanciera\/wp-json\/wp\/v2\/pages"}],"about":[{"href":"https:\/\/grupos.unileon.es\/educacionfinanciera\/wp-json\/wp\/v2\/types\/page"}],"author":[{"embeddable":true,"href":"https:\/\/grupos.unileon.es\/educacionfinanciera\/wp-json\/wp\/v2\/users\/88"}],"replies":[{"embeddable":true,"href":"https:\/\/grupos.unileon.es\/educacionfinanciera\/wp-json\/wp\/v2\/comments?post=451"}],"version-history":[{"count":6,"href":"https:\/\/grupos.unileon.es\/educacionfinanciera\/wp-json\/wp\/v2\/pages\/451\/revisions"}],"predecessor-version":[{"id":475,"href":"https:\/\/grupos.unileon.es\/educacionfinanciera\/wp-json\/wp\/v2\/pages\/451\/revisions\/475"}],"wp:attachment":[{"href":"https:\/\/grupos.unileon.es\/educacionfinanciera\/wp-json\/wp\/v2\/media?parent=451"}],"curies":[{"name":"wp","href":"https:\/\/api.w.org\/{rel}","templated":true}]}}