{"id":460,"date":"2022-10-11T15:12:59","date_gmt":"2022-10-11T13:12:59","guid":{"rendered":"https:\/\/grupos.unileon.es\/educacionfinanciera\/?page_id=460"},"modified":"2024-10-09T12:58:09","modified_gmt":"2024-10-09T10:58:09","slug":"innovacion-docente","status":"publish","type":"page","link":"https:\/\/grupos.unileon.es\/educacionfinanciera\/innovacion-docente\/","title":{"rendered":"Innovaci\u00f3n docente"},"content":{"rendered":"<h2>Universidad de Le\u00f3n<\/h2>\n<ul>\n<li>2015 Educaci\u00f3n financiera adultos y ni\u00f1os. Simulador bancario<\/li>\n<li>2016 Educaci\u00f3n financiera para todos<\/li>\n<li>2017 Educaci\u00f3n financiera=[Juego+(Plataforma bancaria)Blog]<\/li>\n<li>2018 Educaci\u00f3n financiera para adultos. Proyecto intergeneracional<\/li>\n<li>2019 <a href=\"https:\/\/grupos.unileon.es\/educacionfinanciera\/juegos-crea-tu-billete\/\" target=\"_blank\" rel=\"noopener\">\u201cCrea tu billete\u201d. El juego de la educaci\u00f3n financiera<\/a><\/li>\n<li>2020 <a href=\"https:\/\/www.youtube.com\/channel\/UCjM6LeN9eAWk_LjPLyPKaTA?view_as=subscriber\" target=\"_blank\" rel=\"noopener\">Operativa bancaria en Excel<\/a><\/li>\n<li>2021 <a href=\"https:\/\/drive.google.com\/file\/d\/16bSWmdBtyPKN9YdT4zZin8_TRKdHsrv7\/view?usp=sharing\" target=\"_blank\" rel=\"noopener\">Calendario de educaci\u00f3n financiera 2022<\/a><\/li>\n<li>2022 El cuaderno de las finanzas divertidas<\/li>\n<li>2022-2024 Educaci\u00f3n financiera y valores europeos: de la universidad a la sociedad<\/li>\n<\/ul>\n","protected":false},"excerpt":{"rendered":"<p>Universidad de Le\u00f3n 2015 Educaci\u00f3n financiera adultos y ni\u00f1os. Simulador bancario 2016 Educaci\u00f3n financiera para todos 2017 Educaci\u00f3n financiera=[Juego+(Plataforma bancaria)Blog] 2018 Educaci\u00f3n financiera para adultos. Proyecto intergeneracional 2019 \u201cCrea tu billete\u201d. El juego de la educaci\u00f3n financiera 2020 Operativa bancaria en Excel 2021 Calendario de educaci\u00f3n financiera 2022 2022 El cuaderno de las finanzas divertidas [&hellip;]<\/p>\n","protected":false},"author":88,"featured_media":0,"parent":0,"menu_order":0,"comment_status":"closed","ping_status":"closed","template":"","meta":{"footnotes":""},"class_list":["post-460","page","type-page","status-publish","hentry"],"_links":{"self":[{"href":"https:\/\/grupos.unileon.es\/educacionfinanciera\/wp-json\/wp\/v2\/pages\/460","targetHints":{"allow":["GET"]}}],"collection":[{"href":"https:\/\/grupos.unileon.es\/educacionfinanciera\/wp-json\/wp\/v2\/pages"}],"about":[{"href":"https:\/\/grupos.unileon.es\/educacionfinanciera\/wp-json\/wp\/v2\/types\/page"}],"author":[{"embeddable":true,"href":"https:\/\/grupos.unileon.es\/educacionfinanciera\/wp-json\/wp\/v2\/users\/88"}],"replies":[{"embeddable":true,"href":"https:\/\/grupos.unileon.es\/educacionfinanciera\/wp-json\/wp\/v2\/comments?post=460"}],"version-history":[{"count":7,"href":"https:\/\/grupos.unileon.es\/educacionfinanciera\/wp-json\/wp\/v2\/pages\/460\/revisions"}],"predecessor-version":[{"id":528,"href":"https:\/\/grupos.unileon.es\/educacionfinanciera\/wp-json\/wp\/v2\/pages\/460\/revisions\/528"}],"wp:attachment":[{"href":"https:\/\/grupos.unileon.es\/educacionfinanciera\/wp-json\/wp\/v2\/media?parent=460"}],"curies":[{"name":"wp","href":"https:\/\/api.w.org\/{rel}","templated":true}]}}