{"id":565,"date":"2025-07-28T19:17:37","date_gmt":"2025-07-28T17:17:37","guid":{"rendered":"https:\/\/grupos.unileon.es\/educacionfinanciera\/?page_id=565"},"modified":"2025-12-01T10:30:48","modified_gmt":"2025-12-01T09:30:48","slug":"libros","status":"publish","type":"page","link":"https:\/\/grupos.unileon.es\/educacionfinanciera\/libros\/","title":{"rendered":"libros"},"content":{"rendered":"<h1>Colecci\u00f3n Creaciones Literarias<\/h1>\n<p>T\u00edtulo: <a href=\"https:\/\/publicaciones.unileon.es\/product\/el-profesor-thriller-financiero\/\">El profesor (Thriller financiero)\u00a0<\/a><br \/>\n[Serie Pecus, 1]<br \/>\nAutor: Javier Casta\u00f1o<br \/>\nA\u00f1o: 2024<br \/>\nISBN: 978-84-19682-62-8<\/p>\n<blockquote><p>El asesinato de Luc\u00eda, una alumna universitaria, desbarata la tranquila existencia de Ezequiel su profesor que entre clase y clase va descubriendo que su alumna ten\u00eda m\u00e1s perfiles de los que ve\u00eda en ella a la vez que imparte educaci\u00f3n financiera. El mundo universitario se entrecruza con la investigaci\u00f3n policial. La subinspectora Aurora Escribano intentar\u00e1 descubrir al autor de la muerte de Luc\u00eda mientras se describe el ambiente y la gesti\u00f3n universitaria y vamos aprendiendo conceptos y relaciones financieras indispensables en el d\u00eda a d\u00eda.<br \/>\nNovela de intriga y divulgaci\u00f3n financiera en una combinaci\u00f3n sin precedentes.<\/p><\/blockquote>\n<hr \/>\n<p>&nbsp;<\/p>\n<p>T\u00edtulo: <a href=\"https:\/\/publicaciones.unileon.es\/product\/la-inspectora-suspense-contable\/\">La inspectora (suspense contable)<\/a><br \/>\n[Serie Pecus, 2]<br \/>\nAutor: Javier Casta\u00f1o<br \/>\nA\u00f1o: 2025<br \/>\nISBN: 979-13-87583-15-6<\/p>\n<blockquote><p>Aurora Escribano se enfrenta a su primer caso como inspectora de polic\u00eda. La muerte violenta de Miguel Ventura en su propia empresa centra la investigaci\u00f3n en el c\u00edrculo m\u00e1s \u00edntimo del empresario y en sus trabajadores. El dinero y el poder de la familia del empresario intentar\u00e1 influir en la resoluci\u00f3n del caso para saber qu\u00e9 pas\u00f3 en Ventura Creaciones en plena Semana Santa. El compa\u00f1ero sentimental de la polic\u00eda, profesor universitario, ir\u00e1 explicando los conceptos contables que Aurora no domina y que ir\u00e1n apareciendo a lo largo de la novela. Las relaciones sentimentales, personales y sociales se entrecruzan con la investigaci\u00f3n policial en un juego entre la educaci\u00f3n y conocer la verdad.<br \/>\nNo te pierdas esta novela donde el misterio te mantiene pegado a las p\u00e1ginas mientas se van destilando conceptos b\u00e1sicos de contabilidad.<br \/>\nUna nueva novela negra did\u00e1ctica muy entretenida de la serie \u201cPecus\u201d.<\/p><\/blockquote>\n<hr \/>\n<p>&nbsp;<\/p>\n<p>&nbsp;<\/p>\n","protected":false},"excerpt":{"rendered":"<p>Colecci\u00f3n Creaciones Literarias T\u00edtulo: El profesor (Thriller financiero)\u00a0 [Serie Pecus, 1] Autor: Javier Casta\u00f1o A\u00f1o: 2024 ISBN: 978-84-19682-62-8 El asesinato de Luc\u00eda, una alumna universitaria, desbarata la tranquila existencia de Ezequiel su profesor que entre clase y clase va descubriendo que su alumna ten\u00eda m\u00e1s perfiles de los que ve\u00eda en ella a la vez [&hellip;]<\/p>\n","protected":false},"author":88,"featured_media":0,"parent":0,"menu_order":0,"comment_status":"closed","ping_status":"closed","template":"","meta":{"footnotes":""},"class_list":["post-565","page","type-page","status-publish","hentry"],"_links":{"self":[{"href":"https:\/\/grupos.unileon.es\/educacionfinanciera\/wp-json\/wp\/v2\/pages\/565","targetHints":{"allow":["GET"]}}],"collection":[{"href":"https:\/\/grupos.unileon.es\/educacionfinanciera\/wp-json\/wp\/v2\/pages"}],"about":[{"href":"https:\/\/grupos.unileon.es\/educacionfinanciera\/wp-json\/wp\/v2\/types\/page"}],"author":[{"embeddable":true,"href":"https:\/\/grupos.unileon.es\/educacionfinanciera\/wp-json\/wp\/v2\/users\/88"}],"replies":[{"embeddable":true,"href":"https:\/\/grupos.unileon.es\/educacionfinanciera\/wp-json\/wp\/v2\/comments?post=565"}],"version-history":[{"count":4,"href":"https:\/\/grupos.unileon.es\/educacionfinanciera\/wp-json\/wp\/v2\/pages\/565\/revisions"}],"predecessor-version":[{"id":588,"href":"https:\/\/grupos.unileon.es\/educacionfinanciera\/wp-json\/wp\/v2\/pages\/565\/revisions\/588"}],"wp:attachment":[{"href":"https:\/\/grupos.unileon.es\/educacionfinanciera\/wp-json\/wp\/v2\/media?parent=565"}],"curies":[{"name":"wp","href":"https:\/\/api.w.org\/{rel}","templated":true}]}}